{"id":4563,"date":"2025-11-18T07:33:34","date_gmt":"2025-11-18T07:33:34","guid":{"rendered":"https:\/\/mountlaser.com\/?post_type=product&#038;p=4563"},"modified":"2025-11-26T08:38:58","modified_gmt":"2025-11-26T08:38:58","slug":"llb19-line-laser-bracket","status":"publish","type":"product","link":"https:\/\/mountlaser.com\/de\/produkt\/llb19-line-laser-bracket\/","title":{"rendered":"LLB19 Linienlaserhalterung"},"content":{"rendered":"<p>Der <a href=\"https:\/\/mountlaser.com\/de\/\"><strong>360-Grad-Magnethalterung f\u00fcr Laser-Nivellierger\u00e4t<\/strong><\/a> ist ein vielseitiges Montagezubeh\u00f6r, das f\u00fcr die pr\u00e4zise und flexible Installation von Lasern entwickelt wurde. Dank seiner robusten magnetischen L-f\u00f6rmigen Konstruktion gew\u00e4hrleistet es eine sichere Befestigung an Metalloberfl\u00e4chen und beschleunigt und optimiert so die Ausrichtung. <a href=\"https:\/\/mountlaser.com\/de\/about-us\/\"><strong>LLB19 Linienlaser-Hebeplattform<\/strong><\/a> Funktioniert nahtlos mit dieser 360-Grad-Magnethalterung f\u00fcr Laser-Nivellierger\u00e4te und bietet eine stabile H\u00f6henverstellung sowie eine flexible Positionierung f\u00fcr verschiedene Baustellenanforderungen.<\/p>\n<p>Die LLB19 Linienlaser-Hebeplattform mit robuster L-Stab-Halterung mit Magnet und 1\/4\u2033-20-Gewinde unterst\u00fctzt eine Vielzahl von Linienlasern. In Kombination mit der 360\u00b0-Magnethalterung f\u00fcr Laser-Nivellierger\u00e4te erm\u00f6glicht sie eine Positionierung im vollen Winkel, verbesserte Nivelliergenauigkeit und zuverl\u00e4ssige Montage selbst in anspruchsvollen Umgebungen. Das System ist ideal f\u00fcr Bau-, Planungs- und Innenausbauarbeiten und bietet au\u00dfergew\u00f6hnliche Stabilit\u00e4t und einfache Positionierung.<\/p>\n<p><img fetchpriority=\"high\" decoding=\"async\" class=\"aligncenter wp-image-4564\" src=\"https:\/\/mountlaser.com\/wp-content\/uploads\/2025\/11\/WB-19A1.webp\" alt=\"LLB19 360 degree magnetic bracket for laser level\" width=\"500\" height=\"500\" srcset=\"https:\/\/mountlaser.com\/wp-content\/uploads\/2025\/11\/WB-19A1.webp 1000w, https:\/\/mountlaser.com\/wp-content\/uploads\/2025\/11\/WB-19A1-300x300.webp 300w, https:\/\/mountlaser.com\/wp-content\/uploads\/2025\/11\/WB-19A1-400x400.webp 400w, https:\/\/mountlaser.com\/wp-content\/uploads\/2025\/11\/WB-19A1-800x800.webp 800w, https:\/\/mountlaser.com\/wp-content\/uploads\/2025\/11\/WB-19A1-600x600.webp 600w, https:\/\/mountlaser.com\/wp-content\/uploads\/2025\/11\/WB-19A1-150x150.webp 150w, https:\/\/mountlaser.com\/wp-content\/uploads\/2025\/11\/WB-19A1-768x768.webp 768w, https:\/\/mountlaser.com\/wp-content\/uploads\/2025\/11\/WB-19A1-12x12.webp 12w\" sizes=\"(max-width: 500px) 100vw, 500px\" \/><\/p>\n<p>Der <a href=\"https:\/\/mountlaser.com\/de\/products\/\">LLB19 Linienlaser-Hebeplattform<\/a> Die Kombination aus Magnethalterung und Laser-Nivellierger\u00e4t bietet professionellen Anwendern eine komfortable, verstellbare und sichere L\u00f6sung zum sicheren und pr\u00e4zisen Anheben und Positionieren von Laser-Nivellierger\u00e4ten.<\/p>","protected":false},"excerpt":{"rendered":"<ul>\n<li>Erm\u00f6glicht die magnetische 360-Grad-Befestigung auf Metalloberfl\u00e4chen<\/li>\n<li>Unterst\u00fctzt die H\u00f6henverstellung \u00fcber die LLB19 Linienlaser-Hebeplattform<\/li>\n<li>Eine starke magnetische L-f\u00f6rmige Halterung gew\u00e4hrleistet einen festen und stabilen Halt.<\/li>\n<li>Ausgestattet mit einem 1\/4\u2033-20-Gewinde f\u00fcr universelle Laserkompatibilit\u00e4t<\/li>\n<li>Ideal f\u00fcr Bau-, Innenausbau- und Ausrichtungsanwendungen<\/li>\n<\/ul>","protected":false},"featured_media":4564,"comment_status":"open","ping_status":"closed","template":"","meta":[],"product_brand":[],"product_cat":[129,94],"product_tag":[],"class_list":{"0":"post-4563","1":"product","2":"type-product","3":"status-publish","4":"has-post-thumbnail","6":"product_cat-line-laser-bracket","7":"product_cat-laser-level-accessory","9":"first","10":"instock","11":"shipping-taxable","12":"product-type-simple"},"_links":{"self":[{"href":"https:\/\/mountlaser.com\/de\/wp-json\/wp\/v2\/product\/4563","targetHints":{"allow":["GET"]}}],"collection":[{"href":"https:\/\/mountlaser.com\/de\/wp-json\/wp\/v2\/product"}],"about":[{"href":"https:\/\/mountlaser.com\/de\/wp-json\/wp\/v2\/types\/product"}],"replies":[{"embeddable":true,"href":"https:\/\/mountlaser.com\/de\/wp-json\/wp\/v2\/comments?post=4563"}],"wp:featuredmedia":[{"embeddable":true,"href":"https:\/\/mountlaser.com\/de\/wp-json\/wp\/v2\/media\/4564"}],"wp:attachment":[{"href":"https:\/\/mountlaser.com\/de\/wp-json\/wp\/v2\/media?parent=4563"}],"wp:term":[{"taxonomy":"product_brand","embeddable":true,"href":"https:\/\/mountlaser.com\/de\/wp-json\/wp\/v2\/product_brand?post=4563"},{"taxonomy":"product_cat","embeddable":true,"href":"https:\/\/mountlaser.com\/de\/wp-json\/wp\/v2\/product_cat?post=4563"},{"taxonomy":"product_tag","embeddable":true,"href":"https:\/\/mountlaser.com\/de\/wp-json\/wp\/v2\/product_tag?post=4563"}],"curies":[{"name":"wp","href":"https:\/\/api.w.org\/{rel}","templated":true}]}}