{"id":4548,"date":"2025-11-18T03:08:35","date_gmt":"2025-11-18T03:08:35","guid":{"rendered":"https:\/\/mountlaser.com\/?post_type=product&#038;p=4548"},"modified":"2025-11-26T08:40:58","modified_gmt":"2025-11-26T08:40:58","slug":"llb06-line-laser-bracket-2","status":"publish","type":"product","link":"https:\/\/mountlaser.com\/de\/produkt\/llb06-line-laser-bracket-2\/","title":{"rendered":"LLB06 Linienlaserhalterung"},"content":{"rendered":"<p>Der <a href=\"https:\/\/mountlaser.com\/de\/products\/\"><strong>LLB06 Linienlaser-Hebeplattform<\/strong><\/a> ist vielseitig <a href=\"https:\/\/mountlaser.com\/de\/\"><strong>verstellbare Winkelhalterung<\/strong><\/a> Die LLB06 Linienlaser-Hebeplattform wurde f\u00fcr maximale Positionierungsflexibilit\u00e4t bei einer Vielzahl von Laser-Nivellieranwendungen entwickelt. Dank ihres starken Magnetfu\u00dfes gew\u00e4hrleistet sie eine sichere Befestigung an Metalloberfl\u00e4chen und erm\u00f6glicht so stabiles Nivellieren, Ausrichten und Abstecken.<\/p>\n<p>Diese f\u00fcr professionelle Genauigkeit entwickelte, verstellbare Winkelhalterung unterst\u00fctzt Arbeitswinkel von 0\u00b0 bis 90\u00b0 und erm\u00f6glicht so eine pr\u00e4zise Positionierung selbst in komplexen oder beengten Bereichen. Die LLB06 Linienlaser-Hebeplattform enth\u00e4lt zudem sowohl einen 1\/4\u2033-20- als auch einen 5\/8\u2033-11-Adapter und ist somit mit den meisten handels\u00fcblichen Laser-Nivellierger\u00e4ten kompatibel.<\/p>\n<p><img fetchpriority=\"high\" decoding=\"async\" class=\"aligncenter wp-image-4549\" src=\"https:\/\/mountlaser.com\/wp-content\/uploads\/2025\/11\/WB-061.webp\" alt=\"LLB06 Line Laser Lifting Platform\" width=\"500\" height=\"500\" srcset=\"https:\/\/mountlaser.com\/wp-content\/uploads\/2025\/11\/WB-061.webp 1000w, https:\/\/mountlaser.com\/wp-content\/uploads\/2025\/11\/WB-061-300x300.webp 300w, https:\/\/mountlaser.com\/wp-content\/uploads\/2025\/11\/WB-061-400x400.webp 400w, https:\/\/mountlaser.com\/wp-content\/uploads\/2025\/11\/WB-061-800x800.webp 800w, https:\/\/mountlaser.com\/wp-content\/uploads\/2025\/11\/WB-061-600x600.webp 600w, https:\/\/mountlaser.com\/wp-content\/uploads\/2025\/11\/WB-061-150x150.webp 150w, https:\/\/mountlaser.com\/wp-content\/uploads\/2025\/11\/WB-061-768x768.webp 768w, https:\/\/mountlaser.com\/wp-content\/uploads\/2025\/11\/WB-061-12x12.webp 12w\" sizes=\"(max-width: 500px) 100vw, 500px\" \/><\/p>\n<p>Diese robuste, stabile und einfach zu bedienende Winkelhalterung ist ideal f\u00fcr Bau-, Renovierungs- und Innenausbauprofis, die zuverl\u00e4ssige Befestigungsl\u00f6sungen f\u00fcr ihre Laserger\u00e4te ben\u00f6tigen. Ob an W\u00e4nden, S\u00e4ulen oder Metallrahmen \u2013 diese Halterung bietet sicheren Halt. <a href=\"https:\/\/mountlaser.com\/de\/contact-us\/\">LLB06 Linienlaser-Hebeplattform<\/a> bietet gleichbleibende Leistung und hohe Anpassungsf\u00e4higkeit.<\/p>","protected":false},"excerpt":{"rendered":"<ul>\n<li>Erm\u00f6glicht eine flexible Positionierung des Laserwerkzeugs mit einem einstellbaren Winkel von 0\u00b0\u201390\u00b0.<\/li>\n<li>Starker Magnetfu\u00df zur sicheren Befestigung auf Metalloberfl\u00e4chen<\/li>\n<li>Kompatibel mit den meisten Laser-Nivellierger\u00e4ten \u00fcber 1\/4\u2033-20- und 5\/8\u2033-11-Adapter.<\/li>\n<li>Unterst\u00fctzt pr\u00e4zise Ausrichtungs-, Layout- und Nivellierungsaufgaben<\/li>\n<li>Die robuste Konstruktion gew\u00e4hrleistet eine stabile und gleichbleibende Leistung.<\/li>\n<\/ul>","protected":false},"featured_media":4549,"comment_status":"open","ping_status":"closed","template":"","meta":[],"product_brand":[],"product_cat":[94,129],"product_tag":[],"class_list":{"0":"post-4548","1":"product","2":"type-product","3":"status-publish","4":"has-post-thumbnail","6":"product_cat-laser-level-accessory","7":"product_cat-line-laser-bracket","9":"first","10":"instock","11":"shipping-taxable","12":"product-type-simple"},"_links":{"self":[{"href":"https:\/\/mountlaser.com\/de\/wp-json\/wp\/v2\/product\/4548","targetHints":{"allow":["GET"]}}],"collection":[{"href":"https:\/\/mountlaser.com\/de\/wp-json\/wp\/v2\/product"}],"about":[{"href":"https:\/\/mountlaser.com\/de\/wp-json\/wp\/v2\/types\/product"}],"replies":[{"embeddable":true,"href":"https:\/\/mountlaser.com\/de\/wp-json\/wp\/v2\/comments?post=4548"}],"wp:featuredmedia":[{"embeddable":true,"href":"https:\/\/mountlaser.com\/de\/wp-json\/wp\/v2\/media\/4549"}],"wp:attachment":[{"href":"https:\/\/mountlaser.com\/de\/wp-json\/wp\/v2\/media?parent=4548"}],"wp:term":[{"taxonomy":"product_brand","embeddable":true,"href":"https:\/\/mountlaser.com\/de\/wp-json\/wp\/v2\/product_brand?post=4548"},{"taxonomy":"product_cat","embeddable":true,"href":"https:\/\/mountlaser.com\/de\/wp-json\/wp\/v2\/product_cat?post=4548"},{"taxonomy":"product_tag","embeddable":true,"href":"https:\/\/mountlaser.com\/de\/wp-json\/wp\/v2\/product_tag?post=4548"}],"curies":[{"name":"wp","href":"https:\/\/api.w.org\/{rel}","templated":true}]}}