{"id":4524,"date":"2025-11-18T01:31:54","date_gmt":"2025-11-18T01:31:54","guid":{"rendered":"https:\/\/mountlaser.com\/?post_type=product&#038;p=4524"},"modified":"2025-11-26T08:46:28","modified_gmt":"2025-11-26T08:46:28","slug":"alp02-line-laser-lifting-platform","status":"publish","type":"product","link":"https:\/\/mountlaser.com\/de\/produkt\/alp02-line-laser-lifting-platform\/","title":{"rendered":"ALP02 Linienlaser-Hebeplattform"},"content":{"rendered":"<p>Das ALP02 ist ein robustes und pr\u00e4zisionsgefertigtes Ger\u00e4t. <a href=\"https:\/\/mountlaser.com\/de\/\"><strong>Laborheber<\/strong> <\/a>Dieser Laborst\u00e4nder wurde entwickelt, um die H\u00f6he von Laserger\u00e4ten f\u00fcr pr\u00e4zise Ausrichtungsarbeiten zu erh\u00f6hen und feinjustieren. Gefertigt aus hochwertigem Aluminium und ausgestattet mit einer Schutzauflage, bietet er einen stabilen und kratzfreien Halt f\u00fcr empfindliche Laserinstrumente. Dank seines leichtg\u00e4ngigen Hebemechanismus l\u00e4sst er sich m\u00fchelos anheben und ausrichten. <a href=\"https:\/\/mountlaser.com\/de\/about-us\/\"><strong>Verstellbare Laser-Nivellierplattform<\/strong><\/a> Erm\u00f6glicht dem Benutzer, m\u00fchelos pr\u00e4zise H\u00f6henver\u00e4nderungen vorzunehmen und so eine optimale Positionierung f\u00fcr Layout-, Nivellierungs- und Messaufgaben zu gew\u00e4hrleisten.<\/p>\n<p>Mit einer Arbeitsh\u00f6he von 90 mm bietet die verstellbare Laser-Nivellierplattform hervorragende Einstellm\u00f6glichkeiten f\u00fcr Projekte im Innen- und Au\u00dfenbereich. Ob im Bauwesen, bei Renovierungen oder im Innenausbau \u2013 dieser Laborst\u00e4nder gew\u00e4hrleistet zuverl\u00e4ssige Leistung und wiederholgenaue Pr\u00e4zision. Seine robuste Bauweise und die rutschfeste Oberfl\u00e4che machen ihn zum idealen Zubeh\u00f6r f\u00fcr Profis, die auf jeder Baustelle eine pr\u00e4zise Laser-H\u00f6henkontrolle ben\u00f6tigen.<\/p>\n<p><img fetchpriority=\"high\" decoding=\"async\" class=\"aligncenter wp-image-4529\" src=\"https:\/\/mountlaser.com\/wp-content\/uploads\/2025\/11\/APL025.webp\" alt=\"ALP02 Lab Jack Stand\" width=\"500\" height=\"500\" srcset=\"https:\/\/mountlaser.com\/wp-content\/uploads\/2025\/11\/APL025.webp 1000w, https:\/\/mountlaser.com\/wp-content\/uploads\/2025\/11\/APL025-300x300.webp 300w, https:\/\/mountlaser.com\/wp-content\/uploads\/2025\/11\/APL025-400x400.webp 400w, https:\/\/mountlaser.com\/wp-content\/uploads\/2025\/11\/APL025-800x800.webp 800w, https:\/\/mountlaser.com\/wp-content\/uploads\/2025\/11\/APL025-600x600.webp 600w, https:\/\/mountlaser.com\/wp-content\/uploads\/2025\/11\/APL025-150x150.webp 150w, https:\/\/mountlaser.com\/wp-content\/uploads\/2025\/11\/APL025-768x768.webp 768w, https:\/\/mountlaser.com\/wp-content\/uploads\/2025\/11\/APL025-12x12.webp 12w\" sizes=\"(max-width: 500px) 100vw, 500px\" \/><\/p>\n<p>Die Hebeplattform f\u00fcr die Justierung des Laser-Nivellierger\u00e4ts wurde f\u00fcr Einfachheit, Langlebigkeit und Pr\u00e4zision entwickelt und optimiert so die Arbeitsabl\u00e4ufe. <a href=\"https:\/\/mountlaser.com\/de\/products\/\">Laser-Niveau<\/a> bleibt w\u00e4hrend des Betriebs stabil und perfekt ausgerichtet.<\/p>","protected":false},"excerpt":{"rendered":"<ul>\n<li>Die Aluminiumkonstruktion gew\u00e4hrleistet Festigkeit, Stabilit\u00e4t und lange Lebensdauer.<\/li>\n<li>Die Schutzmatte verhindert ein Verrutschen und sch\u00fctzt Laserinstrumente.<\/li>\n<li>Feste Arbeitsh\u00f6he von 90 mm mit stufenloser Hubsteuerung<\/li>\n<li>Geeignet f\u00fcr Bauwesen, Innenausbau, Vermessung und den professionellen Baustelleneinsatz.<\/li>\n<\/ul>","protected":false},"featured_media":4525,"comment_status":"open","ping_status":"closed","template":"","meta":[],"product_brand":[],"product_cat":[128,94],"product_tag":[],"class_list":{"0":"post-4524","1":"product","2":"type-product","3":"status-publish","4":"has-post-thumbnail","6":"product_cat-line-laser-lifting-platform","7":"product_cat-laser-level-accessory","9":"first","10":"instock","11":"shipping-taxable","12":"product-type-simple"},"_links":{"self":[{"href":"https:\/\/mountlaser.com\/de\/wp-json\/wp\/v2\/product\/4524","targetHints":{"allow":["GET"]}}],"collection":[{"href":"https:\/\/mountlaser.com\/de\/wp-json\/wp\/v2\/product"}],"about":[{"href":"https:\/\/mountlaser.com\/de\/wp-json\/wp\/v2\/types\/product"}],"replies":[{"embeddable":true,"href":"https:\/\/mountlaser.com\/de\/wp-json\/wp\/v2\/comments?post=4524"}],"wp:featuredmedia":[{"embeddable":true,"href":"https:\/\/mountlaser.com\/de\/wp-json\/wp\/v2\/media\/4525"}],"wp:attachment":[{"href":"https:\/\/mountlaser.com\/de\/wp-json\/wp\/v2\/media?parent=4524"}],"wp:term":[{"taxonomy":"product_brand","embeddable":true,"href":"https:\/\/mountlaser.com\/de\/wp-json\/wp\/v2\/product_brand?post=4524"},{"taxonomy":"product_cat","embeddable":true,"href":"https:\/\/mountlaser.com\/de\/wp-json\/wp\/v2\/product_cat?post=4524"},{"taxonomy":"product_tag","embeddable":true,"href":"https:\/\/mountlaser.com\/de\/wp-json\/wp\/v2\/product_tag?post=4524"}],"curies":[{"name":"wp","href":"https:\/\/api.w.org\/{rel}","templated":true}]}}