{"id":4516,"date":"2025-11-17T09:10:31","date_gmt":"2025-11-17T09:10:31","guid":{"rendered":"https:\/\/mountlaser.com\/?post_type=product&#038;p=4516"},"modified":"2025-11-26T08:47:32","modified_gmt":"2025-11-26T08:47:32","slug":"gls112-aluminum-prism-pole","status":"publish","type":"product","link":"https:\/\/mountlaser.com\/de\/produkt\/gls112-aluminum-prism-pole\/","title":{"rendered":"GLS112 Aluminium-Prismenstange"},"content":{"rendered":"<p>Wir stellen vor:<a href=\"https:\/\/mountlaser.com\/de\/\"> <strong>GLS112 Aluminium-Prismenstange<\/strong><\/a>, Diese robuste und hochfeste Stange wurde speziell f\u00fcr Vermessungsprofis entwickelt, die au\u00dfergew\u00f6hnliche Reichweite ben\u00f6tigen, ohne dabei auf Stabilit\u00e4t oder Pr\u00e4zision verzichten zu m\u00fcssen. Gefertigt aus langlebigem Aluminium, ist sie die ideale Wahl f\u00fcr Projekte, bei denen sowohl H\u00f6he als auch Zuverl\u00e4ssigkeit entscheidend sind.<\/p>\n<p>Dieses Modell veranschaulicht das \u00fcberlegene Design eines <a href=\"https:\/\/mountlaser.com\/de\/products\/\"><strong>Prismenstange aus Aluminium im Schweizer Stil<\/strong><\/a>, Ausgestattet mit einem pr\u00e4zisen Schweizer Adapter, der eine sichere und universelle Verbindung zu Ihrem Prisma gew\u00e4hrleistet. Die Aluminium-Prismenstange im Schweizer Stil garantiert perfekten Sitz, verhindert Spiel und sorgt f\u00fcr konstant genaue Messungen. Die Zuverl\u00e4ssigkeit dieser Prismenstange wird zus\u00e4tzlich durch ihre hochfeste Aluminiumkonstruktion erh\u00f6ht, die die n\u00f6tige Stabilit\u00e4t f\u00fcr den Dauereinsatz in ihrer vollen H\u00f6he von 3,6 Metern (12 Fu\u00df) bietet.<\/p>\n<p>Um in jeder H\u00f6he pr\u00e4zise Messungen zu gew\u00e4hrleisten, ist die GLS112 mit einer 30-Zoll-Libelle f\u00fcr genaues Nivellieren ausgestattet. Sie verf\u00fcgt \u00fcber eine gut ablesbare, zweistufige Skala in Zentimetern und Fu\u00df und ist in Durchmessern von 19, 25 und 32 mm erh\u00e4ltlich, um verschiedenen Anwendungsanforderungen gerecht zu werden.<\/p>\n<p>&nbsp;<\/p>\n<p>&nbsp;<\/p>\n<p><img fetchpriority=\"high\" decoding=\"async\" class=\"aligncenter wp-image-4518\" src=\"https:\/\/mountlaser.com\/wp-content\/uploads\/2025\/11\/GLS112\uff082\uff09.webp\" alt=\"Aluminum Swiss Style Prism Pole\" width=\"500\" height=\"500\" srcset=\"https:\/\/mountlaser.com\/wp-content\/uploads\/2025\/11\/GLS112\uff082\uff09.webp 1000w, https:\/\/mountlaser.com\/wp-content\/uploads\/2025\/11\/GLS112\uff082\uff09-300x300.webp 300w, https:\/\/mountlaser.com\/wp-content\/uploads\/2025\/11\/GLS112\uff082\uff09-400x400.webp 400w, https:\/\/mountlaser.com\/wp-content\/uploads\/2025\/11\/GLS112\uff082\uff09-800x800.webp 800w, https:\/\/mountlaser.com\/wp-content\/uploads\/2025\/11\/GLS112\uff082\uff09-600x600.webp 600w, https:\/\/mountlaser.com\/wp-content\/uploads\/2025\/11\/GLS112\uff082\uff09-150x150.webp 150w, https:\/\/mountlaser.com\/wp-content\/uploads\/2025\/11\/GLS112\uff082\uff09-768x768.webp 768w, https:\/\/mountlaser.com\/wp-content\/uploads\/2025\/11\/GLS112\uff082\uff09-12x12.webp 12w\" sizes=\"(max-width: 500px) 100vw, 500px\" \/><\/p>\n<p><a href=\"https:\/\/mountlaser.com\/de\/contact-us\/\"><strong>Spezifikationen der Aluminium-Prismenstange GLS112<\/strong><\/a><\/p>\n<table style=\"border-collapse: collapse; width: 741.77pt;\" border=\"0\" width=\"989\" cellspacing=\"0\" cellpadding=\"0\">\n<tbody>\n<tr style=\"height: 14.25pt;\">\n<td class=\"et2\" style=\"height: 14.25pt; width: 142.50pt;\" width=\"190\" height=\"19\">NUMMER<\/td>\n<td class=\"et2\" style=\"width: 127.50pt;\" width=\"170\">L\u00c4NGE<\/td>\n<td class=\"et2\" style=\"width: 126.00pt;\" width=\"168\">MATERIAL<\/td>\n<td class=\"et2\" style=\"width: 135.00pt;\" width=\"180\">ABSOLVENTEN<\/td>\n<td class=\"et2\" style=\"width: 124.50pt;\" width=\"166\">ADAPTER<\/td>\n<td class=\"et2\" style=\"width: 86.25pt;\" width=\"115\">DURCHMESSER<\/td>\n<\/tr>\n<tr style=\"height: 14.25pt;\">\n<td class=\"et2\" style=\"height: 14.25pt;\" height=\"19\">GLS112<\/td>\n<td class=\"et2\">3,6 m (12 Fu\u00df)<\/td>\n<td class=\"et2\">Aluminium<\/td>\n<td class=\"et3\">cm\/ ft<\/td>\n<td class=\"et3\">Schweizer<\/td>\n<td class=\"et3\">19\/25\/32 mm<\/td>\n<\/tr>\n<\/tbody>\n<\/table>","protected":false},"excerpt":{"rendered":"<ul>\n<li>Bietet eine stabile, hoch aufragende Plattform (3,6 m \/ 12 Fu\u00df) zur Vermessung von Prismen.<\/li>\n<li>Gew\u00e4hrleistet eine pr\u00e4zise vertikale Ausrichtung mit einer 30-Zoll-Rundlibelle.<\/li>\n<li>Bietet dank des Schweizer Adapters, der mit Standardprismen kompatibel ist, eine sichere, universelle Passform.<\/li>\n<\/ul>","protected":false},"featured_media":4517,"comment_status":"open","ping_status":"closed","template":"","meta":[],"product_brand":[],"product_cat":[89,124],"product_tag":[],"class_list":{"0":"post-4516","1":"product","2":"type-product","3":"status-publish","4":"has-post-thumbnail","6":"product_cat-surveying-pole-rod","7":"product_cat-aluminum-fiberglass-prism-pole","9":"first","10":"instock","11":"shipping-taxable","12":"product-type-simple"},"_links":{"self":[{"href":"https:\/\/mountlaser.com\/de\/wp-json\/wp\/v2\/product\/4516","targetHints":{"allow":["GET"]}}],"collection":[{"href":"https:\/\/mountlaser.com\/de\/wp-json\/wp\/v2\/product"}],"about":[{"href":"https:\/\/mountlaser.com\/de\/wp-json\/wp\/v2\/types\/product"}],"replies":[{"embeddable":true,"href":"https:\/\/mountlaser.com\/de\/wp-json\/wp\/v2\/comments?post=4516"}],"wp:featuredmedia":[{"embeddable":true,"href":"https:\/\/mountlaser.com\/de\/wp-json\/wp\/v2\/media\/4517"}],"wp:attachment":[{"href":"https:\/\/mountlaser.com\/de\/wp-json\/wp\/v2\/media?parent=4516"}],"wp:term":[{"taxonomy":"product_brand","embeddable":true,"href":"https:\/\/mountlaser.com\/de\/wp-json\/wp\/v2\/product_brand?post=4516"},{"taxonomy":"product_cat","embeddable":true,"href":"https:\/\/mountlaser.com\/de\/wp-json\/wp\/v2\/product_cat?post=4516"},{"taxonomy":"product_tag","embeddable":true,"href":"https:\/\/mountlaser.com\/de\/wp-json\/wp\/v2\/product_tag?post=4516"}],"curies":[{"name":"wp","href":"https:\/\/api.w.org\/{rel}","templated":true}]}}