{"id":4498,"date":"2025-11-17T08:56:11","date_gmt":"2025-11-17T08:56:11","guid":{"rendered":"https:\/\/mountlaser.com\/?post_type=product&#038;p=4498"},"modified":"2025-11-26T08:50:16","modified_gmt":"2025-11-26T08:50:16","slug":"gls111-aluminum-prism-pole","status":"publish","type":"product","link":"https:\/\/mountlaser.com\/de\/produkt\/gls111-aluminum-prism-pole\/","title":{"rendered":"GLS111 Aluminium-Prismenstange"},"content":{"rendered":"<p>Treffen Sie die <a href=\"https:\/\/mountlaser.com\/de\/products\/\"><strong>GLS111 Aluminium-Prismenstange<\/strong><\/a>, Die vielseitige und robuste L\u00f6sung f\u00fcr Vermesser, die Flexibilit\u00e4t ohne Kompromisse bei der Genauigkeit ben\u00f6tigen. Diese hochfeste und leichte Messstange ist f\u00fcr Langlebigkeit und pr\u00e4zise Leistung unter verschiedensten Feldbedingungen konzipiert und somit ein unverzichtbares Werkzeug f\u00fcr jedes Messprojekt.<\/p>\n<p>Das herausragende Merkmal dieses Modells ist sein innovatives Teleskopdesign. Die Teleskop-Prismenstange GLS111 l\u00e4sst sich m\u00fchelos auf eine maximale H\u00f6he von 2,6 Metern ausziehen und erm\u00f6glicht so eine schnelle Anpassung an die ben\u00f6tigte Arbeitsh\u00f6he. Bei Nichtgebrauch l\u00e4sst sie sich f\u00fcr einen einfachen und kompakten Transport zusammenklappen. Dank des praktischen Designs der GLS111 Teleskop-Prismenstange ben\u00f6tigen Sie nur eine Stange anstelle mehrerer Stangen fester L\u00e4nge.<\/p>\n<p>F\u00fcr garantierte vertikale Genauigkeit, <a href=\"https:\/\/mountlaser.com\/de\/about-us\/\"><strong>GLS111 Teleskop-Prismenstange<\/strong><\/a> Ausgestattet mit einer zuverl\u00e4ssigen 30-Zoll-Rundlibelle, die f\u00fcr eine perfekte Ausrichtung des Prismas bei jeder Messung sorgt. Gefertigt aus hochfestem Aluminium, h\u00e4lt es dem t\u00e4glichen Gebrauch stand und ist gleichzeitig leicht genug f\u00fcr ganzt\u00e4gigen Tragekomfort. Es verf\u00fcgt \u00fcber einen Standard-Schweizer-Adapter f\u00fcr breite Kompatibilit\u00e4t und ist in Durchmessern von 25 und 32 mm erh\u00e4ltlich. Die Skala in Zentimetern und Fu\u00df erm\u00f6glicht vielseitige Einsatzm\u00f6glichkeiten.<\/p>\n<p>&nbsp;<\/p>\n<p><img fetchpriority=\"high\" decoding=\"async\" class=\"aligncenter wp-image-4503\" src=\"https:\/\/mountlaser.com\/wp-content\/uploads\/2025\/11\/GLS1113.webp\" alt=\"GLS111 Telescopic Prism Pole\" width=\"500\" height=\"500\" srcset=\"https:\/\/mountlaser.com\/wp-content\/uploads\/2025\/11\/GLS1113.webp 1000w, https:\/\/mountlaser.com\/wp-content\/uploads\/2025\/11\/GLS1113-300x300.webp 300w, https:\/\/mountlaser.com\/wp-content\/uploads\/2025\/11\/GLS1113-400x400.webp 400w, https:\/\/mountlaser.com\/wp-content\/uploads\/2025\/11\/GLS1113-800x800.webp 800w, https:\/\/mountlaser.com\/wp-content\/uploads\/2025\/11\/GLS1113-600x600.webp 600w, https:\/\/mountlaser.com\/wp-content\/uploads\/2025\/11\/GLS1113-150x150.webp 150w, https:\/\/mountlaser.com\/wp-content\/uploads\/2025\/11\/GLS1113-768x768.webp 768w, https:\/\/mountlaser.com\/wp-content\/uploads\/2025\/11\/GLS1113-12x12.webp 12w\" sizes=\"(max-width: 500px) 100vw, 500px\" \/><\/p>\n<p><a href=\"https:\/\/mountlaser.com\/de\/contact-us\/\"><strong>Spezifikationen der Aluminium-Prismenstange GLS111<\/strong><\/a><\/p>\n<table style=\"border-collapse: collapse; width: 741.77pt;\" border=\"0\" width=\"989\" cellspacing=\"0\" cellpadding=\"0\">\n<tbody>\n<tr style=\"height: 14.25pt;\">\n<td class=\"et2\" style=\"height: 14.25pt; width: 142.50pt;\" width=\"190\" height=\"19\">NUMMER<\/td>\n<td class=\"et2\" style=\"width: 127.50pt;\" width=\"170\">L\u00c4NGE<\/td>\n<td class=\"et2\" style=\"width: 126.00pt;\" width=\"168\">MATERIAL<\/td>\n<td class=\"et2\" style=\"width: 135.00pt;\" width=\"180\">ABSOLVENTEN<\/td>\n<td class=\"et2\" style=\"width: 124.50pt;\" width=\"166\">ADAPTER<\/td>\n<td class=\"et2\" style=\"width: 86.25pt;\" width=\"115\">DURCHMESSER<\/td>\n<\/tr>\n<tr style=\"height: 14.25pt;\">\n<td class=\"et2\" style=\"height: 14.25pt;\" height=\"19\">GLS111<\/td>\n<td class=\"et2\">2,6 m (8,5 Fu\u00df)<\/td>\n<td class=\"et2\">Aluminium<\/td>\n<td class=\"et3\">cm\/ ft<\/td>\n<td class=\"et3\">Schweizer<\/td>\n<td class=\"et3\">25\/32 mm<\/td>\n<\/tr>\n<\/tbody>\n<\/table>","protected":false},"excerpt":{"rendered":"<ul>\n<li>Bietet dank seiner teleskopischen Bauweise eine verstellbare und stabile Plattform f\u00fcr die Vermessung von Prismen.<\/li>\n<li>Gew\u00e4hrleistet eine pr\u00e4zise vertikale Ausrichtung durch eine eingebaute 30-Zoll-Rundlibelle.<\/li>\n<li>Bietet eine einfache H\u00f6henverstellung von einer kompakten Tragegr\u00f6\u00dfe bis zu einer vollen Arbeitsh\u00f6he von 2,6 m (8,5 Fu\u00df).<\/li>\n<\/ul>","protected":false},"featured_media":4499,"comment_status":"open","ping_status":"closed","template":"","meta":[],"product_brand":[],"product_cat":[89,124],"product_tag":[],"class_list":{"0":"post-4498","1":"product","2":"type-product","3":"status-publish","4":"has-post-thumbnail","6":"product_cat-surveying-pole-rod","7":"product_cat-aluminum-fiberglass-prism-pole","9":"first","10":"instock","11":"shipping-taxable","12":"product-type-simple"},"_links":{"self":[{"href":"https:\/\/mountlaser.com\/de\/wp-json\/wp\/v2\/product\/4498","targetHints":{"allow":["GET"]}}],"collection":[{"href":"https:\/\/mountlaser.com\/de\/wp-json\/wp\/v2\/product"}],"about":[{"href":"https:\/\/mountlaser.com\/de\/wp-json\/wp\/v2\/types\/product"}],"replies":[{"embeddable":true,"href":"https:\/\/mountlaser.com\/de\/wp-json\/wp\/v2\/comments?post=4498"}],"wp:featuredmedia":[{"embeddable":true,"href":"https:\/\/mountlaser.com\/de\/wp-json\/wp\/v2\/media\/4499"}],"wp:attachment":[{"href":"https:\/\/mountlaser.com\/de\/wp-json\/wp\/v2\/media?parent=4498"}],"wp:term":[{"taxonomy":"product_brand","embeddable":true,"href":"https:\/\/mountlaser.com\/de\/wp-json\/wp\/v2\/product_brand?post=4498"},{"taxonomy":"product_cat","embeddable":true,"href":"https:\/\/mountlaser.com\/de\/wp-json\/wp\/v2\/product_cat?post=4498"},{"taxonomy":"product_tag","embeddable":true,"href":"https:\/\/mountlaser.com\/de\/wp-json\/wp\/v2\/product_tag?post=4498"}],"curies":[{"name":"wp","href":"https:\/\/api.w.org\/{rel}","templated":true}]}}