{"id":4497,"date":"2025-11-17T08:56:31","date_gmt":"2025-11-17T08:56:31","guid":{"rendered":"https:\/\/mountlaser.com\/?post_type=product&#038;p=4497"},"modified":"2025-11-26T08:49:16","modified_gmt":"2025-11-26T08:49:16","slug":"alp01-line-laser-lifting-platform","status":"publish","type":"product","link":"https:\/\/mountlaser.com\/de\/produkt\/alp01-line-laser-lifting-platform\/","title":{"rendered":"ALP01 Linienlaser-Hebeplattform"},"content":{"rendered":"<p>Der <a href=\"https:\/\/mountlaser.com\/de\/\"><strong>ALP01 Hebeplattform f\u00fcr Lasernivellierger\u00e4t<\/strong><\/a> ist ein pr\u00e4zisionsgefertigtes <a href=\"https:\/\/mountlaser.com\/de\/about-us\/\"><strong>Laborjack<\/strong><\/a> Dieser Laborheber wurde f\u00fcr die stabile und h\u00f6henverstellbare Unterst\u00fctzung von Laser-Nivellierger\u00e4ten entwickelt. Gefertigt aus robustem Aluminium, erm\u00f6glicht er eine pr\u00e4zise und zuverl\u00e4ssige H\u00f6henverstellung und eignet sich daher ideal f\u00fcr die Feinjustierung der Laserh\u00f6he bei Bau-, Planungs- und Ausrichtungsarbeiten im Innenausbau.<\/p>\n<p>Die kompakte Hebeplattform ALP01 f\u00fcr Laser-Nivellierger\u00e4te mit einer Arbeitsh\u00f6he von 90 mm erm\u00f6glicht pr\u00e4zise vertikale Justierungen und sorgt so f\u00fcr die exakte Positionierung der Laserlinien. Die robuste Aluminiumkonstruktion garantiert Langlebigkeit bei gleichzeitig geringem Gewicht und einfacher Transportierbarkeit auf der Baustelle.<\/p>\n<p><img fetchpriority=\"high\" decoding=\"async\" class=\"aligncenter wp-image-4514\" src=\"https:\/\/mountlaser.com\/wp-content\/uploads\/2025\/11\/APL019.webp\" alt=\"ALP01 lab jack\" width=\"500\" height=\"500\" srcset=\"https:\/\/mountlaser.com\/wp-content\/uploads\/2025\/11\/APL019.webp 1000w, https:\/\/mountlaser.com\/wp-content\/uploads\/2025\/11\/APL019-300x300.webp 300w, https:\/\/mountlaser.com\/wp-content\/uploads\/2025\/11\/APL019-400x400.webp 400w, https:\/\/mountlaser.com\/wp-content\/uploads\/2025\/11\/APL019-800x800.webp 800w, https:\/\/mountlaser.com\/wp-content\/uploads\/2025\/11\/APL019-600x600.webp 600w, https:\/\/mountlaser.com\/wp-content\/uploads\/2025\/11\/APL019-150x150.webp 150w, https:\/\/mountlaser.com\/wp-content\/uploads\/2025\/11\/APL019-768x768.webp 768w, https:\/\/mountlaser.com\/wp-content\/uploads\/2025\/11\/APL019-12x12.webp 12w\" sizes=\"(max-width: 500px) 100vw, 500px\" \/><\/p>\n<p>Entwickelt f\u00fcr Profis, die h\u00f6chste Pr\u00e4zision fordern, <a href=\"https:\/\/mountlaser.com\/de\/contact-us\/\">ALP01 Hebeplattform f\u00fcr Lasernivellierger\u00e4t<\/a> bietet gleichbleibende Leistung und stabilen Halt und ist damit ein unverzichtbarer Laborheber f\u00fcr Laserwerkzeuge, die bei Mess- und Nivellierarbeiten eingesetzt werden.<\/p>","protected":false},"excerpt":{"rendered":"<ul>\n<li>Bietet eine einstellbare H\u00f6henpositionierung f\u00fcr Laser-Nivellierger\u00e4te<\/li>\n<li>Leichtg\u00e4ngiger und stabiler Hebemechanismus f\u00fcr pr\u00e4zise vertikale Ausrichtung<\/li>\n<li>Robuste Aluminiumkonstruktion f\u00fcr Langlebigkeit und Tragbarkeit<\/li>\n<li>Arbeitsh\u00f6he: 90 mm<\/li>\n<li>Ideal zum Nivellieren, Verlegen, Fliesenlegen und f\u00fcr die Ausrichtung im Innenbereich<\/li>\n<li>Erh\u00f6ht die Genauigkeit durch die M\u00f6glichkeit feiner H\u00f6heneinstellungen.<\/li>\n<\/ul>","protected":false},"featured_media":4510,"comment_status":"open","ping_status":"closed","template":"","meta":[],"product_brand":[],"product_cat":[94,128],"product_tag":[],"class_list":{"0":"post-4497","1":"product","2":"type-product","3":"status-publish","4":"has-post-thumbnail","6":"product_cat-laser-level-accessory","7":"product_cat-line-laser-lifting-platform","9":"first","10":"instock","11":"shipping-taxable","12":"product-type-simple"},"_links":{"self":[{"href":"https:\/\/mountlaser.com\/de\/wp-json\/wp\/v2\/product\/4497","targetHints":{"allow":["GET"]}}],"collection":[{"href":"https:\/\/mountlaser.com\/de\/wp-json\/wp\/v2\/product"}],"about":[{"href":"https:\/\/mountlaser.com\/de\/wp-json\/wp\/v2\/types\/product"}],"replies":[{"embeddable":true,"href":"https:\/\/mountlaser.com\/de\/wp-json\/wp\/v2\/comments?post=4497"}],"wp:featuredmedia":[{"embeddable":true,"href":"https:\/\/mountlaser.com\/de\/wp-json\/wp\/v2\/media\/4510"}],"wp:attachment":[{"href":"https:\/\/mountlaser.com\/de\/wp-json\/wp\/v2\/media?parent=4497"}],"wp:term":[{"taxonomy":"product_brand","embeddable":true,"href":"https:\/\/mountlaser.com\/de\/wp-json\/wp\/v2\/product_brand?post=4497"},{"taxonomy":"product_cat","embeddable":true,"href":"https:\/\/mountlaser.com\/de\/wp-json\/wp\/v2\/product_cat?post=4497"},{"taxonomy":"product_tag","embeddable":true,"href":"https:\/\/mountlaser.com\/de\/wp-json\/wp\/v2\/product_tag?post=4497"}],"curies":[{"name":"wp","href":"https:\/\/api.w.org\/{rel}","templated":true}]}}