{"id":4494,"date":"2025-11-17T07:52:44","date_gmt":"2025-11-17T07:52:44","guid":{"rendered":"https:\/\/mountlaser.com\/?post_type=product&#038;p=4494"},"modified":"2025-11-26T09:00:12","modified_gmt":"2025-11-26T09:00:12","slug":"gls12-aluminum-prism-pole","status":"publish","type":"product","link":"https:\/\/mountlaser.com\/de\/produkt\/gls12-aluminum-prism-pole\/","title":{"rendered":"GLS12 Aluminium-Prismenstange"},"content":{"rendered":"<p>Pr\u00e4zision und Langlebigkeit vereint: Die GLS12 Aluminium-Prismenstange<\/p>\n<p>Verbessern Sie Ihre Vermessungs- und Messprojekte mit dem <a href=\"https:\/\/mountlaser.com\/de\/products\/\"><strong>GLS12 Aluminium-Prismenstange<\/strong><\/a>, Dieses Werkzeug wurde f\u00fcr au\u00dfergew\u00f6hnliche Stabilit\u00e4t und Pr\u00e4zision entwickelt. Die hochfeste Aluminiumstange ist so konstruiert, dass sie den Belastungen im praktischen Einsatz standh\u00e4lt und gleichzeitig die von Profis geforderte Zuverl\u00e4ssigkeit bietet.<\/p>\n<p>Ein Hauptmerkmal dieser Stange ist ihr Prismenstangenmechanismus im Schweizer Stil mit Schnappverschluss. Dieses ausgekl\u00fcgelte Verriegelungssystem gew\u00e4hrleistet einen schnellen und sicheren Aufbau und erm\u00f6glicht rasche H\u00f6henverstellungen ohne Einbu\u00dfen bei Stabilit\u00e4t oder Ausrichtung. Die Pr\u00e4zision des <a href=\"https:\/\/mountlaser.com\/de\/about-us\/\"><strong>Prismenstange im Schweizer Schnappverschluss-Stil<\/strong><\/a> Die Konstruktion garantiert, dass Ihr Prisma auch unter schwierigen Bedingungen stabil bleibt.<\/p>\n<p>F\u00fcr un\u00fcbertroffene Genauigkeit bei jedem Auftrag, <a href=\"https:\/\/mountlaser.com\/de\/\">GLS12 Aluminium-Prismenstange<\/a> Ausgestattet mit einer 30-Zoll-Rundlibelle f\u00fcr pr\u00e4zises Nivellieren. Gefertigt aus robustem Aluminium, bietet sie ein optimales Verh\u00e4ltnis von geringem Gewicht und langer Lebensdauer. Die Stange verf\u00fcgt \u00fcber einen Schweizer Adapter f\u00fcr universelle Kompatibilit\u00e4t und ist in den Durchmessern 18\/25 mm erh\u00e4ltlich.<\/p>\n<p><img fetchpriority=\"high\" decoding=\"async\" class=\"aligncenter wp-image-4495\" src=\"https:\/\/mountlaser.com\/wp-content\/uploads\/2025\/11\/IMG_3171.webp\" alt=\"Swiss Style Snap Lock Prism Pole\" width=\"500\" height=\"500\" srcset=\"https:\/\/mountlaser.com\/wp-content\/uploads\/2025\/11\/IMG_3171.webp 800w, https:\/\/mountlaser.com\/wp-content\/uploads\/2025\/11\/IMG_3171-300x300.webp 300w, https:\/\/mountlaser.com\/wp-content\/uploads\/2025\/11\/IMG_3171-400x400.webp 400w, https:\/\/mountlaser.com\/wp-content\/uploads\/2025\/11\/IMG_3171-600x600.webp 600w, https:\/\/mountlaser.com\/wp-content\/uploads\/2025\/11\/IMG_3171-150x150.webp 150w, https:\/\/mountlaser.com\/wp-content\/uploads\/2025\/11\/IMG_3171-768x768.webp 768w, https:\/\/mountlaser.com\/wp-content\/uploads\/2025\/11\/IMG_3171-12x12.webp 12w\" sizes=\"(max-width: 500px) 100vw, 500px\" \/><\/p>\n<p><strong>GLS12 Aluminium-Prismenstange \u2013 Spezifikationen<\/strong><\/p>\n<table style=\"border-collapse: collapse; width: 741.77pt;\" border=\"0\" width=\"989\" cellspacing=\"0\" cellpadding=\"0\">\n<tbody>\n<tr style=\"height: 14.25pt;\">\n<td class=\"et2\" style=\"height: 14.25pt; width: 142.50pt;\" width=\"190\" height=\"19\">NUMMER<\/td>\n<td class=\"et2\" style=\"width: 127.50pt;\" width=\"170\">L\u00c4NGE<\/td>\n<td class=\"et2\" style=\"width: 126.00pt;\" width=\"168\">MATERIAL<\/td>\n<td class=\"et2\" style=\"width: 135.00pt;\" width=\"180\">ABSOLVENTEN<\/td>\n<td class=\"et2\" style=\"width: 124.50pt;\" width=\"166\">ADAPTER<\/td>\n<td class=\"et2\" style=\"width: 86.25pt;\" width=\"115\">DURCHMESSER<\/td>\n<\/tr>\n<tr style=\"height: 14.25pt;\">\n<td class=\"et2\" style=\"height: 14.25pt;\" height=\"19\">GLS12<\/td>\n<td class=\"et2\">2,0 m<\/td>\n<td class=\"et2\">Aluminium<\/td>\n<td class=\"et3\">cm<\/td>\n<td class=\"et3\">Schweizer<\/td>\n<td class=\"et3\">18\/25 mm<\/td>\n<\/tr>\n<\/tbody>\n<\/table>\n<p>&nbsp;<\/p>","protected":false},"excerpt":{"rendered":"<ul>\n<li>Bietet eine stabile und verstellbare Plattform zur Montage von Vermessungsprismen.<\/li>\n<li>Gew\u00e4hrleistet durch die integrierte 30-Zoll-Rundlibelle eine pr\u00e4zise vertikale Ausrichtung.<\/li>\n<li>Erm\u00f6glicht eine schnelle und sichere H\u00f6henverstellung durch den Schweizer Schnappverschlussmechanismus.<\/li>\n<\/ul>","protected":false},"featured_media":4495,"comment_status":"open","ping_status":"closed","template":"","meta":[],"product_brand":[],"product_cat":[89,124],"product_tag":[],"class_list":{"0":"post-4494","1":"product","2":"type-product","3":"status-publish","4":"has-post-thumbnail","6":"product_cat-surveying-pole-rod","7":"product_cat-aluminum-fiberglass-prism-pole","9":"first","10":"instock","11":"shipping-taxable","12":"product-type-simple"},"_links":{"self":[{"href":"https:\/\/mountlaser.com\/de\/wp-json\/wp\/v2\/product\/4494","targetHints":{"allow":["GET"]}}],"collection":[{"href":"https:\/\/mountlaser.com\/de\/wp-json\/wp\/v2\/product"}],"about":[{"href":"https:\/\/mountlaser.com\/de\/wp-json\/wp\/v2\/types\/product"}],"replies":[{"embeddable":true,"href":"https:\/\/mountlaser.com\/de\/wp-json\/wp\/v2\/comments?post=4494"}],"wp:featuredmedia":[{"embeddable":true,"href":"https:\/\/mountlaser.com\/de\/wp-json\/wp\/v2\/media\/4495"}],"wp:attachment":[{"href":"https:\/\/mountlaser.com\/de\/wp-json\/wp\/v2\/media?parent=4494"}],"wp:term":[{"taxonomy":"product_brand","embeddable":true,"href":"https:\/\/mountlaser.com\/de\/wp-json\/wp\/v2\/product_brand?post=4494"},{"taxonomy":"product_cat","embeddable":true,"href":"https:\/\/mountlaser.com\/de\/wp-json\/wp\/v2\/product_cat?post=4494"},{"taxonomy":"product_tag","embeddable":true,"href":"https:\/\/mountlaser.com\/de\/wp-json\/wp\/v2\/product_tag?post=4494"}],"curies":[{"name":"wp","href":"https:\/\/api.w.org\/{rel}","templated":true}]}}