{"id":4485,"date":"2025-11-17T07:41:43","date_gmt":"2025-11-17T07:41:43","guid":{"rendered":"https:\/\/mountlaser.com\/?post_type=product&#038;p=4485"},"modified":"2025-11-26T09:01:10","modified_gmt":"2025-11-26T09:01:10","slug":"ltp03-laser-target-plate","status":"publish","type":"product","link":"https:\/\/mountlaser.com\/de\/produkt\/ltp03-laser-target-plate\/","title":{"rendered":"LTP03 Laserzielplatte"},"content":{"rendered":"<p data-start=\"194\" data-end=\"576\">Der <a href=\"https:\/\/mountlaser.com\/de\/\"><strong data-start=\"198\" data-end=\"226\">LTP03 Laserzielplatte<\/strong><\/a> ist langlebig und gut sichtbar <a href=\"https:\/\/mountlaser.com\/de\/about-us\/\"><strong data-start=\"259\" data-end=\"287\">Zielscheibe f\u00fcr Laser-Nivellierger\u00e4t<\/strong><\/a> Die LTP03 Laser-Zielplatte wurde entwickelt, um die Laserstrahlerkennung bei verschiedenen Mess- und Ausrichtungsaufgaben zu verbessern. Dank ihrer reflektierenden, kontrastreichen Oberfl\u00e4che erh\u00f6ht sie die Klarheit der Laserlinien und erm\u00f6glicht so einfachere und pr\u00e4zisere Messungen \u00fcber gro\u00dfe Entfernungen und in hellen Umgebungen.<\/p>\n<p data-start=\"578\" data-end=\"949\">Um unterschiedlichen Anwendungsanforderungen gerecht zu werden, ist die Laserzielplatte LTP03 in zwei Farbvarianten erh\u00e4ltlich: Rot und Wei\u00df. Dies gew\u00e4hrleistet vielseitige Sichtbarkeit unter verschiedenen Arbeitsbedingungen. Dar\u00fcber hinaus ist diese Laserzielplatte in drei Gr\u00f6\u00dfen \u2013 150 mm, 200 mm und 300 mm \u2013 verf\u00fcgbar und bietet somit Flexibilit\u00e4t f\u00fcr verschiedene Baustellenumgebungen und Projektanforderungen.<\/p>\n<p data-start=\"951\" data-end=\"1200\"><img fetchpriority=\"high\" decoding=\"async\" class=\"aligncenter wp-image-4490\" src=\"https:\/\/mountlaser.com\/wp-content\/uploads\/2025\/11\/LTP035.webp\" alt=\"LTP03 Laser Target Plate\" width=\"500\" height=\"500\" srcset=\"https:\/\/mountlaser.com\/wp-content\/uploads\/2025\/11\/LTP035.webp 1000w, https:\/\/mountlaser.com\/wp-content\/uploads\/2025\/11\/LTP035-300x300.webp 300w, https:\/\/mountlaser.com\/wp-content\/uploads\/2025\/11\/LTP035-400x400.webp 400w, https:\/\/mountlaser.com\/wp-content\/uploads\/2025\/11\/LTP035-800x800.webp 800w, https:\/\/mountlaser.com\/wp-content\/uploads\/2025\/11\/LTP035-600x600.webp 600w, https:\/\/mountlaser.com\/wp-content\/uploads\/2025\/11\/LTP035-150x150.webp 150w, https:\/\/mountlaser.com\/wp-content\/uploads\/2025\/11\/LTP035-768x768.webp 768w, https:\/\/mountlaser.com\/wp-content\/uploads\/2025\/11\/LTP035-12x12.webp 12w\" sizes=\"(max-width: 500px) 100vw, 500px\" \/><\/p>\n<p data-start=\"951\" data-end=\"1200\">Dieses Produkt wurde f\u00fcr Fachleute aus den Bereichen Bauwesen, Vermessung und Layout entwickelt. <a href=\"https:\/\/mountlaser.com\/de\/products\/\">Zielscheibe f\u00fcr Laser-Nivellierger\u00e4t<\/a> Es bietet verbesserten Kontrast, gut lesbare Skalenmarkierungen und eine stabile Leistung. Dank seiner robusten Bauweise ist es sowohl im Innen- als auch im Au\u00dfenbereich zuverl\u00e4ssig einsetzbar.<\/p>","protected":false},"excerpt":{"rendered":"<ul>\n<li>Verbessert die Sichtbarkeit von Laserlinien in gro\u00dfen Entfernungen oder bei hellem Licht<\/li>\n<li>Die reflektierende Oberfl\u00e4che verbessert den Kontrast f\u00fcr eine pr\u00e4zise Ausrichtung.<\/li>\n<li>Erh\u00e4ltlich in den Farben Rot und Wei\u00df<\/li>\n<li>Erh\u00e4ltlich in drei Gr\u00f6\u00dfen: 150 mm, 200 mm, 300 mm<\/li>\n<li>Klare Skalenmarkierungen f\u00fcr pr\u00e4zise Referenzpositionierung<\/li>\n<li>Geeignet f\u00fcr Nivellierungs-, Absteckungs- und Vermessungsaufgaben<\/li>\n<li>Langlebig und stabil f\u00fcr den Innen- und Au\u00dfenbereich<\/li>\n<\/ul>","protected":false},"featured_media":4490,"comment_status":"open","ping_status":"closed","template":"","meta":[],"product_brand":[],"product_cat":[94,127],"product_tag":[],"class_list":{"0":"post-4485","1":"product","2":"type-product","3":"status-publish","4":"has-post-thumbnail","6":"product_cat-laser-level-accessory","7":"product_cat-laser-target","9":"first","10":"instock","11":"shipping-taxable","12":"product-type-simple"},"_links":{"self":[{"href":"https:\/\/mountlaser.com\/de\/wp-json\/wp\/v2\/product\/4485","targetHints":{"allow":["GET"]}}],"collection":[{"href":"https:\/\/mountlaser.com\/de\/wp-json\/wp\/v2\/product"}],"about":[{"href":"https:\/\/mountlaser.com\/de\/wp-json\/wp\/v2\/types\/product"}],"replies":[{"embeddable":true,"href":"https:\/\/mountlaser.com\/de\/wp-json\/wp\/v2\/comments?post=4485"}],"wp:featuredmedia":[{"embeddable":true,"href":"https:\/\/mountlaser.com\/de\/wp-json\/wp\/v2\/media\/4490"}],"wp:attachment":[{"href":"https:\/\/mountlaser.com\/de\/wp-json\/wp\/v2\/media?parent=4485"}],"wp:term":[{"taxonomy":"product_brand","embeddable":true,"href":"https:\/\/mountlaser.com\/de\/wp-json\/wp\/v2\/product_brand?post=4485"},{"taxonomy":"product_cat","embeddable":true,"href":"https:\/\/mountlaser.com\/de\/wp-json\/wp\/v2\/product_cat?post=4485"},{"taxonomy":"product_tag","embeddable":true,"href":"https:\/\/mountlaser.com\/de\/wp-json\/wp\/v2\/product_tag?post=4485"}],"curies":[{"name":"wp","href":"https:\/\/api.w.org\/{rel}","templated":true}]}}