{"id":4475,"date":"2025-11-17T05:34:16","date_gmt":"2025-11-17T05:34:16","guid":{"rendered":"https:\/\/mountlaser.com\/?post_type=product&#038;p=4475"},"modified":"2025-11-26T09:03:55","modified_gmt":"2025-11-26T09:03:55","slug":"ltp01-laser-target-plate","status":"publish","type":"product","link":"https:\/\/mountlaser.com\/de\/produkt\/ltp01-laser-target-plate\/","title":{"rendered":"LTP01 Laserzielplatte"},"content":{"rendered":"<p>Der <a href=\"https:\/\/mountlaser.com\/de\/products\/\"><strong>LTP01 Laserzielplatte<\/strong><\/a> ist ein Profi <a href=\"https:\/\/mountlaser.com\/de\/\"><strong>Laser-Nivellierziel<\/strong><\/a> Die robuste Laserzielplatte LTP01 wurde entwickelt, um die Sichtbarkeit von Laserstrahlen zu verbessern und die Messgenauigkeit unter verschiedensten Baustellenbedingungen zu erh\u00f6hen. Ihre kontrastreiche, reflektierende Oberfl\u00e4che erfasst Laserlinien klar und deutlich und erm\u00f6glicht so einfacheres und pr\u00e4ziseres Nivellieren und Ausrichten \u00fcber gro\u00dfe Entfernungen.<\/p>\n<p>Um unterschiedlichen Anwendungsanforderungen gerecht zu werden, ist die Laserzielplatte LTP01 in zwei Farbvarianten erh\u00e4ltlich: Rot f\u00fcr rote Laserlinien und Gr\u00fcn f\u00fcr gr\u00fcne Laserlinien. Ob im Innen- oder Au\u00dfenbereich \u2013 diese Laserzielplatte gew\u00e4hrleistet durch die Verbesserung des Laserstrahlkontrasts eine hervorragende Klarheit, insbesondere in hellen Umgebungen oder auf gr\u00f6\u00dfere Entfernungen.<\/p>\n<p><img fetchpriority=\"high\" decoding=\"async\" class=\"aligncenter wp-image-4470\" src=\"https:\/\/mountlaser.com\/wp-content\/uploads\/2025\/11\/LTP013.webp\" alt=\"LTP01 laser target plate\" width=\"500\" height=\"500\" srcset=\"https:\/\/mountlaser.com\/wp-content\/uploads\/2025\/11\/LTP013.webp 1000w, https:\/\/mountlaser.com\/wp-content\/uploads\/2025\/11\/LTP013-300x300.webp 300w, https:\/\/mountlaser.com\/wp-content\/uploads\/2025\/11\/LTP013-400x400.webp 400w, https:\/\/mountlaser.com\/wp-content\/uploads\/2025\/11\/LTP013-800x800.webp 800w, https:\/\/mountlaser.com\/wp-content\/uploads\/2025\/11\/LTP013-600x600.webp 600w, https:\/\/mountlaser.com\/wp-content\/uploads\/2025\/11\/LTP013-150x150.webp 150w, https:\/\/mountlaser.com\/wp-content\/uploads\/2025\/11\/LTP013-768x768.webp 768w, https:\/\/mountlaser.com\/wp-content\/uploads\/2025\/11\/LTP013-12x12.webp 12w\" sizes=\"(max-width: 500px) 100vw, 500px\" \/><\/p>\n<p>Konzipiert f\u00fcr Bau-, Innenausbau- und Vermessungsaufgaben, <a href=\"https:\/\/mountlaser.com\/de\/contact-us\/\">Laser-Nivellierziel<\/a> bietet eine stabile Positionierung, gut lesbare Markierungen und eine gleichbleibende Leistung \u2013 was es zu einem unverzichtbaren Zubeh\u00f6r f\u00fcr Profis macht, die auf genaue Lasermessungen angewiesen sind.<\/p>","protected":false},"excerpt":{"rendered":"<ul>\n<li>Verbessert die Sichtbarkeit von Laserlinien bei gro\u00dfen Entfernungen oder in Umgebungen mit hellem Licht.<\/li>\n<li>Die reflektierende Oberfl\u00e4che verbessert den Kontrast sowohl f\u00fcr rote als auch f\u00fcr gr\u00fcne Laserwerkzeuge.<\/li>\n<li>Erh\u00e4ltlich in Rot (f\u00fcr rote Laserlinien) und Gr\u00fcn (f\u00fcr gr\u00fcne Laserlinien).<\/li>\n<li>Klare Skalenmarkierungen f\u00fcr pr\u00e4zise Ausrichtung und Referenz<\/li>\n<li>Stabile Konstruktion f\u00fcr den Innen- und Au\u00dfenbereich<\/li>\n<li>Ideal f\u00fcr Nivellierungs-, Layout- und Ausrichtungsaufgaben<\/li>\n<\/ul>","protected":false},"featured_media":4469,"comment_status":"open","ping_status":"closed","template":"","meta":[],"product_brand":[],"product_cat":[127,94],"product_tag":[],"class_list":{"0":"post-4475","1":"product","2":"type-product","3":"status-publish","4":"has-post-thumbnail","6":"product_cat-laser-target","7":"product_cat-laser-level-accessory","9":"first","10":"instock","11":"shipping-taxable","12":"product-type-simple"},"_links":{"self":[{"href":"https:\/\/mountlaser.com\/de\/wp-json\/wp\/v2\/product\/4475","targetHints":{"allow":["GET"]}}],"collection":[{"href":"https:\/\/mountlaser.com\/de\/wp-json\/wp\/v2\/product"}],"about":[{"href":"https:\/\/mountlaser.com\/de\/wp-json\/wp\/v2\/types\/product"}],"replies":[{"embeddable":true,"href":"https:\/\/mountlaser.com\/de\/wp-json\/wp\/v2\/comments?post=4475"}],"wp:featuredmedia":[{"embeddable":true,"href":"https:\/\/mountlaser.com\/de\/wp-json\/wp\/v2\/media\/4469"}],"wp:attachment":[{"href":"https:\/\/mountlaser.com\/de\/wp-json\/wp\/v2\/media?parent=4475"}],"wp:term":[{"taxonomy":"product_brand","embeddable":true,"href":"https:\/\/mountlaser.com\/de\/wp-json\/wp\/v2\/product_brand?post=4475"},{"taxonomy":"product_cat","embeddable":true,"href":"https:\/\/mountlaser.com\/de\/wp-json\/wp\/v2\/product_cat?post=4475"},{"taxonomy":"product_tag","embeddable":true,"href":"https:\/\/mountlaser.com\/de\/wp-json\/wp\/v2\/product_tag?post=4475"}],"curies":[{"name":"wp","href":"https:\/\/api.w.org\/{rel}","templated":true}]}}