{"id":4457,"date":"2025-11-17T02:50:14","date_gmt":"2025-11-17T02:50:14","guid":{"rendered":"https:\/\/mountlaser.com\/?post_type=product&#038;p=4457"},"modified":"2025-11-26T09:13:03","modified_gmt":"2025-11-26T09:13:03","slug":"f550-photoelectric-integrated-tube","status":"publish","type":"product","link":"https:\/\/mountlaser.com\/de\/produkt\/f550-photoelectric-integrated-tube\/","title":{"rendered":"F550 Fotoelektrische integrierte R\u00f6hre"},"content":{"rendered":"<p>Der <a href=\"https:\/\/mountlaser.com\/de\/\"><strong>F550 Fotoelektrische integrierte R\u00f6hre<\/strong><\/a> Das F550 ist ein Hochleistungs-Detektionszubeh\u00f6r, das speziell f\u00fcr die Kalibrierung von Pr\u00e4zisionskollimatoren entwickelt wurde. Ausgestattet mit einer stabilen Montagehalterung und St\u00fctzs\u00e4ule gew\u00e4hrleistet das F550 eine sichere Installation und zuverl\u00e4ssige optische Erfassung w\u00e4hrend der Justiervorg\u00e4nge. Als fortschrittliches Detektionsmodul\u2026 <a href=\"https:\/\/mountlaser.com\/de\/products\/\"><strong>F550 Fotoelektrische integrierte R\u00f6hre f\u00fcr Laserkollimator<\/strong><\/a> Es erh\u00f6ht die Messempfindlichkeit und ist daher ideal f\u00fcr Kalibrierlaboratorien, Reparaturzentren f\u00fcr Vermessungsinstrumente und metrologische Umgebungen.<\/p>\n<p><img fetchpriority=\"high\" decoding=\"async\" class=\"aligncenter wp-image-4454\" src=\"https:\/\/mountlaser.com\/wp-content\/uploads\/2025\/11\/1-3-F550_\u526f\u672c.webp\" alt=\"F550 Photoelectric Integrated Tube\" width=\"500\" height=\"500\" srcset=\"https:\/\/mountlaser.com\/wp-content\/uploads\/2025\/11\/1-3-F550_\u526f\u672c.webp 800w, https:\/\/mountlaser.com\/wp-content\/uploads\/2025\/11\/1-3-F550_\u526f\u672c-300x300.webp 300w, https:\/\/mountlaser.com\/wp-content\/uploads\/2025\/11\/1-3-F550_\u526f\u672c-400x400.webp 400w, https:\/\/mountlaser.com\/wp-content\/uploads\/2025\/11\/1-3-F550_\u526f\u672c-600x600.webp 600w, https:\/\/mountlaser.com\/wp-content\/uploads\/2025\/11\/1-3-F550_\u526f\u672c-150x150.webp 150w, https:\/\/mountlaser.com\/wp-content\/uploads\/2025\/11\/1-3-F550_\u526f\u672c-768x768.webp 768w, https:\/\/mountlaser.com\/wp-content\/uploads\/2025\/11\/1-3-F550_\u526f\u672c-12x12.webp 12w\" sizes=\"(max-width: 500px) 100vw, 500px\" \/><\/p>\n<p>Entwickelt f\u00fcr Kompatibilit\u00e4t und Genauigkeit, <a href=\"https:\/\/mountlaser.com\/de\/contact-us\/\">F550 Fotoelektrische integrierte R\u00f6hre<\/a> Die fotoelektrische integrierte R\u00f6hre f\u00fcr Laserkollimatoren liefert schnelles und zuverl\u00e4ssiges Feedback bei der Kalibrierung von Totalstationen, Nivellierger\u00e4ten und anderen optischen Ger\u00e4ten. Dank ihrer pr\u00e4zisen optischen Reaktion und stabilen mechanischen Konstruktion ist sie ein unverzichtbares Zubeh\u00f6r f\u00fcr eine konsistente und hochpr\u00e4zise optische Ausrichtung.<\/p>","protected":false},"excerpt":{"rendered":"<ul>\n<li>Bietet hochempfindliche fotoelektrische Detektion f\u00fcr Laserkollimatorsysteme<\/li>\n<li>Verbessert die Ausrichtungsgenauigkeit und die Wiederholbarkeit der Kalibrierung.<\/li>\n<li>Wird mit einer robusten Halterung und einer St\u00fctzs\u00e4ule f\u00fcr eine sichere Montage geliefert.<\/li>\n<li>Unterst\u00fctzt zuverl\u00e4ssiges Feedback w\u00e4hrend der Kollimation von Vermessungsinstrumenten<\/li>\n<li>Entwickelt f\u00fcr professionelle Kalibrierumgebungen, die Pr\u00e4zision erfordern.<\/li>\n<\/ul>","protected":false},"featured_media":4454,"comment_status":"open","ping_status":"closed","template":"","meta":[],"product_brand":[],"product_cat":[125,71],"product_tag":[],"class_list":{"0":"post-4457","1":"product","2":"type-product","3":"status-publish","4":"has-post-thumbnail","6":"product_cat-collimator-instrument","7":"product_cat-calibration-testing-instrument","9":"first","10":"instock","11":"shipping-taxable","12":"product-type-simple"},"_links":{"self":[{"href":"https:\/\/mountlaser.com\/de\/wp-json\/wp\/v2\/product\/4457","targetHints":{"allow":["GET"]}}],"collection":[{"href":"https:\/\/mountlaser.com\/de\/wp-json\/wp\/v2\/product"}],"about":[{"href":"https:\/\/mountlaser.com\/de\/wp-json\/wp\/v2\/types\/product"}],"replies":[{"embeddable":true,"href":"https:\/\/mountlaser.com\/de\/wp-json\/wp\/v2\/comments?post=4457"}],"wp:featuredmedia":[{"embeddable":true,"href":"https:\/\/mountlaser.com\/de\/wp-json\/wp\/v2\/media\/4454"}],"wp:attachment":[{"href":"https:\/\/mountlaser.com\/de\/wp-json\/wp\/v2\/media?parent=4457"}],"wp:term":[{"taxonomy":"product_brand","embeddable":true,"href":"https:\/\/mountlaser.com\/de\/wp-json\/wp\/v2\/product_brand?post=4457"},{"taxonomy":"product_cat","embeddable":true,"href":"https:\/\/mountlaser.com\/de\/wp-json\/wp\/v2\/product_cat?post=4457"},{"taxonomy":"product_tag","embeddable":true,"href":"https:\/\/mountlaser.com\/de\/wp-json\/wp\/v2\/product_tag?post=4457"}],"curies":[{"name":"wp","href":"https:\/\/api.w.org\/{rel}","templated":true}]}}