{"id":4428,"date":"2025-11-14T09:07:01","date_gmt":"2025-11-14T09:07:01","guid":{"rendered":"https:\/\/mountlaser.com\/?post_type=product&#038;p=4428"},"modified":"2025-11-27T05:17:01","modified_gmt":"2025-11-27T05:17:01","slug":"gls11-aluminum-prism-pole","status":"publish","type":"product","link":"https:\/\/mountlaser.com\/de\/produkt\/gls11-aluminum-prism-pole\/","title":{"rendered":"GLS11 Aluminium-Prismenstange"},"content":{"rendered":"<p>Verbessern Sie Ihre Vermessungsarbeiten mit dem Mount Laser <a href=\"https:\/\/mountlaser.com\/de\/products\/\"><strong>GLS11 Aluminium-Prismenstange<\/strong><\/a>, Diese professionelle Messlatte wurde f\u00fcr h\u00f6chste Stabilit\u00e4t und au\u00dfergew\u00f6hnliche Genauigkeit entwickelt. Sie ist robust genug, um den harten Bedingungen auf der Baustelle standzuhalten und bietet die Zuverl\u00e4ssigkeit, die Sie f\u00fcr pr\u00e4zise Messungen ben\u00f6tigen.<\/p>\n<p>Ein Hauptmerkmal, das den GLS11 auszeichnet, ist sein Prismenstangenmechanismus im Schweizer Stil mit Schnappverschluss. Dieses innovative Verriegelungssystem erm\u00f6glicht eine schnelle und sichere H\u00f6henverstellung per einfachem Klick und spart Ihnen so wertvolle Zeit im Gel\u00e4nde, ohne Kompromisse bei der Stabilit\u00e4t einzugehen. Die robuste Konstruktion sorgt daf\u00fcr, dass die Stange nach dem Verriegeln starr bleibt, Wackeln verhindert wird und Ihr Prisma perfekt positioniert ist.<\/p>\n<p>Die GLS11 ist aus hochwertigem, leichtem Aluminium gefertigt und l\u00e4sst sich daher auch an langen Arbeitstagen bequem tragen und ist gleichzeitig \u00e4u\u00dferst robust. Sie ist mit einer 30-Fu\u00df-Rundlibelle f\u00fcr einfaches und pr\u00e4zises Nivellieren ausgestattet, sodass Ihre Messungen stets genau sind.<a href=\"https:\/\/mountlaser.com\/de\/about-us\/\"> <strong>Prismenstange mit Schweizer Schnappverschluss<\/strong><\/a> Das Design beinhaltet einen Universaladapter und ist somit mit einer Vielzahl von Prismen und Zubeh\u00f6rteilen kompatibel.<\/p>\n<p>F\u00fcr Vermesser, die Effizienz und Robustheit fordern, <a href=\"https:\/\/mountlaser.com\/de\/contact-us\/\">der GLS11<\/a> stellt das ideale Werkzeug dar. Dank der Zuverl\u00e4ssigkeit dieser Prismenstange mit Schweizer Schnappverschluss k\u00f6nnen Sie sich voll und ganz auf die Vermessung konzentrieren und sich darauf verlassen, dass Ihre Ausr\u00fcstung Sie nicht im Stich l\u00e4sst.<\/p>\n<p>&nbsp;<\/p>\n<p><img fetchpriority=\"high\" decoding=\"async\" class=\"aligncenter wp-image-4433\" src=\"https:\/\/mountlaser.com\/wp-content\/uploads\/2025\/11\/CLS11-5.webp\" alt=\"Swiss-Style Snap Lock Prism Pole\" width=\"500\" height=\"500\" srcset=\"https:\/\/mountlaser.com\/wp-content\/uploads\/2025\/11\/CLS11-5.webp 1000w, https:\/\/mountlaser.com\/wp-content\/uploads\/2025\/11\/CLS11-5-300x300.webp 300w, https:\/\/mountlaser.com\/wp-content\/uploads\/2025\/11\/CLS11-5-400x400.webp 400w, https:\/\/mountlaser.com\/wp-content\/uploads\/2025\/11\/CLS11-5-800x800.webp 800w, https:\/\/mountlaser.com\/wp-content\/uploads\/2025\/11\/CLS11-5-600x600.webp 600w, https:\/\/mountlaser.com\/wp-content\/uploads\/2025\/11\/CLS11-5-150x150.webp 150w, https:\/\/mountlaser.com\/wp-content\/uploads\/2025\/11\/CLS11-5-768x768.webp 768w, https:\/\/mountlaser.com\/wp-content\/uploads\/2025\/11\/CLS11-5-12x12.webp 12w\" sizes=\"(max-width: 500px) 100vw, 500px\" \/><\/p>\n<p><strong>GLS11 Aluminium-Prismenstange \u2013 Spezifikationen<\/strong><\/p>\n<table style=\"border-collapse: collapse; width: 846.77pt;\" border=\"0\" width=\"1129\" cellspacing=\"0\" cellpadding=\"0\">\n<tbody>\n<tr style=\"height: 14.25pt;\">\n<td class=\"et2\" style=\"height: 14.25pt; width: 142.50pt;\" width=\"190\" height=\"19\">NUMMER<\/td>\n<td class=\"et2\" style=\"width: 127.50pt;\" width=\"170\">L\u00c4NGE<\/td>\n<td class=\"et2\" style=\"width: 126.00pt;\" width=\"168\">MATERIAL<\/td>\n<td class=\"et2\" style=\"width: 135.00pt;\" width=\"180\">ABSOLVENTEN<\/td>\n<td class=\"et2\" style=\"width: 124.50pt;\" width=\"166\">ADAPTER<\/td>\n<td class=\"et2\" style=\"width: 86.25pt;\" width=\"115\">\u00c4USSERES SCHLAUCH<\/td>\n<td class=\"et2\" style=\"width: 105.00pt;\" width=\"140\">DURCHMESSER<\/td>\n<\/tr>\n<tr style=\"height: 14.25pt;\">\n<td class=\"et2\" style=\"height: 14.25pt;\" height=\"19\">GLS11<\/td>\n<td class=\"et2\">2,15 m (7,05 Fu\u00df)<\/td>\n<td class=\"et2\">Aluminium<\/td>\n<td class=\"et3\">cm\/ ft<\/td>\n<td class=\"et3\">Schweizer<\/td>\n<td class=\"et3\">cm\/ ft<\/td>\n<td class=\"et3\">18\/25 mm<\/td>\n<\/tr>\n<\/tbody>\n<\/table>","protected":false},"excerpt":{"rendered":"<ul>\n<li>Leichte Aluminiumkonstruktion: Bietet ein optimales Gleichgewicht zwischen Stabilit\u00e4t und Tragbarkeit f\u00fcr den ganzt\u00e4gigen Einsatz.<\/li>\n<li>Universelle Kompatibilit\u00e4t: Verf\u00fcgt \u00fcber einen Standardadapter (18\/25 mm), der f\u00fcr die meisten g\u00e4ngigen Prismen geeignet ist.<\/li>\n<li>Deutliche Zentimeter-Skala: Erm\u00f6glicht einfaches Ablesen f\u00fcr schnelles Aufstellen und Ermitteln der H\u00f6he.<\/li>\n<\/ul>","protected":false},"featured_media":4430,"comment_status":"open","ping_status":"closed","template":"","meta":[],"product_brand":[],"product_cat":[124,89],"product_tag":[],"class_list":{"0":"post-4428","1":"product","2":"type-product","3":"status-publish","4":"has-post-thumbnail","6":"product_cat-aluminum-fiberglass-prism-pole","7":"product_cat-surveying-pole-rod","9":"first","10":"instock","11":"shipping-taxable","12":"product-type-simple"},"_links":{"self":[{"href":"https:\/\/mountlaser.com\/de\/wp-json\/wp\/v2\/product\/4428","targetHints":{"allow":["GET"]}}],"collection":[{"href":"https:\/\/mountlaser.com\/de\/wp-json\/wp\/v2\/product"}],"about":[{"href":"https:\/\/mountlaser.com\/de\/wp-json\/wp\/v2\/types\/product"}],"replies":[{"embeddable":true,"href":"https:\/\/mountlaser.com\/de\/wp-json\/wp\/v2\/comments?post=4428"}],"wp:featuredmedia":[{"embeddable":true,"href":"https:\/\/mountlaser.com\/de\/wp-json\/wp\/v2\/media\/4430"}],"wp:attachment":[{"href":"https:\/\/mountlaser.com\/de\/wp-json\/wp\/v2\/media?parent=4428"}],"wp:term":[{"taxonomy":"product_brand","embeddable":true,"href":"https:\/\/mountlaser.com\/de\/wp-json\/wp\/v2\/product_brand?post=4428"},{"taxonomy":"product_cat","embeddable":true,"href":"https:\/\/mountlaser.com\/de\/wp-json\/wp\/v2\/product_cat?post=4428"},{"taxonomy":"product_tag","embeddable":true,"href":"https:\/\/mountlaser.com\/de\/wp-json\/wp\/v2\/product_tag?post=4428"}],"curies":[{"name":"wp","href":"https:\/\/api.w.org\/{rel}","templated":true}]}}