{"id":4425,"date":"2025-11-14T08:07:31","date_gmt":"2025-11-14T08:07:31","guid":{"rendered":"https:\/\/mountlaser.com\/?post_type=product&#038;p=4425"},"modified":"2025-11-27T05:24:25","modified_gmt":"2025-11-27T05:24:25","slug":"f550-3s-collimator","status":"publish","type":"product","link":"https:\/\/mountlaser.com\/de\/produkt\/f550-3s-collimator\/","title":{"rendered":"F550-3S Kollimator"},"content":{"rendered":"<p>Der <a href=\"https:\/\/mountlaser.com\/de\/\"><strong>F550-3S Kollimator<\/strong><\/a> ist ein Profi <a href=\"https:\/\/mountlaser.com\/de\/about-us\/\"><strong>Optischer Kollimator f\u00fcr automatische Nivellierung<\/strong> <\/a>Der Kollimator F550-3S wurde f\u00fcr die pr\u00e4zise und stabile optische Ausrichtung von Vermessungsinstrumenten entwickelt. Dank seiner Standbauweise mit drei optischen Tuben erm\u00f6glicht er die Kalibrierung in alle Richtungen und ist somit ein unverzichtbares Werkzeug f\u00fcr hochpr\u00e4zise Instrumentenpr\u00fcfungen. Dieses Modell verf\u00fcgt \u00fcber ein kleines Display und eine integrierte Fotozelle, was sowohl die visuelle Klarheit als auch die Kalibriereffizienz verbessert.<\/p>\n<p><img fetchpriority=\"high\" decoding=\"async\" class=\"aligncenter wp-image-4426\" src=\"https:\/\/mountlaser.com\/wp-content\/uploads\/2025\/11\/F550-3SS_\u526f\u672c.webp\" alt=\"F550-3S optical collimator for auto level\" width=\"500\" height=\"500\" srcset=\"https:\/\/mountlaser.com\/wp-content\/uploads\/2025\/11\/F550-3SS_\u526f\u672c.webp 800w, https:\/\/mountlaser.com\/wp-content\/uploads\/2025\/11\/F550-3SS_\u526f\u672c-300x300.webp 300w, https:\/\/mountlaser.com\/wp-content\/uploads\/2025\/11\/F550-3SS_\u526f\u672c-400x400.webp 400w, https:\/\/mountlaser.com\/wp-content\/uploads\/2025\/11\/F550-3SS_\u526f\u672c-600x600.webp 600w, https:\/\/mountlaser.com\/wp-content\/uploads\/2025\/11\/F550-3SS_\u526f\u672c-150x150.webp 150w, https:\/\/mountlaser.com\/wp-content\/uploads\/2025\/11\/F550-3SS_\u526f\u672c-768x768.webp 768w, https:\/\/mountlaser.com\/wp-content\/uploads\/2025\/11\/F550-3SS_\u526f\u672c-12x12.webp 12w\" sizes=\"(max-width: 500px) 100vw, 500px\" \/><\/p>\n<p>Als zuverl\u00e4ssiger optischer Kollimator f\u00fcr die automatische Nivellierung, der <a href=\"https:\/\/mountlaser.com\/de\/contact-us\/\">F550-3S Kollimator<\/a> Gew\u00e4hrleistet gleichbleibende Strahlqualit\u00e4t und pr\u00e4zise Achsenausrichtung bei Nivellierger\u00e4ten, Theodoliten und Totalstationen. Die robuste, bodenmontierte Konstruktion reduziert Vibrationen und garantiert dauerhafte Leistung in Laboren und Reparaturzentren. F\u00fcr Fachleute, die einen zuverl\u00e4ssigen optischen Kollimator f\u00fcr Nivellierger\u00e4te suchen, bietet dieses Modell Pr\u00e4zision, Stabilit\u00e4t und moderne Funktionalit\u00e4t.<\/p>","protected":false},"excerpt":{"rendered":"<ul>\n<li>Erzeugt stabile, parallele Lichtstrahlen zur Kalibrierung von Nivellierger\u00e4ten und optischen Instrumenten.<\/li>\n<li>Drei optische Tuben erm\u00f6glichen mehrachsige Ausrichtung und Genauigkeitspr\u00fcfung<\/li>\n<li>Die integrierte Fotoelektronenr\u00f6hre verbessert die Pr\u00e4zision und das Messfeedback.<\/li>\n<li>Die bodenartige Konstruktion bietet hervorragende Stabilit\u00e4t und reduziert \u00e4u\u00dfere Einfl\u00fcsse.<\/li>\n<li>Der kleine Bildschirm erm\u00f6glicht die Echtzeitbeobachtung und vereinfacht den Kalibrierungsablauf.<\/li>\n<\/ul>","protected":false},"featured_media":4426,"comment_status":"open","ping_status":"closed","template":"","meta":[],"product_brand":[],"product_cat":[71,125],"product_tag":[],"class_list":{"0":"post-4425","1":"product","2":"type-product","3":"status-publish","4":"has-post-thumbnail","6":"product_cat-calibration-testing-instrument","7":"product_cat-collimator-instrument","9":"first","10":"instock","11":"shipping-taxable","12":"product-type-simple"},"_links":{"self":[{"href":"https:\/\/mountlaser.com\/de\/wp-json\/wp\/v2\/product\/4425","targetHints":{"allow":["GET"]}}],"collection":[{"href":"https:\/\/mountlaser.com\/de\/wp-json\/wp\/v2\/product"}],"about":[{"href":"https:\/\/mountlaser.com\/de\/wp-json\/wp\/v2\/types\/product"}],"replies":[{"embeddable":true,"href":"https:\/\/mountlaser.com\/de\/wp-json\/wp\/v2\/comments?post=4425"}],"wp:featuredmedia":[{"embeddable":true,"href":"https:\/\/mountlaser.com\/de\/wp-json\/wp\/v2\/media\/4426"}],"wp:attachment":[{"href":"https:\/\/mountlaser.com\/de\/wp-json\/wp\/v2\/media?parent=4425"}],"wp:term":[{"taxonomy":"product_brand","embeddable":true,"href":"https:\/\/mountlaser.com\/de\/wp-json\/wp\/v2\/product_brand?post=4425"},{"taxonomy":"product_cat","embeddable":true,"href":"https:\/\/mountlaser.com\/de\/wp-json\/wp\/v2\/product_cat?post=4425"},{"taxonomy":"product_tag","embeddable":true,"href":"https:\/\/mountlaser.com\/de\/wp-json\/wp\/v2\/product_tag?post=4425"}],"curies":[{"name":"wp","href":"https:\/\/api.w.org\/{rel}","templated":true}]}}