{"id":4419,"date":"2025-11-14T05:37:35","date_gmt":"2025-11-14T05:37:35","guid":{"rendered":"https:\/\/mountlaser.com\/?post_type=product&#038;p=4419"},"modified":"2025-12-01T08:24:30","modified_gmt":"2025-12-01T08:24:30","slug":"f550-2a-collimator","status":"publish","type":"product","link":"https:\/\/mountlaser.com\/de\/produkt\/f550-2a-collimator\/","title":{"rendered":"F550-2A Kollimator"},"content":{"rendered":"<p>Der <a href=\"https:\/\/mountlaser.com\/de\/\"><strong>F550-2A Kollimator<\/strong><\/a> ist ein hochpr\u00e4zises <a href=\"https:\/\/mountlaser.com\/de\/produkt-kategorie\/calibration-testing-instrument\/\"><strong>Laser-Kollimator<\/strong><\/a> Dieser Laser-Kollimator wurde f\u00fcr professionelle optische Justierungs- und Kalibrierungsaufgaben entwickelt. Dank seiner robusten Konstruktion mit zwei optischen Tuben und Standbauweise gew\u00e4hrleistet er au\u00dfergew\u00f6hnliche Stabilit\u00e4t und Genauigkeit bei optischen Pr\u00fcfungen. Er ist f\u00fcr den Einsatz in Metrologielaboren, Produktionsst\u00e4tten und Servicezentren konzipiert und bietet die von einem professionellen Laser-Kollimator erwartete Zuverl\u00e4ssigkeit.<\/p>\n<p>Als vielseitiger Laser-Kollimator erzeugt der F550-2A hochparallele Strahlen, die die pr\u00e4zise Kalibrierung von Theodoliten, Totalstationen, optischen Nivellierger\u00e4ten und anderen Messinstrumenten erm\u00f6glichen. Sein Doppelrohr-Design erh\u00f6ht die Flexibilit\u00e4t der Kalibrierung und erlaubt Technikern die einfache Durchf\u00fchrung von Mehrwinkel- oder Mehrachsen-Ausrichtungen. Die Standkonstruktion gew\u00e4hrleistet zudem minimale Vibrationen und maximale Messkonsistenz.<\/p>\n<p><img fetchpriority=\"high\" decoding=\"async\" class=\"aligncenter wp-image-4420\" src=\"https:\/\/mountlaser.com\/wp-content\/uploads\/2025\/11\/2-3-F550-2A_\u526f\u672c.webp\" alt=\"F550-2A Collimator\" width=\"500\" height=\"500\" srcset=\"https:\/\/mountlaser.com\/wp-content\/uploads\/2025\/11\/2-3-F550-2A_\u526f\u672c.webp 1000w, https:\/\/mountlaser.com\/wp-content\/uploads\/2025\/11\/2-3-F550-2A_\u526f\u672c-300x300.webp 300w, https:\/\/mountlaser.com\/wp-content\/uploads\/2025\/11\/2-3-F550-2A_\u526f\u672c-400x400.webp 400w, https:\/\/mountlaser.com\/wp-content\/uploads\/2025\/11\/2-3-F550-2A_\u526f\u672c-800x800.webp 800w, https:\/\/mountlaser.com\/wp-content\/uploads\/2025\/11\/2-3-F550-2A_\u526f\u672c-600x600.webp 600w, https:\/\/mountlaser.com\/wp-content\/uploads\/2025\/11\/2-3-F550-2A_\u526f\u672c-150x150.webp 150w, https:\/\/mountlaser.com\/wp-content\/uploads\/2025\/11\/2-3-F550-2A_\u526f\u672c-768x768.webp 768w, https:\/\/mountlaser.com\/wp-content\/uploads\/2025\/11\/2-3-F550-2A_\u526f\u672c-12x12.webp 12w\" sizes=\"(max-width: 500px) 100vw, 500px\" \/><\/p>\n<p>Dank ihrer robusten Bauweise und langfristigen Stabilit\u00e4t zeichnet sich die <a href=\"https:\/\/mountlaser.com\/de\/contact-us\/\">F550-2A Kollimator<\/a> ist eine unverzichtbare L\u00f6sung zur Sicherstellung der Messgenauigkeit und zur Verbesserung der Qualit\u00e4tskontrollprozesse. Dieser Laser-Kollimator ist ideal f\u00fcr Organisationen, die zuverl\u00e4ssige optische Leistung und reproduzierbare Kalibrierergebnisse ben\u00f6tigen.<\/p>","protected":false},"excerpt":{"rendered":"<ul>\n<li>Erzeugt parallele Laserstrahlen f\u00fcr die pr\u00e4zise optische Kalibrierung<\/li>\n<li>Das Design mit zwei optischen Tuben unterst\u00fctzt die Ausrichtung in verschiedenen Winkeln und Achsen.<\/li>\n<li>Die bodenf\u00f6rmige Bauweise erh\u00f6ht die Stabilit\u00e4t und reduziert Vibrationen w\u00e4hrend der Pr\u00fcfung.<\/li>\n<li>Geeignet zur Kalibrierung von Totalstationen, Theodoliten, optischen Nivellierger\u00e4ten und anderen Vermessungsinstrumenten<\/li>\n<li>Verbessert Genauigkeit, Zuverl\u00e4ssigkeit und Workflow-Effizienz in Mess- und optischen Pr\u00fcfanwendungen<\/li>\n<\/ul>","protected":false},"featured_media":4420,"comment_status":"open","ping_status":"closed","template":"","meta":[],"product_brand":[],"product_cat":[71,125],"product_tag":[],"class_list":{"0":"post-4419","1":"product","2":"type-product","3":"status-publish","4":"has-post-thumbnail","6":"product_cat-calibration-testing-instrument","7":"product_cat-collimator-instrument","9":"first","10":"instock","11":"shipping-taxable","12":"product-type-simple"},"_links":{"self":[{"href":"https:\/\/mountlaser.com\/de\/wp-json\/wp\/v2\/product\/4419","targetHints":{"allow":["GET"]}}],"collection":[{"href":"https:\/\/mountlaser.com\/de\/wp-json\/wp\/v2\/product"}],"about":[{"href":"https:\/\/mountlaser.com\/de\/wp-json\/wp\/v2\/types\/product"}],"replies":[{"embeddable":true,"href":"https:\/\/mountlaser.com\/de\/wp-json\/wp\/v2\/comments?post=4419"}],"wp:featuredmedia":[{"embeddable":true,"href":"https:\/\/mountlaser.com\/de\/wp-json\/wp\/v2\/media\/4420"}],"wp:attachment":[{"href":"https:\/\/mountlaser.com\/de\/wp-json\/wp\/v2\/media?parent=4419"}],"wp:term":[{"taxonomy":"product_brand","embeddable":true,"href":"https:\/\/mountlaser.com\/de\/wp-json\/wp\/v2\/product_brand?post=4419"},{"taxonomy":"product_cat","embeddable":true,"href":"https:\/\/mountlaser.com\/de\/wp-json\/wp\/v2\/product_cat?post=4419"},{"taxonomy":"product_tag","embeddable":true,"href":"https:\/\/mountlaser.com\/de\/wp-json\/wp\/v2\/product_tag?post=4419"}],"curies":[{"name":"wp","href":"https:\/\/api.w.org\/{rel}","templated":true}]}}