{"id":4417,"date":"2025-11-14T05:24:55","date_gmt":"2025-11-14T05:24:55","guid":{"rendered":"https:\/\/mountlaser.com\/?post_type=product&#038;p=4417"},"modified":"2025-12-01T08:41:30","modified_gmt":"2025-12-01T08:41:30","slug":"f550-3e-collimator","status":"publish","type":"product","link":"https:\/\/mountlaser.com\/de\/produkt\/f550-3e-collimator\/","title":{"rendered":"F550-3E Kollimator"},"content":{"rendered":"<p>Der <a href=\"https:\/\/mountlaser.com\/de\/produkt-kategorie\/calibration-testing-instrument\/\"><strong>F550-3E Kollimator<\/strong><\/a> ist ein pr\u00e4zisionsgefertigtes <a href=\"https:\/\/mountlaser.com\/de\/about-us\/\"><strong>Strahlkollimator<\/strong><\/a> Dieses System wurde f\u00fcr hochpr\u00e4zise optische Kalibrierungs- und Ausrichtungsaufgaben entwickelt. Das robuste Tischger\u00e4t mit drei optischen Tuben bietet eine stabile und konstante optische Leistung f\u00fcr Labore, Produktionsst\u00e4tten und Messtechnikanwendungen, die h\u00f6chste Pr\u00e4zision erfordern.<\/p>\n<p>Als professioneller Strahlkollimator erzeugt der F550-3E Kollimator parallele Lichtstrahlen und gew\u00e4hrleistet so zuverl\u00e4ssige Pr\u00fcfungen optischer Instrumente wie Theodolite, Totalstationen und Lasermessger\u00e4te. Dank seiner dreifachen optischen Tubuskonstruktion bietet er erh\u00f6hte Flexibilit\u00e4t bei der Mehrwinkelkalibrierung und ist daher die bevorzugte L\u00f6sung f\u00fcr die Qualit\u00e4tskontrolle und optische Pr\u00fcfumgebungen.<\/p>\n<p><img fetchpriority=\"high\" decoding=\"async\" class=\"aligncenter wp-image-4418\" src=\"https:\/\/mountlaser.com\/wp-content\/uploads\/2025\/11\/F550-3E.webp\" alt=\"F550-3E Collimator\" width=\"500\" height=\"500\" srcset=\"https:\/\/mountlaser.com\/wp-content\/uploads\/2025\/11\/F550-3E.webp 1000w, https:\/\/mountlaser.com\/wp-content\/uploads\/2025\/11\/F550-3E-300x300.webp 300w, https:\/\/mountlaser.com\/wp-content\/uploads\/2025\/11\/F550-3E-400x400.webp 400w, https:\/\/mountlaser.com\/wp-content\/uploads\/2025\/11\/F550-3E-800x800.webp 800w, https:\/\/mountlaser.com\/wp-content\/uploads\/2025\/11\/F550-3E-600x600.webp 600w, https:\/\/mountlaser.com\/wp-content\/uploads\/2025\/11\/F550-3E-150x150.webp 150w, https:\/\/mountlaser.com\/wp-content\/uploads\/2025\/11\/F550-3E-768x768.webp 768w, https:\/\/mountlaser.com\/wp-content\/uploads\/2025\/11\/F550-3E-12x12.webp 12w\" sizes=\"(max-width: 500px) 100vw, 500px\" \/><\/p>\n<p>Dieses hochentwickelte Kollimator-Instrument vereinfacht Justierverfahren, erh\u00f6ht die Messgenauigkeit und gew\u00e4hrleistet einen langfristigen Betrieb bei minimalem Wartungsaufwand. Ob f\u00fcr die routinem\u00e4\u00dfige optische Kalibrierung oder die Entwicklung von High-End-Instrumenten \u2013 der Kollimator ist die ideale L\u00f6sung. <a href=\"https:\/\/mountlaser.com\/de\/contact-us\/\">Strahlkollimator<\/a> Das System garantiert verl\u00e4ssliche und reproduzierbare Ergebnisse.<\/p>","protected":false},"excerpt":{"rendered":"<ul>\n<li>Erzeugt hochpr\u00e4zise Parallelstrahlen f\u00fcr die optische Kalibrierung<\/li>\n<li>Unterst\u00fctzt die Ausrichtung in verschiedenen Winkeln durch drei unabh\u00e4ngige optische Tuben.<\/li>\n<li>Die Bauweise im Desktop-Stil gew\u00e4hrleistet Stabilit\u00e4t w\u00e4hrend der Messung.<\/li>\n<li>Ideal zum Testen von Totalstationen, Theodoliten und optischen Messger\u00e4ten<\/li>\n<li>Verbessert die Genauigkeit und Konsistenz in Labor- und Produktionsumgebungen<\/li>\n<\/ul>","protected":false},"featured_media":4418,"comment_status":"open","ping_status":"closed","template":"","meta":[],"product_brand":[],"product_cat":[71,125],"product_tag":[],"class_list":{"0":"post-4417","1":"product","2":"type-product","3":"status-publish","4":"has-post-thumbnail","6":"product_cat-calibration-testing-instrument","7":"product_cat-collimator-instrument","9":"first","10":"instock","11":"shipping-taxable","12":"product-type-simple"},"_links":{"self":[{"href":"https:\/\/mountlaser.com\/de\/wp-json\/wp\/v2\/product\/4417","targetHints":{"allow":["GET"]}}],"collection":[{"href":"https:\/\/mountlaser.com\/de\/wp-json\/wp\/v2\/product"}],"about":[{"href":"https:\/\/mountlaser.com\/de\/wp-json\/wp\/v2\/types\/product"}],"replies":[{"embeddable":true,"href":"https:\/\/mountlaser.com\/de\/wp-json\/wp\/v2\/comments?post=4417"}],"wp:featuredmedia":[{"embeddable":true,"href":"https:\/\/mountlaser.com\/de\/wp-json\/wp\/v2\/media\/4418"}],"wp:attachment":[{"href":"https:\/\/mountlaser.com\/de\/wp-json\/wp\/v2\/media?parent=4417"}],"wp:term":[{"taxonomy":"product_brand","embeddable":true,"href":"https:\/\/mountlaser.com\/de\/wp-json\/wp\/v2\/product_brand?post=4417"},{"taxonomy":"product_cat","embeddable":true,"href":"https:\/\/mountlaser.com\/de\/wp-json\/wp\/v2\/product_cat?post=4417"},{"taxonomy":"product_tag","embeddable":true,"href":"https:\/\/mountlaser.com\/de\/wp-json\/wp\/v2\/product_tag?post=4417"}],"curies":[{"name":"wp","href":"https:\/\/api.w.org\/{rel}","templated":true}]}}