{"id":438,"date":"2024-03-22T15:01:22","date_gmt":"2024-03-22T15:01:22","guid":{"rendered":"https:\/\/startersites.io\/blocksy\/pottery\/?post_type=product&#038;p=438"},"modified":"2025-12-01T04:47:56","modified_gmt":"2025-12-01T04:47:56","slug":"rh225-concrete-test-hammer","status":"publish","type":"product","link":"https:\/\/mountlaser.com\/de\/produkt\/rh225-concrete-test-hammer\/","title":{"rendered":"RH225 Betonpr\u00fcfhammer"},"content":{"rendered":"<p><a href=\"https:\/\/mountlaser.com\/de\/\"><strong>RH225 Betonpr\u00fcfhammer<\/strong><\/a> ist ein unverzichtbares, zerst\u00f6rungsfreies Pr\u00fcfger\u00e4t, das speziell f\u00fcr Bauingenieure entwickelt wurde. Es wurde mit h\u00f6chster Pr\u00e4zision konstruiert, um die Druckfestigkeit von Normalbeton im Bereich von 10 bis 70 N\/mm\u00b2 (1.450 bis 10.153 psi) mit au\u00dfergew\u00f6hnlicher Zuverl\u00e4ssigkeit zu messen.<\/p>\n<p>Das Verst\u00e4ndnis der Prinzipien des Betonr\u00fcckprallhammertests ist entscheidend f\u00fcr die Tragwerksbeurteilung, und der RH225 wurde speziell f\u00fcr die Durchf\u00fchrung dieses Tests mit un\u00fcbertroffener Genauigkeit entwickelt. Jeder Aspekt seiner Konstruktion ist f\u00fcr die hohen Anforderungen an einen Betonpr\u00fcfhammer im weltweiten Baustelleneinsatz optimiert. <a href=\"https:\/\/mountlaser.com\/de\/products\/\"><strong>Beton-R\u00fcckprallhammertest<\/strong><\/a> Das Verfahren ist f\u00fcr die Datenintegrit\u00e4t von entscheidender Bedeutung, und unser verbessertes Zeigerdesign gew\u00e4hrleistet eine einfache Justierung und \u00fcberlegene Stabilit\u00e4t f\u00fcr konsistente Messwerte.<\/p>\n<p>Ob Sie nun einen Standard-Betonpr\u00fcfhammer zur Qualit\u00e4tskontrolle oder einen umfassenden Betonr\u00fcckprallhammertest zur Tragwerksanalyse durchf\u00fchren \u2013 der RH225 bietet Ihnen zuverl\u00e4ssige Ergebnisse. Er wird so gefertigt, dass er die strengsten internationalen Standards erf\u00fcllt und \u00fcbertrifft, darunter ASTM C 805 (USA), JGJ\/T 23-2011 (China) und verschiedene europ\u00e4ische Normen (EN 12504-2, DIN 1048).<\/p>\n<p><img fetchpriority=\"high\" decoding=\"async\" class=\"aligncenter wp-image-1939\" src=\"https:\/\/mountlaser.com\/wp-content\/uploads\/2024\/03\/2.webp\" alt=\"concrete rebound hammer test\" width=\"500\" height=\"500\" srcset=\"https:\/\/mountlaser.com\/wp-content\/uploads\/2024\/03\/2.webp 1200w, https:\/\/mountlaser.com\/wp-content\/uploads\/2024\/03\/2-300x300.webp 300w, https:\/\/mountlaser.com\/wp-content\/uploads\/2024\/03\/2-400x400.webp 400w, https:\/\/mountlaser.com\/wp-content\/uploads\/2024\/03\/2-800x800.webp 800w, https:\/\/mountlaser.com\/wp-content\/uploads\/2024\/03\/2-600x600.webp 600w, https:\/\/mountlaser.com\/wp-content\/uploads\/2024\/03\/2-1024x1024.webp 1024w, https:\/\/mountlaser.com\/wp-content\/uploads\/2024\/03\/2-150x150.webp 150w, https:\/\/mountlaser.com\/wp-content\/uploads\/2024\/03\/2-768x768.webp 768w, https:\/\/mountlaser.com\/wp-content\/uploads\/2024\/03\/2-12x12.webp 12w\" sizes=\"(max-width: 500px) 100vw, 500px\" \/><\/p>\n<p>KOMPONENTEN<\/p>\n<table style=\"border-collapse: collapse; width: 216.03pt;\" border=\"0\" width=\"288\" cellspacing=\"0\" cellpadding=\"0\">\n<tbody>\n<tr style=\"height: 14.25pt;\">\n<td style=\"height: 14.25pt; width: 216.00pt;\" width=\"288\" height=\"19\">R\u00fcckprallhammer<\/td>\n<\/tr>\n<tr style=\"height: 14.25pt;\">\n<td style=\"height: 14.25pt;\" height=\"19\">Handschutz aus Silikon, Handauflage<\/td>\n<\/tr>\n<tr style=\"height: 14.25pt;\">\n<td style=\"height: 14.25pt;\" height=\"19\">Ein Mahlstein<\/td>\n<\/tr>\n<tr style=\"height: 14.25pt;\">\n<td style=\"height: 14.25pt;\" height=\"19\">Ein Wartungsset<\/td>\n<\/tr>\n<tr style=\"height: 14.25pt;\">\n<td style=\"height: 14.25pt;\" height=\"19\">Zeigerschieber und Pufferfeder<\/td>\n<\/tr>\n<tr style=\"height: 14.25pt;\">\n<td style=\"height: 14.25pt;\" height=\"19\">Instrumentenkasten<\/td>\n<\/tr>\n<\/tbody>\n<\/table>\n<p><strong><a href=\"https:\/\/mountlaser.com\/de\/contact-us\/\">RH225 Betonpr\u00fcfhammer<\/a> TECHNISCHE PARAMETER<\/strong><\/p>\n<table style=\"border-collapse: collapse; width: 631.52pt;\" border=\"0\" width=\"842\" cellspacing=\"0\" cellpadding=\"0\">\n<tbody>\n<tr style=\"height: 14.25pt;\">\n<td class=\"et2\" style=\"height: 14.25pt; width: 322.50pt;\" width=\"430\" height=\"19\">Standard-Aufprallenergie<\/td>\n<td class=\"et3\" style=\"width: 309.00pt;\" width=\"412\">2.207J<\/td>\n<\/tr>\n<tr style=\"height: 14.25pt;\">\n<td class=\"et4\" style=\"height: 14.25pt;\" height=\"19\">Zeigerl\u00e4nge<\/td>\n<td class=\"et5\">20,0 \u00b10,2 mm<\/td>\n<\/tr>\n<tr style=\"height: 14.25pt;\">\n<td class=\"et4\" style=\"height: 14.25pt;\" height=\"19\">Reibung des Zeigers<\/td>\n<td class=\"et5\">0,65 \u00b1 0,15 N<\/td>\n<\/tr>\n<tr style=\"height: 14.25pt;\">\n<td class=\"et4\" style=\"height: 14.25pt;\" height=\"19\">Kugelradius des springenden Stabes<\/td>\n<td class=\"et5\">25 \u00b1 1,0 mm<\/td>\n<\/tr>\n<tr style=\"height: 14.25pt;\">\n<td class=\"et4\" style=\"height: 14.25pt;\" height=\"19\">Steifigkeit einer elastischen Zugfeder<\/td>\n<td class=\"et5\">785,0 \u00b1 30,0 N\/m<\/td>\n<\/tr>\n<tr style=\"height: 14.25pt;\">\n<td class=\"et4\" style=\"height: 14.25pt;\" height=\"19\">Betriebsl\u00e4nge der elastischen Zugfeder<\/td>\n<td class=\"et5\">61,5 \u00b1 0,3 mm<\/td>\n<\/tr>\n<tr style=\"height: 14.25pt;\">\n<td class=\"et4\" style=\"height: 14.25pt;\" height=\"19\">Absprungposition des Sprunghammers<\/td>\n<td class=\"et5\">Skala \u201c0~1\u201d<\/td>\n<\/tr>\n<tr style=\"height: 14.25pt;\">\n<td class=\"et6\" style=\"height: 14.25pt;\" height=\"19\">Kalibrierungswert auf dem Pr\u00fcfamboss<\/td>\n<td class=\"et7\">78-82<\/td>\n<\/tr>\n<\/tbody>\n<\/table>","protected":false},"excerpt":{"rendered":"<ul>\n<li>Genaue Festigkeitsbewertung: F\u00fchrt den R\u00fcckprallhammertest durch, um die Druckfestigkeit vor Ort zuverl\u00e4ssig zu bestimmen.<\/li>\n<li>Robuste Konstruktion: Verf\u00fcgt \u00fcber ein extrem hartes Geh\u00e4use aus 6061 Aluminiumlegierung mit einem streckgeformten Knopf, der nicht abfallen kann und so f\u00fcr Langlebigkeit sorgt.<\/li>\n<li>Pr\u00e4zisionsmechanik: Der interne Mechanismus wird mithilfe von CNC-Bearbeitungszentren verfeinert.<\/li>\n<li>Erm\u00fcdungsbest\u00e4ndige Feder: Verwendet eine importierte, hochwertige Feder innerhalb einer Aluminiumlegierungsbaugruppe.<\/li>\n<\/ul>","protected":false},"featured_media":1940,"comment_status":"open","ping_status":"closed","template":"","meta":[],"product_brand":[],"product_cat":[71],"product_tag":[],"class_list":{"0":"post-438","1":"product","2":"type-product","3":"status-publish","4":"has-post-thumbnail","6":"product_cat-calibration-testing-instrument","8":"first","9":"instock","10":"shipping-taxable","11":"product-type-simple"},"_links":{"self":[{"href":"https:\/\/mountlaser.com\/de\/wp-json\/wp\/v2\/product\/438","targetHints":{"allow":["GET"]}}],"collection":[{"href":"https:\/\/mountlaser.com\/de\/wp-json\/wp\/v2\/product"}],"about":[{"href":"https:\/\/mountlaser.com\/de\/wp-json\/wp\/v2\/types\/product"}],"replies":[{"embeddable":true,"href":"https:\/\/mountlaser.com\/de\/wp-json\/wp\/v2\/comments?post=438"}],"wp:featuredmedia":[{"embeddable":true,"href":"https:\/\/mountlaser.com\/de\/wp-json\/wp\/v2\/media\/1940"}],"wp:attachment":[{"href":"https:\/\/mountlaser.com\/de\/wp-json\/wp\/v2\/media?parent=438"}],"wp:term":[{"taxonomy":"product_brand","embeddable":true,"href":"https:\/\/mountlaser.com\/de\/wp-json\/wp\/v2\/product_brand?post=438"},{"taxonomy":"product_cat","embeddable":true,"href":"https:\/\/mountlaser.com\/de\/wp-json\/wp\/v2\/product_cat?post=438"},{"taxonomy":"product_tag","embeddable":true,"href":"https:\/\/mountlaser.com\/de\/wp-json\/wp\/v2\/product_tag?post=438"}],"curies":[{"name":"wp","href":"https:\/\/api.w.org\/{rel}","templated":true}]}}