{"id":432,"date":"2024-03-21T13:06:07","date_gmt":"2024-03-21T13:06:07","guid":{"rendered":"https:\/\/startersites.io\/blocksy\/pottery\/?post_type=product&#038;p=432"},"modified":"2025-12-01T05:36:06","modified_gmt":"2025-12-01T05:36:06","slug":"fg01l-fixed-tribrach-adapter-5-8-11-thread","status":"publish","type":"product","link":"https:\/\/mountlaser.com\/de\/produkt\/fg01l-fixed-tribrach-adapter-5-8-11-thread\/","title":{"rendered":"FG01L Fester Dreifu\u00dfadapter 5\/8\u2033-11 Gewinde"},"content":{"rendered":"<p>Der <a href=\"https:\/\/mountlaser.com\/de\/\"><strong>FG01L Dreibeinadapter mit fester Bauart<\/strong><\/a> Der Laseradapter von Mount ist ein pr\u00e4zisionsgefertigtes, unverzichtbares Werkzeug f\u00fcr Vermesser. Dieser robuste 5\/8-11-Gewindeadapter ist aus hochwertigem Aluminium gefertigt und bietet eine optimale Kombination aus Langlebigkeit und geringem Gewicht. Ausgestattet mit einem universellen 5\/8-11-Gewinde, ist er <a href=\"https:\/\/mountlaser.com\/de\/produkt-kategorie\/surveying-accessory\/\"><strong>Dreibeinadapter mit festem Typ<\/strong><\/a> Gew\u00e4hrleistet nahtlose Kompatibilit\u00e4t mit einer Vielzahl von Vermessungsstativen und -stangen und bietet eine zuverl\u00e4ssige Verbindung f\u00fcr GPS-Ger\u00e4te.<\/p>\n<p><img fetchpriority=\"high\" decoding=\"async\" class=\"aligncenter wp-image-2065\" src=\"https:\/\/mountlaser.com\/wp-content\/uploads\/2024\/03\/FG01L-7.webp\" alt=\"Fixed Type Tribrach Adaptor\" width=\"500\" height=\"500\" srcset=\"https:\/\/mountlaser.com\/wp-content\/uploads\/2024\/03\/FG01L-7.webp 1000w, https:\/\/mountlaser.com\/wp-content\/uploads\/2024\/03\/FG01L-7-300x300.webp 300w, https:\/\/mountlaser.com\/wp-content\/uploads\/2024\/03\/FG01L-7-400x400.webp 400w, https:\/\/mountlaser.com\/wp-content\/uploads\/2024\/03\/FG01L-7-800x800.webp 800w, https:\/\/mountlaser.com\/wp-content\/uploads\/2024\/03\/FG01L-7-600x600.webp 600w\" sizes=\"(max-width: 500px) 100vw, 500px\" \/><\/p>\n<p><a href=\"https:\/\/mountlaser.com\/de\/about-us\/\">FG01L Fester Dreibein-Adapter<\/a> Das robuste 5\/8\u2033-11-Gewinde und der 80 mm Au\u00dfendurchmesser des Sockels garantieren maximale Stabilit\u00e4t f\u00fcr Ihre Instrumente. Als zuverl\u00e4ssiger und kosteng\u00fcnstiger 5\/8\u2033-11-Gewindeadapter ist der FG01L f\u00fcr pr\u00e4zise Positionierung und dauerhafte Leistung auch unter anspruchsvollen Feldbedingungen konzipiert und somit ein unverzichtbares Werkzeug f\u00fcr genaue Messungen.<\/p>","protected":false},"excerpt":{"rendered":"<ul>\n<li>Hergestellt aus hochwertigem Aluminium f\u00fcr ein perfektes Verh\u00e4ltnis von Festigkeit zu Gewicht, ideal f\u00fcr den Feldeinsatz.<\/li>\n<li>Verf\u00fcgt \u00fcber ein universelles 5\/8\u2033-11 Gewinde (FG01L) f\u00fcr garantierte Kompatibilit\u00e4t mit den meisten Stativen.<\/li>\n<li>Das Aluminiumgeh\u00e4use bietet eine ausgezeichnete Best\u00e4ndigkeit gegen Rost und Umwelteinfl\u00fcsse.<\/li>\n<\/ul>","protected":false},"featured_media":2062,"comment_status":"open","ping_status":"closed","template":"","meta":[],"product_brand":[],"product_cat":[96,79],"product_tag":[],"class_list":{"0":"post-432","1":"product","2":"type-product","3":"status-publish","4":"has-post-thumbnail","6":"product_cat-fixed-tribrach-adapter-5-8-11-thread","7":"product_cat-surveying-accessory","9":"first","10":"instock","11":"shipping-taxable","12":"product-type-simple"},"_links":{"self":[{"href":"https:\/\/mountlaser.com\/de\/wp-json\/wp\/v2\/product\/432","targetHints":{"allow":["GET"]}}],"collection":[{"href":"https:\/\/mountlaser.com\/de\/wp-json\/wp\/v2\/product"}],"about":[{"href":"https:\/\/mountlaser.com\/de\/wp-json\/wp\/v2\/types\/product"}],"replies":[{"embeddable":true,"href":"https:\/\/mountlaser.com\/de\/wp-json\/wp\/v2\/comments?post=432"}],"wp:featuredmedia":[{"embeddable":true,"href":"https:\/\/mountlaser.com\/de\/wp-json\/wp\/v2\/media\/2062"}],"wp:attachment":[{"href":"https:\/\/mountlaser.com\/de\/wp-json\/wp\/v2\/media?parent=432"}],"wp:term":[{"taxonomy":"product_brand","embeddable":true,"href":"https:\/\/mountlaser.com\/de\/wp-json\/wp\/v2\/product_brand?post=432"},{"taxonomy":"product_cat","embeddable":true,"href":"https:\/\/mountlaser.com\/de\/wp-json\/wp\/v2\/product_cat?post=432"},{"taxonomy":"product_tag","embeddable":true,"href":"https:\/\/mountlaser.com\/de\/wp-json\/wp\/v2\/product_tag?post=432"}],"curies":[{"name":"wp","href":"https:\/\/api.w.org\/{rel}","templated":true}]}}