{"id":430,"date":"2024-03-21T13:04:00","date_gmt":"2024-03-21T13:04:00","guid":{"rendered":"https:\/\/startersites.io\/blocksy\/pottery\/?post_type=product&#038;p=430"},"modified":"2025-12-01T05:55:46","modified_gmt":"2025-12-01T05:55:46","slug":"fg01n-fixed-tribrach-adapter-5-8-11-thread","status":"publish","type":"product","link":"https:\/\/mountlaser.com\/de\/produkt\/fg01n-fixed-tribrach-adapter-5-8-11-thread\/","title":{"rendered":"FG01N Fester Dreifu\u00dfadapter 5\/8\u2033-11 Gewinde"},"content":{"rendered":"<p>Der FG01N von Mount Laser ist ein Premium-Laser.<a href=\"https:\/\/mountlaser.com\/de\/\"><strong> 5\/8\u00d711 Tribrach-Adapter<\/strong><\/a> Entwickelt f\u00fcr Vermesser, die h\u00f6chste Langlebigkeit fordern.<\/p>\n<p>Im Gegensatz zu herk\u00f6mmlichen Aluminiummodellen ist dieser robuste Adapter aus folgendem Material gefertigt: <a href=\"https:\/\/mountlaser.com\/de\/about-us\/\">Edelstahl<\/a>, Dadurch ist er au\u00dfergew\u00f6hnlich robust und korrosionsbest\u00e4ndig \u2013 ideal f\u00fcr h\u00e4rteste Einsatzbedingungen. Dieser Tribrach-Adapter verf\u00fcgt \u00fcber das universelle 5\/8\u2033-11-Gewinde und gew\u00e4hrleistet so eine perfekte und zuverl\u00e4ssige Verbindung mit allen g\u00e4ngigen Vermessungsstativen.<\/p>\n<p><img fetchpriority=\"high\" decoding=\"async\" class=\"aligncenter wp-image-2072\" src=\"https:\/\/mountlaser.com\/wp-content\/uploads\/2024\/03\/12.webp\" alt=\"5\/8x11 Tribrach Adapter\" width=\"500\" height=\"500\" srcset=\"https:\/\/mountlaser.com\/wp-content\/uploads\/2024\/03\/12.webp 1000w, https:\/\/mountlaser.com\/wp-content\/uploads\/2024\/03\/12-300x300.webp 300w, https:\/\/mountlaser.com\/wp-content\/uploads\/2024\/03\/12-400x400.webp 400w, https:\/\/mountlaser.com\/wp-content\/uploads\/2024\/03\/12-800x800.webp 800w, https:\/\/mountlaser.com\/wp-content\/uploads\/2024\/03\/12-600x600.webp 600w, https:\/\/mountlaser.com\/wp-content\/uploads\/2024\/03\/12-150x150.webp 150w, https:\/\/mountlaser.com\/wp-content\/uploads\/2024\/03\/12-768x768.webp 768w, https:\/\/mountlaser.com\/wp-content\/uploads\/2024\/03\/12-12x12.webp 12w\" sizes=\"(max-width: 500px) 100vw, 500px\" \/><\/p>\n<p>Der massive OD80-mm-Sockel bietet unersch\u00fctterliche Stabilit\u00e4t f\u00fcr Ihr GPS-Ger\u00e4t und andere Pr\u00e4zisionsinstrumente. F\u00fcr einen robusten 5\/8\u00d711-Tribrach-Adapter, der auch rauen Umgebungsbedingungen standh\u00e4lt, <a href=\"https:\/\/mountlaser.com\/de\/produkt-kategorie\/surveying-accessory\/\"><strong>FG01N Fester Dreifu\u00dfadapter 5\/8\u2033-11 Gewinde<\/strong><\/a> ist die \u00fcberlegene, langlebige Wahl.<\/p>","protected":false},"excerpt":{"rendered":"<ul>\n<li>Der Mount Laser FG01N zeichnet sich durch seine Robustheit als 5\/8\u00d711 Tribrach-Adapter aus, der aus widerstandsf\u00e4higem Edelstahl gefertigt ist.<\/li>\n<li>Es bietet unvergleichliche Langlebigkeit und langfristige Zuverl\u00e4ssigkeit.<\/li>\n<li>Damit ist er der ideale Daueradapter f\u00fcr Profis, die unter anspruchsvollen Bedingungen arbeiten, wo die Langlebigkeit der Ausr\u00fcstung von gr\u00f6\u00dfter Bedeutung ist.<\/li>\n<\/ul>","protected":false},"featured_media":2069,"comment_status":"open","ping_status":"closed","template":"","meta":[],"product_brand":[],"product_cat":[79,96],"product_tag":[],"class_list":{"0":"post-430","1":"product","2":"type-product","3":"status-publish","4":"has-post-thumbnail","6":"product_cat-surveying-accessory","7":"product_cat-fixed-tribrach-adapter-5-8-11-thread","9":"first","10":"instock","11":"shipping-taxable","12":"product-type-simple"},"_links":{"self":[{"href":"https:\/\/mountlaser.com\/de\/wp-json\/wp\/v2\/product\/430","targetHints":{"allow":["GET"]}}],"collection":[{"href":"https:\/\/mountlaser.com\/de\/wp-json\/wp\/v2\/product"}],"about":[{"href":"https:\/\/mountlaser.com\/de\/wp-json\/wp\/v2\/types\/product"}],"replies":[{"embeddable":true,"href":"https:\/\/mountlaser.com\/de\/wp-json\/wp\/v2\/comments?post=430"}],"wp:featuredmedia":[{"embeddable":true,"href":"https:\/\/mountlaser.com\/de\/wp-json\/wp\/v2\/media\/2069"}],"wp:attachment":[{"href":"https:\/\/mountlaser.com\/de\/wp-json\/wp\/v2\/media?parent=430"}],"wp:term":[{"taxonomy":"product_brand","embeddable":true,"href":"https:\/\/mountlaser.com\/de\/wp-json\/wp\/v2\/product_brand?post=430"},{"taxonomy":"product_cat","embeddable":true,"href":"https:\/\/mountlaser.com\/de\/wp-json\/wp\/v2\/product_cat?post=430"},{"taxonomy":"product_tag","embeddable":true,"href":"https:\/\/mountlaser.com\/de\/wp-json\/wp\/v2\/product_tag?post=430"}],"curies":[{"name":"wp","href":"https:\/\/api.w.org\/{rel}","templated":true}]}}