{"id":4161,"date":"2025-11-12T09:23:20","date_gmt":"2025-11-12T09:23:20","guid":{"rendered":"https:\/\/mountlaser.com\/?post_type=product&#038;p=4161"},"modified":"2025-11-27T05:48:16","modified_gmt":"2025-11-27T05:48:16","slug":"dz215sl-aluminum-prism-pole","status":"publish","type":"product","link":"https:\/\/mountlaser.com\/de\/produkt\/dz215sl-aluminum-prism-pole\/","title":{"rendered":"DZ215SL Aluminium-Prismenstange"},"content":{"rendered":"<p><a href=\"https:\/\/mountlaser.com\/de\/\">DZ215SL Aluminium-Prismenstange<\/a>Pr\u00e4zisionstechnik f\u00fcr den anspruchsvollen Vermesser<\/p>\n<p>Bei Mount Laser steht Pr\u00e4zision an erster Stelle, und das beginnt mit der Grundlage Ihrer Messungen. Wir pr\u00e4sentieren stolz die Aluminium-Prismenstange DZ215SL \u2013 ein Werkzeug f\u00fcr Profis, die h\u00f6chste Genauigkeit und robuste Leistung erwarten. Diese hochfeste Aluminiumstange bildet die zuverl\u00e4ssige Basis f\u00fcr Ihr Prisma und gew\u00e4hrleistet Stabilit\u00e4t und Langlebigkeit auf jeder Baustelle.<\/p>\n<p>Der <a href=\"https:\/\/mountlaser.com\/de\/products\/\"><strong>DZ215SL Aluminium-Prismenstange<\/strong> <\/a>Erh\u00e4ltlich in zwei speziellen Ausf\u00fchrungen f\u00fcr Ihre individuellen Montageanforderungen: die Aluminium-Prismenstange DZ215SL-RW und die Aluminium-Prismenstange DZ215SL-SR. Beide Modelle zeichnen sich durch h\u00f6chste Qualit\u00e4t aus, unterscheiden sich jedoch durch ihre in der Schweiz gefertigten Adaptersysteme und bieten Ihnen somit optimale Kompatibilit\u00e4t mit Ihrer Ausr\u00fcstung.<\/p>\n<p><img fetchpriority=\"high\" decoding=\"async\" class=\"aligncenter wp-image-4163\" src=\"https:\/\/mountlaser.com\/wp-content\/uploads\/2025\/11\/DZ215SL-RW-1.webp\" alt=\"DZ215SL Aluminum Prism Pole\" width=\"500\" height=\"500\" srcset=\"https:\/\/mountlaser.com\/wp-content\/uploads\/2025\/11\/DZ215SL-RW-1.webp 1000w, https:\/\/mountlaser.com\/wp-content\/uploads\/2025\/11\/DZ215SL-RW-1-300x300.webp 300w, https:\/\/mountlaser.com\/wp-content\/uploads\/2025\/11\/DZ215SL-RW-1-400x400.webp 400w, https:\/\/mountlaser.com\/wp-content\/uploads\/2025\/11\/DZ215SL-RW-1-800x800.webp 800w, https:\/\/mountlaser.com\/wp-content\/uploads\/2025\/11\/DZ215SL-RW-1-600x600.webp 600w, https:\/\/mountlaser.com\/wp-content\/uploads\/2025\/11\/DZ215SL-RW-1-150x150.webp 150w, https:\/\/mountlaser.com\/wp-content\/uploads\/2025\/11\/DZ215SL-RW-1-768x768.webp 768w, https:\/\/mountlaser.com\/wp-content\/uploads\/2025\/11\/DZ215SL-RW-1-12x12.webp 12w\" sizes=\"(max-width: 500px) 100vw, 500px\" \/><\/p>\n<p>Der <a href=\"https:\/\/mountlaser.com\/de\/about-us\/\">DZ215SL Aluminium-Prismenstange<\/a> Es gibt zwei Ausf\u00fchrungen, die sich nur in der Farbe unterscheiden: Die DZ215SL-RW Aluminium-Prismenstange ist rot-wei\u00df, die DZ215SL-SR Aluminium-Prismenstange ist silberfarben.<\/p>\n<p><strong>DZ215SL Aluminium-Prismenstange \u2013 Spezifikationen<\/strong><\/p>\n<table style=\"border-collapse: collapse; width: 741.77pt;\" border=\"0\" width=\"989\" cellspacing=\"0\" cellpadding=\"0\">\n<tbody>\n<tr style=\"height: 14.25pt;\">\n<td class=\"et2\" style=\"height: 14.25pt; width: 142.50pt;\" width=\"190\" height=\"19\">NUMMER<\/td>\n<td class=\"et2\" style=\"width: 127.50pt;\" width=\"170\">L\u00c4NGE<\/td>\n<td class=\"et2\" style=\"width: 126.00pt;\" width=\"168\">MATERIAL<\/td>\n<td class=\"et2\" style=\"width: 135.00pt;\" width=\"180\">ABSOLVENTEN<\/td>\n<td class=\"et2\" style=\"width: 124.50pt;\" width=\"166\">ADAPTER<\/td>\n<td class=\"et2\" style=\"width: 86.25pt;\" width=\"115\">DURCHMESSER<\/td>\n<\/tr>\n<tr style=\"height: 14.25pt;\">\n<td class=\"et2\" style=\"height: 14.25pt;\" height=\"19\">DZ215SL<\/td>\n<td class=\"et2\">2,15 m<\/td>\n<td class=\"et2\">Aluminium<\/td>\n<td class=\"et3\">cm<\/td>\n<td class=\"et3\">Schweizer oder 5\/8\u2033-11<\/td>\n<td class=\"et3\">18\/25 mm<\/td>\n<\/tr>\n<\/tbody>\n<\/table>","protected":false},"excerpt":{"rendered":"<ul>\n<li>Garantiert eine perfekte, sichere Passform f\u00fcr Ihr Prisma, gew\u00e4hrleistet die Datenintegrit\u00e4t und eliminiert Messfehler.<\/li>\n<li>Integrierte 30\u2033-Rundlibelle: Erm\u00f6glicht ein schnelles und genaues Nivellieren, ein entscheidender Schritt f\u00fcr die Erzielung zuverl\u00e4ssiger vertikaler Messwerte.<\/li>\n<li>Zwei Durchmesseroptionen (18 mm\/25 mm): Bietet Flexibilit\u00e4t, um Ihren Vorlieben hinsichtlich Stangensteifigkeit und Handhabung gerecht zu werden.<\/li>\n<\/ul>","protected":false},"featured_media":4167,"comment_status":"open","ping_status":"closed","template":"","meta":[],"product_brand":[],"product_cat":[89,124],"product_tag":[],"class_list":{"0":"post-4161","1":"product","2":"type-product","3":"status-publish","4":"has-post-thumbnail","6":"product_cat-surveying-pole-rod","7":"product_cat-aluminum-fiberglass-prism-pole","9":"first","10":"instock","11":"shipping-taxable","12":"product-type-simple"},"_links":{"self":[{"href":"https:\/\/mountlaser.com\/de\/wp-json\/wp\/v2\/product\/4161","targetHints":{"allow":["GET"]}}],"collection":[{"href":"https:\/\/mountlaser.com\/de\/wp-json\/wp\/v2\/product"}],"about":[{"href":"https:\/\/mountlaser.com\/de\/wp-json\/wp\/v2\/types\/product"}],"replies":[{"embeddable":true,"href":"https:\/\/mountlaser.com\/de\/wp-json\/wp\/v2\/comments?post=4161"}],"wp:featuredmedia":[{"embeddable":true,"href":"https:\/\/mountlaser.com\/de\/wp-json\/wp\/v2\/media\/4167"}],"wp:attachment":[{"href":"https:\/\/mountlaser.com\/de\/wp-json\/wp\/v2\/media?parent=4161"}],"wp:term":[{"taxonomy":"product_brand","embeddable":true,"href":"https:\/\/mountlaser.com\/de\/wp-json\/wp\/v2\/product_brand?post=4161"},{"taxonomy":"product_cat","embeddable":true,"href":"https:\/\/mountlaser.com\/de\/wp-json\/wp\/v2\/product_cat?post=4161"},{"taxonomy":"product_tag","embeddable":true,"href":"https:\/\/mountlaser.com\/de\/wp-json\/wp\/v2\/product_tag?post=4161"}],"curies":[{"name":"wp","href":"https:\/\/api.w.org\/{rel}","templated":true}]}}