{"id":4153,"date":"2025-11-12T09:09:06","date_gmt":"2025-11-12T09:09:06","guid":{"rendered":"https:\/\/mountlaser.com\/?post_type=product&#038;p=4153"},"modified":"2025-11-27T05:56:05","modified_gmt":"2025-11-27T05:56:05","slug":"dz520-aluminum-prism-pole","status":"publish","type":"product","link":"https:\/\/mountlaser.com\/de\/produkt\/dz520-aluminum-prism-pole\/","title":{"rendered":"DZ520 Aluminium-Prismenstange"},"content":{"rendered":"<p>Wir bei Mount Laser wissen, dass die Genauigkeit Ihrer Totalstationsmessungen von der Zuverl\u00e4ssigkeit jeder einzelnen Komponente Ihres Messsystems abh\u00e4ngt. Deshalb haben wir die <a href=\"https:\/\/mountlaser.com\/de\/\"><strong>DZ520 Aluminium-Prismenstange<\/strong><\/a>, ein professioneller Prismenstab f\u00fcr Totalstationen, der geringes Gewicht und hohe Langlebigkeit mit au\u00dfergew\u00f6hnlicher Funktionalit\u00e4t vereint.<\/p>\n<p>Die vollst\u00e4ndig aus hochfestem Aluminium gefertigte DZ520 Aluminium-Prismenstange ist so konstruiert, dass sie den Belastungen des t\u00e4glichen Einsatzes auf jeder Baustelle standh\u00e4lt, ohne dabei zu beschweren. Ihre robuste 4-teilige Konstruktion l\u00e4sst sich auf eine Gesamth\u00f6he von 5,2 m ausziehen., <a href=\"https:\/\/mountlaser.com\/de\/products\/\"><strong>Prismenstange f\u00fcr Totalstation<\/strong><\/a> Wir bieten Ihnen die Reichweite, die Sie f\u00fcr vielf\u00e4ltige Vermessungsanwendungen ben\u00f6tigen.<\/p>\n<p><img fetchpriority=\"high\" decoding=\"async\" class=\"aligncenter wp-image-4156\" src=\"https:\/\/mountlaser.com\/wp-content\/uploads\/2025\/11\/DZ520QL2.webp\" alt=\"Prism pole for total station\" width=\"500\" height=\"500\" srcset=\"https:\/\/mountlaser.com\/wp-content\/uploads\/2025\/11\/DZ520QL2.webp 1000w, https:\/\/mountlaser.com\/wp-content\/uploads\/2025\/11\/DZ520QL2-300x300.webp 300w, https:\/\/mountlaser.com\/wp-content\/uploads\/2025\/11\/DZ520QL2-400x400.webp 400w, https:\/\/mountlaser.com\/wp-content\/uploads\/2025\/11\/DZ520QL2-800x800.webp 800w, https:\/\/mountlaser.com\/wp-content\/uploads\/2025\/11\/DZ520QL2-600x600.webp 600w, https:\/\/mountlaser.com\/wp-content\/uploads\/2025\/11\/DZ520QL2-150x150.webp 150w, https:\/\/mountlaser.com\/wp-content\/uploads\/2025\/11\/DZ520QL2-768x768.webp 768w, https:\/\/mountlaser.com\/wp-content\/uploads\/2025\/11\/DZ520QL2-12x12.webp 12w\" sizes=\"(max-width: 500px) 100vw, 500px\" \/><\/p>\n<p><a href=\"https:\/\/mountlaser.com\/de\/contact-us\/\">DZ520 Aluminium-Prismenstange<\/a> VERRIEGELUNGSOPTION: Erh\u00e4ltlich in vier Ausf\u00fchrungen:<br \/>\nAluminium-Prismenstange mit Drehverschluss<br \/>\nAluminium-Prismenstange mit Schnellverschluss<br \/>\nGPS-Verriegelung Aluminium-Prismenstange<\/p>\n<p><strong>DZ520 Aluminium-Prismenstange \u2013 Spezifikationen<\/strong><\/p>\n<table style=\"border-collapse: collapse; width: 741.77pt;\" border=\"0\" width=\"989\" cellspacing=\"0\" cellpadding=\"0\">\n<tbody>\n<tr style=\"height: 14.25pt;\">\n<td class=\"et2\" style=\"height: 14.25pt; width: 142.50pt;\" width=\"190\" height=\"19\">NUMMER<\/td>\n<td class=\"et2\" style=\"width: 127.50pt;\" width=\"170\">L\u00c4NGE<\/td>\n<td class=\"et2\" style=\"width: 126.00pt;\" width=\"168\">MATERIAL<\/td>\n<td class=\"et2\" style=\"width: 135.00pt;\" width=\"180\">ABSOLVENTEN<\/td>\n<td class=\"et2\" style=\"width: 124.50pt;\" width=\"166\">Sperroption<\/td>\n<td class=\"et2\" style=\"width: 86.25pt;\" width=\"115\">DURCHMESSER<\/td>\n<\/tr>\n<tr style=\"height: 14.25pt;\">\n<td class=\"et3\" style=\"height: 14.25pt;\" height=\"19\">DZ520<\/td>\n<td class=\"et4\">520 cm<\/td>\n<td class=\"et3\">Aluminium<\/td>\n<td class=\"et3\">Meter<\/td>\n<td class=\"et3\">TL\/ QL\/ GP<\/td>\n<td class=\"et3\">18\/25\/30\/36 mm<\/td>\n<\/tr>\n<\/tbody>\n<\/table>","protected":false},"excerpt":{"rendered":"<ul>\n<li>Integrierte 30\u2033-Rundlibelle: Erm\u00f6glicht ein schnelles und einfaches Nivellieren, was f\u00fcr pr\u00e4zise vertikale Messungen mit Ihrer Prismenstange f\u00fcr die Totalstation unerl\u00e4sslich ist.<\/li>\n<li>Transparente Skala f\u00fcr Schlauchmessger\u00e4te: Erm\u00f6glicht eine schnelle visuelle \u00dcberpr\u00fcfung der H\u00f6heneinstellungen, optimiert Ihren Arbeitsablauf und reduziert Fehler.<\/li>\n<li>Vielseitige Prismenmontage: Kompatibel mit verschiedenen Adapteroptionen, wodurch der Anschluss Ihres spezifischen Prismenmodells vereinfacht wird.<\/li>\n<\/ul>","protected":false},"featured_media":4154,"comment_status":"open","ping_status":"closed","template":"","meta":[],"product_brand":[],"product_cat":[89,117],"product_tag":[],"class_list":{"0":"post-4153","1":"product","2":"type-product","3":"status-publish","4":"has-post-thumbnail","6":"product_cat-surveying-pole-rod","7":"product_cat-aluminum-prism-pole","9":"first","10":"instock","11":"shipping-taxable","12":"product-type-simple"},"_links":{"self":[{"href":"https:\/\/mountlaser.com\/de\/wp-json\/wp\/v2\/product\/4153","targetHints":{"allow":["GET"]}}],"collection":[{"href":"https:\/\/mountlaser.com\/de\/wp-json\/wp\/v2\/product"}],"about":[{"href":"https:\/\/mountlaser.com\/de\/wp-json\/wp\/v2\/types\/product"}],"replies":[{"embeddable":true,"href":"https:\/\/mountlaser.com\/de\/wp-json\/wp\/v2\/comments?post=4153"}],"wp:featuredmedia":[{"embeddable":true,"href":"https:\/\/mountlaser.com\/de\/wp-json\/wp\/v2\/media\/4154"}],"wp:attachment":[{"href":"https:\/\/mountlaser.com\/de\/wp-json\/wp\/v2\/media?parent=4153"}],"wp:term":[{"taxonomy":"product_brand","embeddable":true,"href":"https:\/\/mountlaser.com\/de\/wp-json\/wp\/v2\/product_brand?post=4153"},{"taxonomy":"product_cat","embeddable":true,"href":"https:\/\/mountlaser.com\/de\/wp-json\/wp\/v2\/product_cat?post=4153"},{"taxonomy":"product_tag","embeddable":true,"href":"https:\/\/mountlaser.com\/de\/wp-json\/wp\/v2\/product_tag?post=4153"}],"curies":[{"name":"wp","href":"https:\/\/api.w.org\/{rel}","templated":true}]}}