{"id":4054,"date":"2025-11-12T01:34:55","date_gmt":"2025-11-12T01:34:55","guid":{"rendered":"https:\/\/mountlaser.com\/?post_type=product&#038;p=4054"},"modified":"2025-12-19T02:02:49","modified_gmt":"2025-12-19T02:02:49","slug":"bt152-medium-duty-elevator-tripod","status":"publish","type":"product","link":"https:\/\/mountlaser.com\/de\/produkt\/bt152-medium-duty-elevator-tripod\/","title":{"rendered":"BT152 Mittelschweres Aufzugsstativ"},"content":{"rendered":"<p>Der <a href=\"https:\/\/mountlaser.com\/de\/\"><strong>Mittelschweres Aluminium-Aufzugsstativ<\/strong><\/a> ist ein unverzichtbares Montagezubeh\u00f6r, das f\u00fcr Pr\u00e4zision und Stabilit\u00e4t bei professionellen Mess- und Konstruktionsanwendungen entwickelt wurde. Es ist aus hochwertigem, oxidiertem Aluminium gefertigt. <a href=\"https:\/\/mountlaser.com\/de\/products\/\"><strong>BT152 Professionelles Baustativ<\/strong><\/a> bietet Langlebigkeit und geringes Gewicht und ist daher ideal f\u00fcr Linienlaser- und Rotationslaser-Setups geeignet.<\/p>\n<p>Das mittelschwere Aluminium-Hebeb\u00fchnenstativ verf\u00fcgt \u00fcber einen verstellbaren Fu\u00df f\u00fcr optimalen Bodenkontakt und Balance, selbst auf unebenem Gel\u00e4nde. Es ist in zwei vielseitigen Varianten erh\u00e4ltlich: als Modell BT152 mit Flachkopf und 5\/8\u2033-11-Gewinde sowie als Modell BT250 mit 1\/4\u2033-20-Gewinde. Das professionelle Baustativ BT152 ist mit einer Vielzahl von Laser-Nivellierger\u00e4ten und GNSS-Ger\u00e4ten kompatibel.<\/p>\n<p>Entwickelt f\u00fcr zuverl\u00e4ssige Leistung, <a href=\"https:\/\/mountlaser.com\/de\/contact-us\/\">Mittelschweres Aluminium-Aufzugsstativ<\/a> Gew\u00e4hrleistet eine pr\u00e4zise H\u00f6henverstellung, sichere Instrumentenmontage und hohe Langlebigkeit im Feldeinsatz. Die professionelle Konstruktion bietet optimale Unterst\u00fctzung f\u00fcr anspruchsvolle Bau- und Vermessungsaufgaben.<\/p>\n<p><strong>Spezifikationen f\u00fcr mittelschwere Aufzugsstative<\/strong><\/p>\n<div>\n<table style=\"border-collapse: collapse; width: 1339px; height: 469px;\" border=\"0\" width=\"991\" cellspacing=\"0\" cellpadding=\"0\">\n<tbody>\n<tr style=\"height: 14.25pt;\">\n<td class=\"et2\" style=\"height: 14.25pt; width: 127.50pt;\" width=\"170\" height=\"19\">NUMMER<\/td>\n<td class=\"et3\" style=\"width: 92.25pt;\" width=\"123\">FARBE<\/td>\n<td class=\"et3\" style=\"width: 77.25pt;\" width=\"103\">MATERIAL<\/td>\n<td class=\"et3\" style=\"width: 96.75pt;\" width=\"129\">Stativh\u00f6he<\/td>\n<td class=\"et4\" style=\"width: 141.00pt;\" width=\"188\">ARBEITSH\u00d6HE<\/td>\n<td class=\"et3\" style=\"width: 96.00pt;\" width=\"128\">NW<\/td>\n<td class=\"et5\" style=\"width: 112.50pt;\" width=\"150\">BILD<\/td>\n<\/tr>\n<tr style=\"height: 18.75pt;\">\n<td class=\"et6\" style=\"height: 18.75pt;\" height=\"25\">BT152<\/td>\n<td class=\"et6\">Schwarz &amp; Blau<\/td>\n<td class=\"et7\">Aluminium<\/td>\n<td class=\"et6\">74\u2013153 cm<\/td>\n<td class=\"et6\">70-143 cm<\/td>\n<td class=\"et6\">2,1 kg<\/td>\n<td class=\"et8\"><img fetchpriority=\"high\" decoding=\"async\" class=\"alignnone wp-image-4066\" src=\"https:\/\/mountlaser.com\/wp-content\/uploads\/2025\/11\/BT1523.webp\" alt=\"Medium Duty Aluminum Elevator Tripod\" width=\"500\" height=\"500\" srcset=\"https:\/\/mountlaser.com\/wp-content\/uploads\/2025\/11\/BT1523.webp 1000w, https:\/\/mountlaser.com\/wp-content\/uploads\/2025\/11\/BT1523-300x300.webp 300w, https:\/\/mountlaser.com\/wp-content\/uploads\/2025\/11\/BT1523-400x400.webp 400w, https:\/\/mountlaser.com\/wp-content\/uploads\/2025\/11\/BT1523-800x800.webp 800w, https:\/\/mountlaser.com\/wp-content\/uploads\/2025\/11\/BT1523-600x600.webp 600w, https:\/\/mountlaser.com\/wp-content\/uploads\/2025\/11\/BT1523-150x150.webp 150w, https:\/\/mountlaser.com\/wp-content\/uploads\/2025\/11\/BT1523-768x768.webp 768w, https:\/\/mountlaser.com\/wp-content\/uploads\/2025\/11\/BT1523-12x12.webp 12w\" sizes=\"(max-width: 500px) 100vw, 500px\" \/><\/td>\n<\/tr>\n<tr style=\"height: 17.25pt;\">\n<td class=\"et6\" style=\"height: 17.25pt;\" height=\"23\">BT250<\/td>\n<td class=\"et6\">Schwarz &amp; Blau<\/td>\n<td class=\"et7\">Aluminium<\/td>\n<td class=\"et6\">217 cm<\/td>\n<td class=\"et6\">200 m<\/td>\n<td class=\"et6\">2,85 kg<\/td>\n<td class=\"et8\"><img decoding=\"async\" class=\"alignnone wp-image-4074\" src=\"https:\/\/mountlaser.com\/wp-content\/uploads\/2025\/11\/BT2503.webp\" alt=\"Medium Duty Aluminum Elevator Tripod\" width=\"500\" height=\"500\" srcset=\"https:\/\/mountlaser.com\/wp-content\/uploads\/2025\/11\/BT2503.webp 1000w, https:\/\/mountlaser.com\/wp-content\/uploads\/2025\/11\/BT2503-300x300.webp 300w, https:\/\/mountlaser.com\/wp-content\/uploads\/2025\/11\/BT2503-400x400.webp 400w, https:\/\/mountlaser.com\/wp-content\/uploads\/2025\/11\/BT2503-800x800.webp 800w, https:\/\/mountlaser.com\/wp-content\/uploads\/2025\/11\/BT2503-600x600.webp 600w, https:\/\/mountlaser.com\/wp-content\/uploads\/2025\/11\/BT2503-150x150.webp 150w, https:\/\/mountlaser.com\/wp-content\/uploads\/2025\/11\/BT2503-768x768.webp 768w, https:\/\/mountlaser.com\/wp-content\/uploads\/2025\/11\/BT2503-12x12.webp 12w\" sizes=\"(max-width: 500px) 100vw, 500px\" \/><\/td>\n<\/tr>\n<\/tbody>\n<\/table>\n<\/div>","protected":false},"excerpt":{"rendered":"<ul>\n<li>Hergestellt aus robustem und dennoch leichtem oxidiertem Aluminium.<\/li>\n<li>Verstellbarer Zehensteg f\u00fcr verbesserte Stabilit\u00e4t auf unebenen Oberfl\u00e4chen.<\/li>\n<li>Zwei Gewindeoptionen: 5\/8\u2033-11 und 1\/4\u2033-20.<\/li>\n<li>Geeignet f\u00fcr Linien- und Rotationslaserwerkzeuge.<\/li>\n<li>Kompakt, leicht zu transportieren und schnell aufzubauen.<\/li>\n<\/ul>","protected":false},"featured_media":4056,"comment_status":"open","ping_status":"closed","template":"","meta":[],"product_brand":[],"product_cat":[122,94],"product_tag":[],"class_list":{"0":"post-4054","1":"product","2":"type-product","3":"status-publish","4":"has-post-thumbnail","6":"product_cat-laser-level-tripod","7":"product_cat-laser-level-accessory","9":"first","10":"instock","11":"shipping-taxable","12":"product-type-simple"},"_links":{"self":[{"href":"https:\/\/mountlaser.com\/de\/wp-json\/wp\/v2\/product\/4054","targetHints":{"allow":["GET"]}}],"collection":[{"href":"https:\/\/mountlaser.com\/de\/wp-json\/wp\/v2\/product"}],"about":[{"href":"https:\/\/mountlaser.com\/de\/wp-json\/wp\/v2\/types\/product"}],"replies":[{"embeddable":true,"href":"https:\/\/mountlaser.com\/de\/wp-json\/wp\/v2\/comments?post=4054"}],"wp:featuredmedia":[{"embeddable":true,"href":"https:\/\/mountlaser.com\/de\/wp-json\/wp\/v2\/media\/4056"}],"wp:attachment":[{"href":"https:\/\/mountlaser.com\/de\/wp-json\/wp\/v2\/media?parent=4054"}],"wp:term":[{"taxonomy":"product_brand","embeddable":true,"href":"https:\/\/mountlaser.com\/de\/wp-json\/wp\/v2\/product_brand?post=4054"},{"taxonomy":"product_cat","embeddable":true,"href":"https:\/\/mountlaser.com\/de\/wp-json\/wp\/v2\/product_cat?post=4054"},{"taxonomy":"product_tag","embeddable":true,"href":"https:\/\/mountlaser.com\/de\/wp-json\/wp\/v2\/product_tag?post=4054"}],"curies":[{"name":"wp","href":"https:\/\/api.w.org\/{rel}","templated":true}]}}