{"id":4039,"date":"2025-11-12T01:10:24","date_gmt":"2025-11-12T01:10:24","guid":{"rendered":"https:\/\/mountlaser.com\/?post_type=product&#038;p=4039"},"modified":"2025-12-19T00:52:23","modified_gmt":"2025-12-19T00:52:23","slug":"ett20a-230bs3-medium-duty-elevator-tripod","status":"publish","type":"product","link":"https:\/\/mountlaser.com\/de\/produkt\/ett20a-230bs3-medium-duty-elevator-tripod\/","title":{"rendered":"ETT20A-230BS3 Mittelschweres Aufzugsstativ"},"content":{"rendered":"<p>Der <a href=\"https:\/\/mountlaser.com\/de\/\"><strong>Mittelschweres, h\u00f6henverstellbares Stativ<\/strong><\/a> ist eine robuste und vielseitige L\u00f6sung, die f\u00fcr Linienlaser- und Rotationslaseranwendungen im Bauwesen und Vermessungsbereich entwickelt wurde. Hergestellt aus hochwertigem, oxidiertem Aluminium, <a href=\"https:\/\/mountlaser.com\/de\/about-us\/\"><strong>Professionelles Geb\u00e4udestativ<\/strong><\/a> bietet ein perfektes Gleichgewicht aus St\u00e4rke, Haltbarkeit und Tragbarkeit.<\/p>\n<p>Das h\u00f6henverstellbare Stativ f\u00fcr mittlere Belastungen ist in verschiedenen Ausf\u00fchrungen erh\u00e4ltlich \u2013 darunter 3-teilige (S3) und 4-teilige (S4) Varianten \u2013 und gew\u00e4hrleistet optimale H\u00f6henverstellung und Stabilit\u00e4t auf unterschiedlichen Baustellen. Die hufeisenf\u00f6rmigen F\u00fc\u00dfe sorgen f\u00fcr besseren Halt und Balance auf unebenem Untergrund, w\u00e4hrend die leichte Konstruktion Transport und Aufbau m\u00fchelos erm\u00f6glicht.<\/p>\n<p>Das f\u00fcr den langfristigen professionellen Einsatz konzipierte, h\u00f6henverstellbare Stativ mittlerer Belastbarkeit erm\u00f6glicht pr\u00e4zises Nivellieren und bietet zuverl\u00e4ssigen Halt f\u00fcr Lasermessger\u00e4te. Ob f\u00fcr Ausrichtungsarbeiten in Innenr\u00e4umen oder Messungen im Freien \u2013 es garantiert gleichbleibende Genauigkeit und einfache Bedienung.<\/p>\n<p><img fetchpriority=\"high\" decoding=\"async\" class=\"aligncenter wp-image-4048\" src=\"https:\/\/mountlaser.com\/wp-content\/uploads\/2025\/11\/ETT20-3003.webp\" alt=\"Medium-Duty Elevating Tripod\" width=\"500\" height=\"500\" srcset=\"https:\/\/mountlaser.com\/wp-content\/uploads\/2025\/11\/ETT20-3003.webp 1000w, https:\/\/mountlaser.com\/wp-content\/uploads\/2025\/11\/ETT20-3003-300x300.webp 300w, https:\/\/mountlaser.com\/wp-content\/uploads\/2025\/11\/ETT20-3003-400x400.webp 400w, https:\/\/mountlaser.com\/wp-content\/uploads\/2025\/11\/ETT20-3003-800x800.webp 800w, https:\/\/mountlaser.com\/wp-content\/uploads\/2025\/11\/ETT20-3003-600x600.webp 600w, https:\/\/mountlaser.com\/wp-content\/uploads\/2025\/11\/ETT20-3003-150x150.webp 150w, https:\/\/mountlaser.com\/wp-content\/uploads\/2025\/11\/ETT20-3003-768x768.webp 768w, https:\/\/mountlaser.com\/wp-content\/uploads\/2025\/11\/ETT20-3003-12x12.webp 12w\" sizes=\"(max-width: 500px) 100vw, 500px\" \/><\/p>\n<p><strong><a href=\"https:\/\/mountlaser.com\/de\/contact-us\/\">Dreibein f\u00fcr mittelschwere Aufz\u00fcge<\/a> Spezifikationen<\/strong><\/p>\n<div>\n<table style=\"border-collapse: collapse; width: 1142.28pt;\" border=\"0\" width=\"1523\" cellspacing=\"0\" cellpadding=\"0\">\n<tbody>\n<tr style=\"height: 17.25pt;\">\n<td class=\"et2\" style=\"height: 17.25pt; width: 322.50pt;\" width=\"430\" height=\"23\">NUMMER<\/td>\n<td class=\"et3\" style=\"width: 309.00pt;\" width=\"412\">FARBE<\/td>\n<td class=\"et4\" style=\"width: 88.50pt;\" width=\"118\">MATERIAL<\/td>\n<td class=\"et5\" style=\"width: 138.00pt;\" width=\"184\">Stativh\u00f6he<\/td>\n<td class=\"et5\" style=\"width: 176.25pt;\" width=\"235\">ARBEITSH\u00d6HE<\/td>\n<td class=\"et2\" style=\"width: 54.00pt;\" width=\"72\">NW.<\/td>\n<td class=\"et2\" style=\"width: 54.00pt;\" width=\"72\">ABSCHNITTE<\/td>\n<\/tr>\n<tr style=\"height: 17.25pt;\">\n<td style=\"height: 17.25pt;\" height=\"23\">ETT20A-120BS3<\/td>\n<td class=\"et6\">Schwarz<\/td>\n<td class=\"et4\">Aluminium<\/td>\n<td class=\"et7\">49\u2013127 cm<\/td>\n<td>45-120 cm<\/td>\n<td>1,35 kg<\/td>\n<td align=\"right\">3<\/td>\n<\/tr>\n<tr style=\"height: 17.25pt;\">\n<td style=\"height: 17.25pt;\" height=\"23\">ETT20A-160BS3<\/td>\n<td class=\"et6\">Schwarz<\/td>\n<td class=\"et4\">Aluminium<\/td>\n<td>600-169 cm<\/td>\n<td>550-160 cm<\/td>\n<td>1,55 kg<\/td>\n<td align=\"right\">3<\/td>\n<\/tr>\n<tr style=\"height: 17.25pt;\">\n<td style=\"height: 17.25pt;\" height=\"23\">ETT20A-180BS3<\/td>\n<td class=\"et6\">Schwarz<\/td>\n<td class=\"et4\">Aluminium<\/td>\n<td>660-189 cm<\/td>\n<td>620-180 cm<\/td>\n<td>1,70 kg<\/td>\n<td align=\"right\">3<\/td>\n<\/tr>\n<tr style=\"height: 17.25pt;\">\n<td style=\"height: 17.25pt;\" height=\"23\">ETT20A-230BS3<\/td>\n<td class=\"et6\">Schwarz<\/td>\n<td class=\"et4\">Aluminium<\/td>\n<td>830-240 cm<\/td>\n<td>780-230 cm<\/td>\n<td>2,05 kg<\/td>\n<td align=\"right\">3<\/td>\n<\/tr>\n<tr style=\"height: 17.25pt;\">\n<td style=\"height: 17.25pt;\" height=\"23\">ETT20A-300BS4<\/td>\n<td class=\"et6\">Schwarz<\/td>\n<td class=\"et4\">Aluminium<\/td>\n<td>900-312 cm<\/td>\n<td>850-300 cm<\/td>\n<td>2,45 kg<\/td>\n<td align=\"right\">4<\/td>\n<\/tr>\n<\/tbody>\n<\/table>\n<\/div>\n<p>&nbsp;<\/p>","protected":false},"excerpt":{"rendered":"<ul>\n<li>Ideal f\u00fcr Linien- und Rotationslaseranwendungen.<\/li>\n<li>Hergestellt aus robustem, oxidiertem Aluminium.<\/li>\n<li>Hufeisenf\u00f6rmige F\u00fc\u00dfe f\u00fcr einen stabilen Stand.<\/li>\n<li>Erh\u00e4ltlich in 3-teiligen und 4-teiligen Ausf\u00fchrungen f\u00fcr flexible H\u00f6henverstellung.<\/li>\n<li>Leichtes Design f\u00fcr einfachen Transport und Aufbau.<\/li>\n<\/ul>","protected":false},"featured_media":4042,"comment_status":"open","ping_status":"closed","template":"","meta":[],"product_brand":[],"product_cat":[94,122],"product_tag":[],"class_list":{"0":"post-4039","1":"product","2":"type-product","3":"status-publish","4":"has-post-thumbnail","6":"product_cat-laser-level-accessory","7":"product_cat-laser-level-tripod","9":"first","10":"instock","11":"shipping-taxable","12":"product-type-simple"},"_links":{"self":[{"href":"https:\/\/mountlaser.com\/de\/wp-json\/wp\/v2\/product\/4039","targetHints":{"allow":["GET"]}}],"collection":[{"href":"https:\/\/mountlaser.com\/de\/wp-json\/wp\/v2\/product"}],"about":[{"href":"https:\/\/mountlaser.com\/de\/wp-json\/wp\/v2\/types\/product"}],"replies":[{"embeddable":true,"href":"https:\/\/mountlaser.com\/de\/wp-json\/wp\/v2\/comments?post=4039"}],"wp:featuredmedia":[{"embeddable":true,"href":"https:\/\/mountlaser.com\/de\/wp-json\/wp\/v2\/media\/4042"}],"wp:attachment":[{"href":"https:\/\/mountlaser.com\/de\/wp-json\/wp\/v2\/media?parent=4039"}],"wp:term":[{"taxonomy":"product_brand","embeddable":true,"href":"https:\/\/mountlaser.com\/de\/wp-json\/wp\/v2\/product_brand?post=4039"},{"taxonomy":"product_cat","embeddable":true,"href":"https:\/\/mountlaser.com\/de\/wp-json\/wp\/v2\/product_cat?post=4039"},{"taxonomy":"product_tag","embeddable":true,"href":"https:\/\/mountlaser.com\/de\/wp-json\/wp\/v2\/product_tag?post=4039"}],"curies":[{"name":"wp","href":"https:\/\/api.w.org\/{rel}","templated":true}]}}