{"id":403,"date":"2024-03-20T16:30:44","date_gmt":"2024-03-20T16:30:44","guid":{"rendered":"https:\/\/startersites.io\/blocksy\/pottery\/?post_type=product&#038;p=403"},"modified":"2025-12-01T07:44:14","modified_gmt":"2025-12-01T07:44:14","slug":"tr-8-japanese-style-tribrach","status":"publish","type":"product","link":"https:\/\/mountlaser.com\/de\/produkt\/tr-8-japanese-style-tribrach\/","title":{"rendered":"TR-8 Japanischer Dreifu\u00df"},"content":{"rendered":"<p>Steigern Sie die Genauigkeit Ihrer Vermessungsarbeiten mit dem <a href=\"https:\/\/mountlaser.com\/de\/\"><strong>Laserhalterung TR-8<\/strong><\/a>, A <a href=\"https:\/\/mountlaser.com\/de\/produkt-kategorie\/surveying-accessory\/\"><strong>Pr\u00e4zisions-Dreiarm im japanischen Stil<\/strong><\/a> Entwickelt f\u00fcr Profis, die h\u00f6chste Zuverl\u00e4ssigkeit fordern. Dieses Modell entspricht den h\u00f6chsten japanischen TOP-Fertigungsstandards und bietet au\u00dfergew\u00f6hnliche Stabilit\u00e4t f\u00fcr Ihre Totalstation \u2013 ganz ohne optisches Lot.<\/p>\n<p><img fetchpriority=\"high\" decoding=\"async\" class=\"aligncenter wp-image-2133\" src=\"https:\/\/mountlaser.com\/wp-content\/uploads\/2025\/09\/10-1.webp\" alt=\"Precision Japanese-Style Tribrach \" width=\"500\" height=\"500\" srcset=\"https:\/\/mountlaser.com\/wp-content\/uploads\/2025\/09\/10-1.webp 1000w, https:\/\/mountlaser.com\/wp-content\/uploads\/2025\/09\/10-1-300x300.webp 300w, https:\/\/mountlaser.com\/wp-content\/uploads\/2025\/09\/10-1-400x400.webp 400w, https:\/\/mountlaser.com\/wp-content\/uploads\/2025\/09\/10-1-800x800.webp 800w, https:\/\/mountlaser.com\/wp-content\/uploads\/2025\/09\/10-1-600x600.webp 600w, https:\/\/mountlaser.com\/wp-content\/uploads\/2025\/09\/10-1-150x150.webp 150w, https:\/\/mountlaser.com\/wp-content\/uploads\/2025\/09\/10-1-768x768.webp 768w, https:\/\/mountlaser.com\/wp-content\/uploads\/2025\/09\/10-1-12x12.webp 12w\" sizes=\"(max-width: 500px) 100vw, 500px\" \/><br \/>\nDer <a href=\"https:\/\/mountlaser.com\/de\/contact-us\/\">TR-8 Pr\u00e4zisions-Dreiarm im japanischen Stil<\/a> Die TR-8 Pr\u00e4zisions-Dreibeinst\u00fctze im japanischen Stil von Mount Laser ist f\u00fcr den harten t\u00e4glichen Einsatz konzipiert und gew\u00e4hrleistet so eine gleichbleibende Leistung auf jeder Baustelle. Sie ist in Gelb, Grau oder Schwarz erh\u00e4ltlich und l\u00e4sst sich so leicht identifizieren. Wenn Sie h\u00f6chste Anspr\u00fcche an Ihre Arbeit stellen, w\u00e4hlen Sie die TR-8 Pr\u00e4zisions-Dreibeinst\u00fctze im japanischen Stil von Mount Laser.<\/p>","protected":false},"excerpt":{"rendered":"<ul>\n<li>Optisches Lot ohne Lot (TR-8): Bietet eine robuste, kosteng\u00fcnstige und vereinfachte Einrichtungsl\u00f6sung.<\/li>\n<li>Japanischer Spitzenqualit\u00e4tsstandard: Ausgezeichnete Verarbeitung und langlebige Materialien<\/li>\n<li>f\u00fcr dauerhafte Leistungsf\u00e4higkeit unter harten Bedingungen.<\/li>\n<\/ul>","protected":false},"featured_media":2129,"comment_status":"open","ping_status":"closed","template":"","meta":[],"product_brand":[],"product_cat":[79,99],"product_tag":[],"class_list":{"0":"post-403","1":"product","2":"type-product","3":"status-publish","4":"has-post-thumbnail","6":"product_cat-surveying-accessory","7":"product_cat-japanese-style-tribrach","9":"first","10":"instock","11":"shipping-taxable","12":"product-type-simple"},"_links":{"self":[{"href":"https:\/\/mountlaser.com\/de\/wp-json\/wp\/v2\/product\/403","targetHints":{"allow":["GET"]}}],"collection":[{"href":"https:\/\/mountlaser.com\/de\/wp-json\/wp\/v2\/product"}],"about":[{"href":"https:\/\/mountlaser.com\/de\/wp-json\/wp\/v2\/types\/product"}],"replies":[{"embeddable":true,"href":"https:\/\/mountlaser.com\/de\/wp-json\/wp\/v2\/comments?post=403"}],"wp:featuredmedia":[{"embeddable":true,"href":"https:\/\/mountlaser.com\/de\/wp-json\/wp\/v2\/media\/2129"}],"wp:attachment":[{"href":"https:\/\/mountlaser.com\/de\/wp-json\/wp\/v2\/media?parent=403"}],"wp:term":[{"taxonomy":"product_brand","embeddable":true,"href":"https:\/\/mountlaser.com\/de\/wp-json\/wp\/v2\/product_brand?post=403"},{"taxonomy":"product_cat","embeddable":true,"href":"https:\/\/mountlaser.com\/de\/wp-json\/wp\/v2\/product_cat?post=403"},{"taxonomy":"product_tag","embeddable":true,"href":"https:\/\/mountlaser.com\/de\/wp-json\/wp\/v2\/product_tag?post=403"}],"curies":[{"name":"wp","href":"https:\/\/api.w.org\/{rel}","templated":true}]}}