{"id":4027,"date":"2025-11-11T09:10:43","date_gmt":"2025-11-11T09:10:43","guid":{"rendered":"https:\/\/mountlaser.com\/?post_type=product&#038;p=4027"},"modified":"2025-12-18T08:44:02","modified_gmt":"2025-12-18T08:44:02","slug":"ba3-160hp-black-elevator-tripod","status":"publish","type":"product","link":"https:\/\/mountlaser.com\/de\/produkt\/ba3-160hp-black-elevator-tripod\/","title":{"rendered":"BA3-160HP Schwarzes Aufzugsstativ"},"content":{"rendered":"<p>Der <a href=\"https:\/\/mountlaser.com\/de\/\"><strong>BA3-160HP Schwarzes Aufzugsstativ<\/strong> <\/a>ist ein <a href=\"https:\/\/mountlaser.com\/de\/products\/\"><strong>Hochwertiges Laser-Nivellierstativ<\/strong> <\/a>Dieses Stativ wurde f\u00fcr Profis entwickelt, die bei ihren Messarbeiten h\u00f6chste Stabilit\u00e4t, Pr\u00e4zision und Vielseitigkeit ben\u00f6tigen. Gefertigt aus oxidiertem Aluminium, bietet dieses robuste Stativ herausragende Stabilit\u00e4t bei gleichzeitig geringem Gewicht f\u00fcr bequemen Transport.<\/p>\n<p>Das elegante schwarze Stativ BA3-160HP mit Hufeisenfu\u00df sorgt f\u00fcr sicheren Stand, selbst auf unebenem Untergrund. Ein optionaler Mittelhaken und rutschfeste Gummif\u00fc\u00dfe gew\u00e4hrleisten zuverl\u00e4ssigen Halt und Vibrationsd\u00e4mpfung. Das hochwertige Laser-Nivellierstativ verf\u00fcgt au\u00dferdem \u00fcber einen abnehmbaren Neigekopf mit 1\/4&quot;-20-Gewinde und ist somit mit verschiedenen Laser-Nivellierger\u00e4ten kompatibel.<\/p>\n<p>Verf\u00fcgbar in <a href=\"https:\/\/mountlaser.com\/de\/contact-us\/\">mehrere H\u00f6henoptionen<\/a>Das schwarze Stativ BA3-160HP mit H\u00f6henverstellung von 45 cm bis 300 cm erf\u00fcllt die Anforderungen einer Vielzahl von Anwendungen im Bauwesen, in der Vermessung und bei der Ausrichtung. Es wurde f\u00fcr pr\u00e4zise Nivellierungsarbeiten entwickelt und ist daher die bevorzugte Wahl f\u00fcr Profis, die Wert auf Langlebigkeit und Genauigkeit legen.<\/p>\n<p><img fetchpriority=\"high\" decoding=\"async\" class=\"aligncenter wp-image-4031\" src=\"https:\/\/mountlaser.com\/wp-content\/uploads\/2025\/11\/B3160HP4.webp\" alt=\"BA3-160HP Black Elevator Tripod\" width=\"500\" height=\"500\" srcset=\"https:\/\/mountlaser.com\/wp-content\/uploads\/2025\/11\/B3160HP4.webp 1000w, https:\/\/mountlaser.com\/wp-content\/uploads\/2025\/11\/B3160HP4-300x300.webp 300w, https:\/\/mountlaser.com\/wp-content\/uploads\/2025\/11\/B3160HP4-400x400.webp 400w, https:\/\/mountlaser.com\/wp-content\/uploads\/2025\/11\/B3160HP4-800x800.webp 800w, https:\/\/mountlaser.com\/wp-content\/uploads\/2025\/11\/B3160HP4-600x600.webp 600w, https:\/\/mountlaser.com\/wp-content\/uploads\/2025\/11\/B3160HP4-150x150.webp 150w, https:\/\/mountlaser.com\/wp-content\/uploads\/2025\/11\/B3160HP4-768x768.webp 768w, https:\/\/mountlaser.com\/wp-content\/uploads\/2025\/11\/B3160HP4-12x12.webp 12w\" sizes=\"(max-width: 500px) 100vw, 500px\" \/><\/p>\n<p><strong>BA3-160HP Schwarzes Aufzugsstativ Spezifikationen<\/strong><\/p>\n<div>\n<table style=\"border-collapse: collapse; width: 564.02pt;\" border=\"0\" width=\"752\" cellspacing=\"0\" cellpadding=\"0\">\n<tbody>\n<tr style=\"height: 14.25pt;\">\n<td class=\"et2\" style=\"height: 14.25pt; width: 127.50pt;\" width=\"170\" height=\"19\">NUMMER<\/td>\n<td class=\"et3\" style=\"width: 92.25pt;\" width=\"123\">FARBE<\/td>\n<td class=\"et3\" style=\"width: 77.25pt;\" width=\"103\">MATERIAL<\/td>\n<td class=\"et3\" style=\"width: 96.75pt;\" width=\"129\">H\u00d6HE<\/td>\n<td class=\"et3\" style=\"width: 170.25pt;\" width=\"227\">FADEN<\/td>\n<\/tr>\n<tr style=\"height: 14.25pt;\">\n<td class=\"et4\" style=\"height: 14.25pt;\" height=\"19\">EBA3-120\/150\/180 PS<\/td>\n<td class=\"et4\">Schwarz<\/td>\n<td class=\"et4\">Aluminium<\/td>\n<td class=\"et4\">120\/150\/180 cm<\/td>\n<td class=\"et4\">Kunststoffkopf 5\/8\u2033-11<\/td>\n<\/tr>\n<tr style=\"height: 14.25pt;\">\n<td class=\"et4\" style=\"height: 14.25pt;\" height=\"19\">BA3\/120\/160 PS<\/td>\n<td class=\"et4\">Schwarz<\/td>\n<td class=\"et4\">Aluminium<\/td>\n<td class=\"et4\">120\/160 cm<\/td>\n<td class=\"et4\">Kunststoffkopf 5\/8\u2033-11<\/td>\n<\/tr>\n<tr style=\"height: 14.25pt;\">\n<td class=\"et4\" style=\"height: 14.25pt;\" height=\"19\">BA3-180\/200HB<\/td>\n<td class=\"et4\">Schwarz<\/td>\n<td class=\"et4\">Aluminium<\/td>\n<td class=\"et4\">180\/200 cm<\/td>\n<td class=\"et4\">Gro\u00dfer runder Kopf 5\/8\u2033-11<\/td>\n<\/tr>\n<tr style=\"height: 14.25pt;\">\n<td class=\"et4\" style=\"height: 14.25pt;\" height=\"19\">BA3-300HA<\/td>\n<td class=\"et4\">Schwarz<\/td>\n<td class=\"et4\">Aluminium<\/td>\n<td class=\"et4\">300 cm<\/td>\n<td class=\"et4\">Aluminiumkopf 5\/8\u2033-11<\/td>\n<\/tr>\n<\/tbody>\n<\/table>\n<\/div>","protected":false},"excerpt":{"rendered":"<ul>\n<li>Material: Oxidiertes Aluminium f\u00fcr geringes Gewicht und hohe Langlebigkeit<\/li>\n<li>Farbe: Professionelle, matte, schwarze Oberfl\u00e4che<\/li>\n<li>Fu\u00dftyp: Hufeisenf\u00f6rmige Basis mit optionaler rutschfester Gummiabdeckung<\/li>\n<li>H\u00f6henbereich: 0,45 m \u2013 3,0 m<\/li>\n<li>Zus\u00e4tzliche Option: Mittelhaken f\u00fcr verbesserte Stabilit\u00e4t<\/li>\n<\/ul>","protected":false},"featured_media":4028,"comment_status":"open","ping_status":"closed","template":"","meta":[],"product_brand":[],"product_cat":[122,94],"product_tag":[],"class_list":{"0":"post-4027","1":"product","2":"type-product","3":"status-publish","4":"has-post-thumbnail","6":"product_cat-laser-level-tripod","7":"product_cat-laser-level-accessory","9":"first","10":"instock","11":"shipping-taxable","12":"product-type-simple"},"_links":{"self":[{"href":"https:\/\/mountlaser.com\/de\/wp-json\/wp\/v2\/product\/4027","targetHints":{"allow":["GET"]}}],"collection":[{"href":"https:\/\/mountlaser.com\/de\/wp-json\/wp\/v2\/product"}],"about":[{"href":"https:\/\/mountlaser.com\/de\/wp-json\/wp\/v2\/types\/product"}],"replies":[{"embeddable":true,"href":"https:\/\/mountlaser.com\/de\/wp-json\/wp\/v2\/comments?post=4027"}],"wp:featuredmedia":[{"embeddable":true,"href":"https:\/\/mountlaser.com\/de\/wp-json\/wp\/v2\/media\/4028"}],"wp:attachment":[{"href":"https:\/\/mountlaser.com\/de\/wp-json\/wp\/v2\/media?parent=4027"}],"wp:term":[{"taxonomy":"product_brand","embeddable":true,"href":"https:\/\/mountlaser.com\/de\/wp-json\/wp\/v2\/product_brand?post=4027"},{"taxonomy":"product_cat","embeddable":true,"href":"https:\/\/mountlaser.com\/de\/wp-json\/wp\/v2\/product_cat?post=4027"},{"taxonomy":"product_tag","embeddable":true,"href":"https:\/\/mountlaser.com\/de\/wp-json\/wp\/v2\/product_tag?post=4027"}],"curies":[{"name":"wp","href":"https:\/\/api.w.org\/{rel}","templated":true}]}}