{"id":3974,"date":"2025-11-11T06:03:38","date_gmt":"2025-11-11T06:03:38","guid":{"rendered":"https:\/\/mountlaser.com\/?post_type=product&#038;p=3974"},"modified":"2025-12-18T07:00:10","modified_gmt":"2025-12-18T07:00:10","slug":"sa11-050f-silver-mini-elevator-tripod","status":"publish","type":"product","link":"https:\/\/mountlaser.com\/de\/produkt\/sa11-050f-silver-mini-elevator-tripod\/","title":{"rendered":"SA11-050F Silbernes Mini-Aufzugstativ"},"content":{"rendered":"<p>Der <a href=\"https:\/\/mountlaser.com\/de\/\"><strong>Silbernes Mini-Aufzugstativ<\/strong><\/a> ist kompakt und robust <a href=\"https:\/\/mountlaser.com\/de\/products\/\"><strong>SA11-050F Neigbarer Laser-Nivellierkopf-Stativ<\/strong><\/a> Dieses Stativ wurde f\u00fcr Profis entwickelt, die Pr\u00e4zision bei geringem Gewicht ben\u00f6tigen. Gefertigt aus oxidiertem Aluminium, vereint es Stabilit\u00e4t und Mobilit\u00e4t und ist somit ideal f\u00fcr Laser-Nivellierarbeiten, Innenausbauten und pr\u00e4zise Messanwendungen.<\/p>\n<p>Das in elegantem Silber gehaltene Mini-Nivellierstativ SA11-050F verf\u00fcgt \u00fcber einen festen, neigbaren Kopf mit abnehmbarem 1\/4\u2033-20-Gewinde. So lassen sich Laserwinkel einfach einstellen und verschiedene Nivellierger\u00e4te montieren. Erh\u00e4ltlich in 50 cm und 100 cm H\u00f6he, bietet das Stativ Flexibilit\u00e4t f\u00fcr Messungen auf dem Tisch und in niedrigen H\u00f6hen und gew\u00e4hrleistet h\u00f6chste Genauigkeit auch in beengten oder detailreichen Arbeitsbereichen.<\/p>\n<p>Der <a href=\"https:\/\/mountlaser.com\/de\/contact-us\/\">Silbernes Mini-Aufzugstativ<\/a>\u2019Dank des stabilen Aluminiumrahmens und der pr\u00e4zisen Neigungseinstellung ist es eine ausgezeichnete Wahl f\u00fcr Bauunternehmer, Ingenieure und Vermesser, die Wert auf Stabilit\u00e4t und Kontrolle in beengten Umgebungen legen.<\/p>\n<p><img fetchpriority=\"high\" decoding=\"async\" class=\"aligncenter wp-image-3976\" src=\"https:\/\/mountlaser.com\/wp-content\/uploads\/2025\/11\/S110502.webp\" alt=\"SA11-050F Silver Mini Elevator Tripod\" width=\"500\" height=\"500\" srcset=\"https:\/\/mountlaser.com\/wp-content\/uploads\/2025\/11\/S110502.webp 1000w, https:\/\/mountlaser.com\/wp-content\/uploads\/2025\/11\/S110502-300x300.webp 300w, https:\/\/mountlaser.com\/wp-content\/uploads\/2025\/11\/S110502-400x400.webp 400w, https:\/\/mountlaser.com\/wp-content\/uploads\/2025\/11\/S110502-800x800.webp 800w, https:\/\/mountlaser.com\/wp-content\/uploads\/2025\/11\/S110502-600x600.webp 600w, https:\/\/mountlaser.com\/wp-content\/uploads\/2025\/11\/S110502-150x150.webp 150w, https:\/\/mountlaser.com\/wp-content\/uploads\/2025\/11\/S110502-768x768.webp 768w, https:\/\/mountlaser.com\/wp-content\/uploads\/2025\/11\/S110502-12x12.webp 12w\" sizes=\"(max-width: 500px) 100vw, 500px\" \/><\/p>\n<div>\n<table style=\"border-collapse: collapse; width: 1034.28pt;\" border=\"0\" width=\"1379\" cellspacing=\"0\" cellpadding=\"0\">\n<tbody>\n<tr style=\"height: 17.25pt;\">\n<td class=\"et2\" style=\"height: 17.25pt; width: 322.50pt;\" width=\"430\" height=\"23\">NUMMER<\/td>\n<td class=\"et3\" style=\"width: 309.00pt;\" width=\"412\">FARBE<\/td>\n<td class=\"et4\" style=\"width: 88.50pt;\" width=\"118\">MATERIAL<\/td>\n<td class=\"et4\" style=\"width: 138.00pt;\" width=\"184\">H\u00d6HE<\/td>\n<td class=\"et4\" style=\"width: 176.25pt;\" width=\"235\">FADEN<\/td>\n<\/tr>\n<tr style=\"height: 17.25pt;\">\n<td class=\"et5\" style=\"height: 17.25pt;\" height=\"23\">SA11-050F<\/td>\n<td class=\"et5\">Silber<\/td>\n<td class=\"et4\">Aluminium<\/td>\n<td class=\"et5\">50 cm<\/td>\n<td class=\"et5\">Feststehender Neigekopf, 1\/4\u2033-20 Gewinde<\/td>\n<\/tr>\n<tr style=\"height: 17.25pt;\">\n<td class=\"et5\" style=\"height: 17.25pt;\" height=\"23\">SA11-100F<\/td>\n<td class=\"et5\">Silber<\/td>\n<td class=\"et4\">Aluminium<\/td>\n<td class=\"et5\">100 cm<\/td>\n<td class=\"et5\">Feststehender Neigekopf, 1\/4\u2033-20 Gewinde<\/td>\n<\/tr>\n<\/tbody>\n<\/table>\n<\/div>","protected":false},"excerpt":{"rendered":"<ul>\n<li>Material: Oxidiertes Aluminium f\u00fcr Langlebigkeit und geringes Gewicht<\/li>\n<li>Farbe: Professionelle Silberoberfl\u00e4che<\/li>\n<li>Kopftyp: Feststehender, neigbarer Kopf mit abnehmbarem 1\/4\u2033-20-Gewinde<\/li>\n<li>H\u00f6henoptionen: 50 cm \/ 100 cm (anpassbar)<\/li>\n<li>Design: Kompakt und stabil f\u00fcr niedrige H\u00f6hen oder die Verwendung auf Tischen<\/li>\n<\/ul>","protected":false},"featured_media":3976,"comment_status":"open","ping_status":"closed","template":"","meta":[],"product_brand":[],"product_cat":[94,122],"product_tag":[],"class_list":{"0":"post-3974","1":"product","2":"type-product","3":"status-publish","4":"has-post-thumbnail","6":"product_cat-laser-level-accessory","7":"product_cat-laser-level-tripod","9":"first","10":"instock","11":"shipping-taxable","12":"product-type-simple"},"_links":{"self":[{"href":"https:\/\/mountlaser.com\/de\/wp-json\/wp\/v2\/product\/3974","targetHints":{"allow":["GET"]}}],"collection":[{"href":"https:\/\/mountlaser.com\/de\/wp-json\/wp\/v2\/product"}],"about":[{"href":"https:\/\/mountlaser.com\/de\/wp-json\/wp\/v2\/types\/product"}],"replies":[{"embeddable":true,"href":"https:\/\/mountlaser.com\/de\/wp-json\/wp\/v2\/comments?post=3974"}],"wp:featuredmedia":[{"embeddable":true,"href":"https:\/\/mountlaser.com\/de\/wp-json\/wp\/v2\/media\/3976"}],"wp:attachment":[{"href":"https:\/\/mountlaser.com\/de\/wp-json\/wp\/v2\/media?parent=3974"}],"wp:term":[{"taxonomy":"product_brand","embeddable":true,"href":"https:\/\/mountlaser.com\/de\/wp-json\/wp\/v2\/product_brand?post=3974"},{"taxonomy":"product_cat","embeddable":true,"href":"https:\/\/mountlaser.com\/de\/wp-json\/wp\/v2\/product_cat?post=3974"},{"taxonomy":"product_tag","embeddable":true,"href":"https:\/\/mountlaser.com\/de\/wp-json\/wp\/v2\/product_tag?post=3974"}],"curies":[{"name":"wp","href":"https:\/\/api.w.org\/{rel}","templated":true}]}}