{"id":3955,"date":"2025-11-11T05:43:10","date_gmt":"2025-11-11T05:43:10","guid":{"rendered":"https:\/\/mountlaser.com\/?post_type=product&#038;p=3955"},"modified":"2025-12-18T08:11:52","modified_gmt":"2025-12-18T08:11:52","slug":"ba5-120-150hf-black-elevator-tripod","status":"publish","type":"product","link":"https:\/\/mountlaser.com\/de\/produkt\/ba5-120-150hf-black-elevator-tripod\/","title":{"rendered":"BA5-120\/150HF Schwarzes Aufzugstativ"},"content":{"rendered":"<p>Der <a href=\"https:\/\/mountlaser.com\/de\/\"><strong>Schwarzes Aufzugstativ<\/strong><\/a> ist langlebig und von professioneller Qualit\u00e4t <a href=\"https:\/\/mountlaser.com\/de\/products\/\"><strong>Neigbarer Laser-Nivellierkopf, Stativ<\/strong> <\/a>Dieses Stativ wurde f\u00fcr optimale Stabilit\u00e4t, Pr\u00e4zision und Flexibilit\u00e4t bei Laser-Nivellier- und Vermessungsarbeiten entwickelt. Gefertigt aus hochwertigem oxidiertem Aluminium, garantiert dieses schwarze Stativ eine lange Lebensdauer bei gleichzeitig geringem Gewicht f\u00fcr einfachen Transport.<\/p>\n<p>Das Stativ \u201eBlack Elevator\u201c verf\u00fcgt \u00fcber einen festen, neigbaren Kopf mit abnehmbarem 1\/4\u2033-20-Gewinde. Dadurch l\u00e4sst sich der Winkel des Messger\u00e4ts einfach anpassen und verschiedene Laser-Nivellierger\u00e4te und Messger\u00e4te sicher befestigen. Die hufeisenf\u00f6rmige Fu\u00dfkonstruktion sorgt f\u00fcr festen Halt auf unebenen oder rauen Oberfl\u00e4chen und gew\u00e4hrleistet so Stabilit\u00e4t in jeder Arbeitsumgebung.<\/p>\n<p><img fetchpriority=\"high\" decoding=\"async\" class=\"aligncenter wp-image-3959\" src=\"https:\/\/mountlaser.com\/wp-content\/uploads\/2025\/11\/B5120HF4.webp\" alt=\"BA5-120HF BLACK ELEVATOR TRIPOD\" width=\"500\" height=\"500\" srcset=\"https:\/\/mountlaser.com\/wp-content\/uploads\/2025\/11\/B5120HF4.webp 1000w, https:\/\/mountlaser.com\/wp-content\/uploads\/2025\/11\/B5120HF4-300x300.webp 300w, https:\/\/mountlaser.com\/wp-content\/uploads\/2025\/11\/B5120HF4-400x400.webp 400w, https:\/\/mountlaser.com\/wp-content\/uploads\/2025\/11\/B5120HF4-800x800.webp 800w, https:\/\/mountlaser.com\/wp-content\/uploads\/2025\/11\/B5120HF4-600x600.webp 600w, https:\/\/mountlaser.com\/wp-content\/uploads\/2025\/11\/B5120HF4-150x150.webp 150w, https:\/\/mountlaser.com\/wp-content\/uploads\/2025\/11\/B5120HF4-768x768.webp 768w, https:\/\/mountlaser.com\/wp-content\/uploads\/2025\/11\/B5120HF4-12x12.webp 12w\" sizes=\"(max-width: 500px) 100vw, 500px\" \/><\/p>\n<p>Erh\u00e4ltlich in 120 cm und 150 cm <a href=\"https:\/\/mountlaser.com\/de\/contact-us\/\">H\u00f6henoptionen<\/a>, Das Laser-Nivellierstativ mit neigbarem Kopf l\u00e4sst sich zudem an spezifische Messanforderungen anpassen. Die elegante, schwarze Oxidbeschichtung verleiht ihm nicht nur ein professionelles Aussehen, sondern sch\u00fctzt es auch vor Korrosion und Verschlei\u00df \u2013 und macht es so zu einem zuverl\u00e4ssigen Begleiter f\u00fcr Messprojekte im Innen- und Au\u00dfenbereich.<\/p>\n<table style=\"height: 241px;\" width=\"862\">\n<tbody>\n<tr>\n<td width=\"170\">NUMMER<\/td>\n<td width=\"123\">FARBE<\/td>\n<td width=\"103\">MATERIAL<\/td>\n<td width=\"96\">H\u00d6HE<\/td>\n<td width=\"227\">FADEN<\/td>\n<\/tr>\n<tr>\n<td>BS5-120HF<\/td>\n<td>Schwarz<\/td>\n<td>Stahl<\/td>\n<td>120 cm<\/td>\n<td rowspan=\"4\" width=\"227\">\u00a0Feststehender Neigekopf mit abnehmbarem 1\/4\u2033-20-Gewinde<\/td>\n<\/tr>\n<tr>\n<td>BS5-150HF<\/td>\n<td>Schwarz<\/td>\n<td>Stahl<\/td>\n<td>150 cm<\/td>\n<\/tr>\n<tr>\n<td>BA5-120HF<\/td>\n<td>Schwarz<\/td>\n<td>Aluminium<\/td>\n<td>120 cm<\/td>\n<\/tr>\n<tr>\n<td>BA5-150HF<\/td>\n<td>Schwarz<\/td>\n<td>Aluminium<\/td>\n<td>150 cm<\/td>\n<\/tr>\n<\/tbody>\n<\/table>\n<p>&nbsp;<\/p>","protected":false},"excerpt":{"rendered":"<ul>\n<li>Kopftyp: Feststehender, neigbarer Kopf mit abnehmbarem 1\/4\u2033-20-Gewinde<\/li>\n<li>H\u00f6henoptionen: 120 cm \/ 150 cm (anpassbar)<\/li>\n<li>Fu\u00dfdesign: Hufeisenform f\u00fcr festen Bodenkontakt<\/li>\n<li>Farbe: Elegantes Schwarz f\u00fcr ein professionelles Erscheinungsbild<\/li>\n<\/ul>","protected":false},"featured_media":3966,"comment_status":"open","ping_status":"closed","template":"","meta":[],"product_brand":[],"product_cat":[94,122],"product_tag":[],"class_list":{"0":"post-3955","1":"product","2":"type-product","3":"status-publish","4":"has-post-thumbnail","6":"product_cat-laser-level-accessory","7":"product_cat-laser-level-tripod","9":"first","10":"instock","11":"shipping-taxable","12":"product-type-simple"},"_links":{"self":[{"href":"https:\/\/mountlaser.com\/de\/wp-json\/wp\/v2\/product\/3955","targetHints":{"allow":["GET"]}}],"collection":[{"href":"https:\/\/mountlaser.com\/de\/wp-json\/wp\/v2\/product"}],"about":[{"href":"https:\/\/mountlaser.com\/de\/wp-json\/wp\/v2\/types\/product"}],"replies":[{"embeddable":true,"href":"https:\/\/mountlaser.com\/de\/wp-json\/wp\/v2\/comments?post=3955"}],"wp:featuredmedia":[{"embeddable":true,"href":"https:\/\/mountlaser.com\/de\/wp-json\/wp\/v2\/media\/3966"}],"wp:attachment":[{"href":"https:\/\/mountlaser.com\/de\/wp-json\/wp\/v2\/media?parent=3955"}],"wp:term":[{"taxonomy":"product_brand","embeddable":true,"href":"https:\/\/mountlaser.com\/de\/wp-json\/wp\/v2\/product_brand?post=3955"},{"taxonomy":"product_cat","embeddable":true,"href":"https:\/\/mountlaser.com\/de\/wp-json\/wp\/v2\/product_cat?post=3955"},{"taxonomy":"product_tag","embeddable":true,"href":"https:\/\/mountlaser.com\/de\/wp-json\/wp\/v2\/product_tag?post=3955"}],"curies":[{"name":"wp","href":"https:\/\/api.w.org\/{rel}","templated":true}]}}