{"id":3952,"date":"2025-11-11T03:10:14","date_gmt":"2025-11-11T03:10:14","guid":{"rendered":"https:\/\/mountlaser.com\/?post_type=product&#038;p=3952"},"modified":"2025-12-18T09:03:46","modified_gmt":"2025-12-18T09:03:46","slug":"sa1-045hp-silver-elevator-tripod","status":"publish","type":"product","link":"https:\/\/mountlaser.com\/de\/produkt\/sa1-045hp-silver-elevator-tripod\/","title":{"rendered":"SA1-045HP SILBERNES AUFZUGSTREIFEN"},"content":{"rendered":"<p data-start=\"300\" data-end=\"814\">Der <a href=\"https:\/\/mountlaser.com\/de\/\"><strong data-start=\"304\" data-end=\"340\">SA1-045HP SILBERNES AUFZUGSTREIFEN<\/strong><\/a> ist eine praktische und kosteng\u00fcnstige Supportl\u00f6sung, die speziell f\u00fcr Anwender von Laser-Nivellierger\u00e4ten entwickelt wurde, die Zuverl\u00e4ssigkeit ohne hohe Kosten ben\u00f6tigen. Als <a href=\"https:\/\/mountlaser.com\/de\/products\/\"><strong data-start=\"472\" data-end=\"503\">Preiswertes Laser-Nivellierstativ<\/strong><\/a>, Das Stativ SA1-045HP SILVER ELEVATOR TRIPOD zeichnet sich durch seine leichte Konstruktion aus oxidiertem Aluminium und sein stabiles, hufeisenf\u00f6rmiges Fu\u00dfdesign aus und eignet sich daher ideal f\u00fcr Nivellierarbeiten im Innen- und Au\u00dfenbereich. Es bietet zuverl\u00e4ssige Leistung und ein hervorragendes Preis-Leistungs-Verh\u00e4ltnis als kosteng\u00fcnstiges Laser-Nivellierstativ.<\/p>\n<p data-start=\"816\" data-end=\"1412\">Das SA1-045HP SILVER ELEVATOR TRIPOD ist in professionellem Silber gehalten und aus robustem, oxidiertem Aluminium gefertigt, was Korrosionsbest\u00e4ndigkeit und eine lange Lebensdauer gew\u00e4hrleistet. Dieses kosteng\u00fcnstige Laser-Nivellierstativ ist standardm\u00e4\u00dfig mit einem Kunststoffkopf mit 5\/8\u2033-11-Gewinde ausgestattet und somit mit den meisten Laser-Nivellierger\u00e4ten und Vermessungsinstrumenten kompatibel. F\u00fcr Anwender, die mehr Flexibilit\u00e4t ben\u00f6tigen, ist das SA1-045HP SILVER ELEVATOR TRIPOD optional mit einem abnehmbaren Neigekopf mit 1\/4\u2033-20-Gewinde erh\u00e4ltlich, was seine Einsatzm\u00f6glichkeiten als kosteng\u00fcnstiges Laser-Nivellierstativ nochmals erweitert.<\/p>\n<p data-start=\"1414\" data-end=\"1873\">Mit verschiedenen H\u00f6henoptionen von 0,45 m, 1,20 m und 1,50 m passt sich das SA1-045HP SILVER ELEVATOR TRIPOD flexibel an unterschiedliche Baustellenanforderungen an. Die hufeisenf\u00f6rmigen F\u00fc\u00dfe verbessern die Bodenhaftung und Stabilit\u00e4t und gew\u00e4hrleisten eine pr\u00e4zise Laserpositionierung auch auf unebenem Untergrund. Es eignet sich ideal f\u00fcr Bauabsteckung, Innenausbau und allgemeine Nivellierungsarbeiten. <a href=\"https:\/\/mountlaser.com\/de\/contact-us\/\">Preiswertes Laser-Nivellierstativ<\/a> bietet ein ausgewogenes Verh\u00e4ltnis von Leistung, Tragbarkeit und Erschwinglichkeit.<\/p>\n<p><img fetchpriority=\"high\" decoding=\"async\" class=\"aligncenter wp-image-3945\" src=\"https:\/\/mountlaser.com\/wp-content\/uploads\/2025\/11\/S11503.webp\" alt=\"SA1-045HP SILVER ELEVATOR TRIPOD\" width=\"500\" height=\"500\" srcset=\"https:\/\/mountlaser.com\/wp-content\/uploads\/2025\/11\/S11503.webp 1000w, https:\/\/mountlaser.com\/wp-content\/uploads\/2025\/11\/S11503-300x300.webp 300w, https:\/\/mountlaser.com\/wp-content\/uploads\/2025\/11\/S11503-400x400.webp 400w, https:\/\/mountlaser.com\/wp-content\/uploads\/2025\/11\/S11503-800x800.webp 800w, https:\/\/mountlaser.com\/wp-content\/uploads\/2025\/11\/S11503-600x600.webp 600w, https:\/\/mountlaser.com\/wp-content\/uploads\/2025\/11\/S11503-150x150.webp 150w, https:\/\/mountlaser.com\/wp-content\/uploads\/2025\/11\/S11503-768x768.webp 768w, https:\/\/mountlaser.com\/wp-content\/uploads\/2025\/11\/S11503-12x12.webp 12w\" sizes=\"(max-width: 500px) 100vw, 500px\" \/><\/p>\n<p>&nbsp;<\/p>\n<div>\n<table style=\"border-collapse: collapse; width: 613.52pt;\" border=\"0\" width=\"818\" cellspacing=\"0\" cellpadding=\"0\">\n<tbody>\n<tr style=\"height: 14.25pt;\">\n<td class=\"et2\" style=\"height: 14.25pt; width: 127.50pt;\" width=\"170\" height=\"19\">NUMMER<\/td>\n<td class=\"et3\" style=\"width: 92.25pt;\" width=\"123\">FARBE<\/td>\n<td class=\"et3\" style=\"width: 77.25pt;\" width=\"103\">MATERIAL<\/td>\n<td class=\"et3\" style=\"width: 96.75pt;\" width=\"129\">H\u00d6HE<\/td>\n<td class=\"et3\" style=\"width: 219.75pt;\" width=\"293\">FADEN<\/td>\n<\/tr>\n<tr style=\"height: 14.25pt;\">\n<td class=\"et4\" style=\"height: 14.25pt;\" height=\"19\">SA1-045\/120\/150 PS<\/td>\n<td class=\"et4\">Silber<\/td>\n<td class=\"et4\">Aluminium<\/td>\n<td class=\"et4\">45\/120\/150 cm<\/td>\n<td class=\"et4\">Kunststoffkopf 5\/8\u2033-11<\/td>\n<\/tr>\n<tr style=\"height: 14.25pt;\">\n<td class=\"et4\" style=\"height: 14.25pt;\" height=\"19\">SA1-045\/120\/150HPR<\/td>\n<td class=\"et4\">Silber<\/td>\n<td class=\"et4\">Aluminium<\/td>\n<td class=\"et4\">45\/120\/150 cm<\/td>\n<td class=\"et4\">Kunststoffkopf 5\/8\u2033-11 + abnehmbarer Kippkopf 1\/4\u2033-20<\/td>\n<\/tr>\n<\/tbody>\n<\/table>\n<\/div>","protected":false},"excerpt":{"rendered":"<ul>\n<li>Bietet eine stabile und zuverl\u00e4ssige Unterst\u00fctzung f\u00fcr Laser-Nivellierger\u00e4te bei Ausrichtungs- und Layoutarbeiten.<\/li>\n<li>Die h\u00f6henverstellbare Konstruktion, \u00e4hnlich wie bei einem Aufzug, erm\u00f6glicht eine pr\u00e4zise Positionierung in verschiedenen Arbeitsh\u00f6hen.<\/li>\n<li>Hufeisenf\u00f6rmige F\u00fc\u00dfe verbessern die Stabilit\u00e4t auf unebenem oder weichem Untergrund<\/li>\n<li>Der Kunststoffkopf mit 5\/8\u2033-11-Gewinde gew\u00e4hrleistet eine breite Instrumentenkompatibilit\u00e4t.<\/li>\n<li>Ein optionaler, abnehmbarer Neigekopf mit 1\/4\u2033-20-Gewinde erh\u00f6ht die Flexibilit\u00e4t f\u00fcr verschiedene Anwendungen.<\/li>\n<\/ul>","protected":false},"featured_media":3944,"comment_status":"open","ping_status":"closed","template":"","meta":[],"product_brand":[],"product_cat":[94,122],"product_tag":[],"class_list":{"0":"post-3952","1":"product","2":"type-product","3":"status-publish","4":"has-post-thumbnail","6":"product_cat-laser-level-accessory","7":"product_cat-laser-level-tripod","9":"first","10":"instock","11":"shipping-taxable","12":"product-type-simple"},"_links":{"self":[{"href":"https:\/\/mountlaser.com\/de\/wp-json\/wp\/v2\/product\/3952","targetHints":{"allow":["GET"]}}],"collection":[{"href":"https:\/\/mountlaser.com\/de\/wp-json\/wp\/v2\/product"}],"about":[{"href":"https:\/\/mountlaser.com\/de\/wp-json\/wp\/v2\/types\/product"}],"replies":[{"embeddable":true,"href":"https:\/\/mountlaser.com\/de\/wp-json\/wp\/v2\/comments?post=3952"}],"wp:featuredmedia":[{"embeddable":true,"href":"https:\/\/mountlaser.com\/de\/wp-json\/wp\/v2\/media\/3944"}],"wp:attachment":[{"href":"https:\/\/mountlaser.com\/de\/wp-json\/wp\/v2\/media?parent=3952"}],"wp:term":[{"taxonomy":"product_brand","embeddable":true,"href":"https:\/\/mountlaser.com\/de\/wp-json\/wp\/v2\/product_brand?post=3952"},{"taxonomy":"product_cat","embeddable":true,"href":"https:\/\/mountlaser.com\/de\/wp-json\/wp\/v2\/product_cat?post=3952"},{"taxonomy":"product_tag","embeddable":true,"href":"https:\/\/mountlaser.com\/de\/wp-json\/wp\/v2\/product_tag?post=3952"}],"curies":[{"name":"wp","href":"https:\/\/api.w.org\/{rel}","templated":true}]}}