{"id":3932,"date":"2025-11-11T01:26:15","date_gmt":"2025-11-11T01:26:15","guid":{"rendered":"https:\/\/mountlaser.com\/?post_type=product&#038;p=3932"},"modified":"2025-11-27T06:19:58","modified_gmt":"2025-11-27T06:19:58","slug":"gps-extension-pole","status":"publish","type":"product","link":"https:\/\/mountlaser.com\/de\/produkt\/gps-extension-pole\/","title":{"rendered":"GPS-Verl\u00e4ngerungsstange"},"content":{"rendered":"<p>GPS-Verl\u00e4ngerungsstangen gibt es aus zwei Materialien: Aluminium-Verl\u00e4ngerungsstangen und Kohlefaser-Verl\u00e4ngerungsstangen.<\/p>\n<p>Der <a href=\"https:\/\/mountlaser.com\/de\/products\/\"><strong>Verl\u00e4ngerungsstange f\u00fcr GNSS<\/strong> <\/a>Dieses pr\u00e4zisionsgefertigte Zubeh\u00f6rteil bietet eine stabile und h\u00f6henverstellbare Halterung f\u00fcr GNSS-Empf\u00e4nger, Totalstationen und Laserinstrumente. Hergestellt aus hochwertigen Materialien wie einer Aluminium-Verl\u00e4ngerungsstange, Premium-Kohlefaser und 100% Toray-Kohlefaser, bietet es professionelle Vermessern \u00fcberragende Festigkeit, Stabilit\u00e4t und ein geringes Gewicht.<\/p>\n<p>Der <a href=\"https:\/\/mountlaser.com\/de\/about-us\/\"><strong>Verl\u00e4ngerungsstange aus Kohlefaser<\/strong> <\/a>Diese Verl\u00e4ngerungsstange aus hochwertiger Kohlefaser wurde f\u00fcr pr\u00e4zise Mess- und Vermessungsanwendungen entwickelt, die geringes Gewicht, hohe Festigkeit und au\u00dfergew\u00f6hnliche Stabilit\u00e4t erfordern. Sie bietet hervorragende Steifigkeit bei gleichzeitig deutlich reduziertem Gewicht, wodurch sie leicht zu transportieren und ideal f\u00fcr lange Feldeins\u00e4tze geeignet ist.<\/p>\n<p>Jede GNSS-Verl\u00e4ngerungsstange ist mit 5\/8\u2033-11-Au\u00dfen- und Innengewinde ausgestattet und somit universell mit verschiedenen Instrumenten und Adaptern kompatibel. Erh\u00e4ltlich in L\u00e4ngen von 15 cm bis 100 cm und Durchmessern von 25 mm oder 32 mm, erm\u00f6glicht sie eine flexible H\u00f6henverstellung f\u00fcr unterschiedliche Anforderungen im Feld. Die Aluminium-Variante bietet ein optimales Verh\u00e4ltnis von Haltbarkeit und Gewicht, w\u00e4hrend die Carbonfaser-Modelle maximale Steifigkeit bei minimaler Belastung gew\u00e4hrleisten.<\/p>\n<p><!--StartFragment --><\/p>\n<p class=\"pf0\"><span class=\"cf0\"><a href=\"https:\/\/mountlaser.com\/de\/contact-us\/\">GPS-Verl\u00e4ngerungsstange<\/a>, auch bekannt als GPS-Verl\u00e4ngerungsstange, ist in drei Farben erh\u00e4ltlich:<\/span><\/p>\n<p class=\"pf0\"><span class=\"cf0\">GPS-Verl\u00e4ngerungsstange \u2013 Gelb<\/span><\/p>\n<p class=\"pf0\">GPS-Verl\u00e4ngerungsstange \u2013 Grau<\/p>\n<p class=\"pf0\"><span class=\"cf0\">GPS-Verl\u00e4ngerungsstange \u2013 Gr\u00fcn<\/span><\/p>\n<p><!--EndFragment --><\/p>\n<p><img fetchpriority=\"high\" decoding=\"async\" class=\"aligncenter wp-image-3935\" src=\"https:\/\/mountlaser.com\/wp-content\/uploads\/2025\/11\/Extension-Pole3.webp\" alt=\"Extension Pole for GNSS\" width=\"500\" height=\"500\" srcset=\"https:\/\/mountlaser.com\/wp-content\/uploads\/2025\/11\/Extension-Pole3.webp 1000w, https:\/\/mountlaser.com\/wp-content\/uploads\/2025\/11\/Extension-Pole3-300x300.webp 300w, https:\/\/mountlaser.com\/wp-content\/uploads\/2025\/11\/Extension-Pole3-400x400.webp 400w, https:\/\/mountlaser.com\/wp-content\/uploads\/2025\/11\/Extension-Pole3-800x800.webp 800w, https:\/\/mountlaser.com\/wp-content\/uploads\/2025\/11\/Extension-Pole3-600x600.webp 600w, https:\/\/mountlaser.com\/wp-content\/uploads\/2025\/11\/Extension-Pole3-150x150.webp 150w, https:\/\/mountlaser.com\/wp-content\/uploads\/2025\/11\/Extension-Pole3-768x768.webp 768w, https:\/\/mountlaser.com\/wp-content\/uploads\/2025\/11\/Extension-Pole3-12x12.webp 12w\" sizes=\"(max-width: 500px) 100vw, 500px\" \/><\/p>\n<p><strong>Verl\u00e4ngerungsstange f\u00fcr GNSS-Spezifikationen<\/strong><\/p>\n<div>\n<table style=\"border-collapse: collapse; width: 1034.28pt;\" border=\"0\" width=\"1379\" cellspacing=\"0\" cellpadding=\"0\">\n<tbody>\n<tr style=\"height: 14.25pt;\">\n<td class=\"et2\" style=\"height: 14.25pt; width: 322.50pt;\" width=\"430\" height=\"19\">NUMMER<\/td>\n<td class=\"et2\" style=\"width: 309.00pt;\" width=\"412\">MATERIAL<\/td>\n<td class=\"et2\" style=\"width: 88.50pt;\" width=\"118\">DURCHMESSER<\/td>\n<td class=\"et3\" style=\"width: 138.00pt;\" width=\"184\">L\u00c4NGE<\/td>\n<td class=\"et2\" style=\"width: 176.25pt;\" width=\"235\">FARBE<\/td>\n<\/tr>\n<tr style=\"height: 14.25pt;\">\n<td class=\"et4\" style=\"height: 14.25pt;\" height=\"19\">EPA25-10YL<\/td>\n<td class=\"et5\">Aluminium<\/td>\n<td class=\"et4\">25 mm<\/td>\n<td class=\"et4\">10 cm<\/td>\n<td class=\"et6\">YL\/ GN\/ GY<\/td>\n<\/tr>\n<tr style=\"height: 14.25pt;\">\n<td class=\"et6\" style=\"height: 14.25pt;\" height=\"19\">EPA32-10YL<\/td>\n<td class=\"et2\">Aluminium<\/td>\n<td class=\"et6\">32 mm<\/td>\n<td class=\"et6\">10 cm<\/td>\n<td class=\"et6\">YL\/ GN\/ GY<\/td>\n<\/tr>\n<tr style=\"height: 14.25pt;\">\n<td class=\"et2\" style=\"height: 14.25pt;\" height=\"19\">EPC25-10<\/td>\n<td class=\"et6\">Hochwertige Kohlefaser<\/td>\n<td class=\"et6\">25 mm<\/td>\n<td class=\"et7\">10 cm<\/td>\n<td class=\"et6\">BK<\/td>\n<\/tr>\n<tr style=\"height: 14.25pt;\">\n<td class=\"et6\" style=\"height: 14.25pt;\" height=\"19\">EPC32-10<\/td>\n<td class=\"et6\">Hochwertige Kohlefaser<\/td>\n<td class=\"et6\">32 mm<\/td>\n<td class=\"et7\">10 cm<\/td>\n<td class=\"et6\">BK<\/td>\n<\/tr>\n<tr style=\"height: 14.25pt;\">\n<td class=\"et6\" style=\"height: 14.25pt;\" height=\"19\">EPTC32-10<\/td>\n<td class=\"et8\">100% Toray-Kohlenstofffaser<\/td>\n<td class=\"et7\">32 mm<\/td>\n<td class=\"et7\">10 cm<\/td>\n<td class=\"et6\">BK<\/td>\n<\/tr>\n<\/tbody>\n<\/table>\n<\/div>","protected":false},"excerpt":{"rendered":"<ul>\n<li>5\/8\u2033-11-Au\u00dfen- und Innengewinde f\u00fcr vielseitige Instrumentenkompatibilit\u00e4t<\/li>\n<li>Robuste Aluminium-Verl\u00e4ngerungsstange oder leichte Kohlefaserkonstruktion<\/li>\n<li>Mehrere Farboptionen: Gelb, Gr\u00fcn und Grau f\u00fcr bessere Sichtbarkeit<\/li>\n<li>Entwickelt f\u00fcr pr\u00e4zise Ausrichtung in GNSS- und Lasermessanwendungen<\/li>\n<\/ul>","protected":false},"featured_media":3934,"comment_status":"open","ping_status":"closed","template":"","meta":[],"product_brand":[],"product_cat":[84,121],"product_tag":[],"class_list":{"0":"post-3932","1":"product","2":"type-product","3":"status-publish","4":"has-post-thumbnail","6":"product_cat-gnss-accessory","7":"product_cat-extension-pole","9":"first","10":"instock","11":"shipping-taxable","12":"product-type-simple"},"_links":{"self":[{"href":"https:\/\/mountlaser.com\/de\/wp-json\/wp\/v2\/product\/3932","targetHints":{"allow":["GET"]}}],"collection":[{"href":"https:\/\/mountlaser.com\/de\/wp-json\/wp\/v2\/product"}],"about":[{"href":"https:\/\/mountlaser.com\/de\/wp-json\/wp\/v2\/types\/product"}],"replies":[{"embeddable":true,"href":"https:\/\/mountlaser.com\/de\/wp-json\/wp\/v2\/comments?post=3932"}],"wp:featuredmedia":[{"embeddable":true,"href":"https:\/\/mountlaser.com\/de\/wp-json\/wp\/v2\/media\/3934"}],"wp:attachment":[{"href":"https:\/\/mountlaser.com\/de\/wp-json\/wp\/v2\/media?parent=3932"}],"wp:term":[{"taxonomy":"product_brand","embeddable":true,"href":"https:\/\/mountlaser.com\/de\/wp-json\/wp\/v2\/product_brand?post=3932"},{"taxonomy":"product_cat","embeddable":true,"href":"https:\/\/mountlaser.com\/de\/wp-json\/wp\/v2\/product_cat?post=3932"},{"taxonomy":"product_tag","embeddable":true,"href":"https:\/\/mountlaser.com\/de\/wp-json\/wp\/v2\/product_tag?post=3932"}],"curies":[{"name":"wp","href":"https:\/\/api.w.org\/{rel}","templated":true}]}}