{"id":3924,"date":"2025-11-10T09:28:22","date_gmt":"2025-11-10T09:28:22","guid":{"rendered":"https:\/\/mountlaser.com\/?post_type=product&#038;p=3924"},"modified":"2025-11-27T06:55:46","modified_gmt":"2025-11-27T06:55:46","slug":"dz460-aluminum-prism-pole","status":"publish","type":"product","link":"https:\/\/mountlaser.com\/de\/produkt\/dz460-aluminum-prism-pole\/","title":{"rendered":"DZ460 Aluminium-Prismenstange"},"content":{"rendered":"<p>Hier ist die ultimative L\u00f6sung f\u00fcr anspruchsvolle Vermessungsaufgaben: die Mount Laser DZ460 Aluminium-Prismenstange. Diese Premium-L\u00f6sung<a href=\"https:\/\/mountlaser.com\/de\/products\/\"><strong> Leichte, tragbare Prismenstange aus Aluminium<\/strong> <\/a>Es wurde f\u00fcr Profis entwickelt, die eine gr\u00f6\u00dfere Reichweite ben\u00f6tigen, ohne dabei schwere Ausr\u00fcstung mit sich herumtragen zu m\u00fcssen. Gefertigt aus einer hochfesten Aluminiumlegierung, bietet es die perfekte Balance zwischen au\u00dfergew\u00f6hnlicher Langlebigkeit und einfacher Tragbarkeit und ist somit ideal f\u00fcr lange Eins\u00e4tze im Au\u00dfendienst und den Transport zu abgelegenen Baustellen.<\/p>\n<p>Erleben Sie den Komfort einer wirklich leichten, tragbaren Aluminium-Prismenstange, die keine Kompromisse bei der Stabilit\u00e4t eingeht. Die DZ460 verf\u00fcgt \u00fcber einen robusten Aluminium-Verriegelungsmechanismus, der sicherstellt, dass jedes Segment in der gew\u00fcnschten H\u00f6he fixiert bleibt, um ein Verrutschen zu verhindern und die Messgenauigkeit zu gew\u00e4hrleisten. Sie ist mit einer 30-Fu\u00df-Rundlibelle f\u00fcr pr\u00e4zises Ausrichten und einem Innenrohr mit gut lesbarer Skala f\u00fcr schnelles Ablesen ausgestattet. Dank verschiedener Adapteroptionen zur Prismenmontage und einer optionalen rutschfesten Gummikappe f\u00fcr sicheren Halt ist die DZ460 die ideale leichte, tragbare Aluminium-Prismenstange f\u00fcr Vermesser, die Wert auf Effizienz, Zuverl\u00e4ssigkeit und Leistung in jedem Projekt legen.<\/p>\n<p><a href=\"https:\/\/mountlaser.com\/de\/contact-us\/\"><strong>DZ460 Aluminium-Prismenstange<\/strong><\/a> ist 4,6 m lang.<br \/>\nDZ460 Aluminium-Prismenstange<br \/>\nVERRIEGELUNGSOPTION: Erh\u00e4ltlich in vier Ausf\u00fchrungen:<br \/>\nDrehverschluss<br \/>\nSchnellverschluss<br \/>\nGPS-Stil-Sperre<br \/>\nKompressionsverriegelung<\/p>\n<p>&nbsp;<\/p>\n<p><img fetchpriority=\"high\" decoding=\"async\" class=\"aligncenter wp-image-3928\" src=\"https:\/\/mountlaser.com\/wp-content\/uploads\/2025\/11\/DZ460GP5.webp\" alt=\"Lightweight Portable Aluminum Prism Pole\" width=\"500\" height=\"500\" srcset=\"https:\/\/mountlaser.com\/wp-content\/uploads\/2025\/11\/DZ460GP5.webp 1000w, https:\/\/mountlaser.com\/wp-content\/uploads\/2025\/11\/DZ460GP5-300x300.webp 300w, https:\/\/mountlaser.com\/wp-content\/uploads\/2025\/11\/DZ460GP5-400x400.webp 400w, https:\/\/mountlaser.com\/wp-content\/uploads\/2025\/11\/DZ460GP5-800x800.webp 800w, https:\/\/mountlaser.com\/wp-content\/uploads\/2025\/11\/DZ460GP5-600x600.webp 600w, https:\/\/mountlaser.com\/wp-content\/uploads\/2025\/11\/DZ460GP5-150x150.webp 150w, https:\/\/mountlaser.com\/wp-content\/uploads\/2025\/11\/DZ460GP5-768x768.webp 768w, https:\/\/mountlaser.com\/wp-content\/uploads\/2025\/11\/DZ460GP5-12x12.webp 12w\" sizes=\"(max-width: 500px) 100vw, 500px\" \/><\/p>\n<p>&nbsp;<\/p>\n<p><strong>DZ460 Aluminium-Prismenstange \u2013 Spezifikationen<\/strong><\/p>\n<table style=\"border-collapse: collapse; width: 741.77pt;\" border=\"0\" width=\"989\" cellspacing=\"0\" cellpadding=\"0\">\n<tbody>\n<tr style=\"height: 14.25pt;\">\n<td class=\"et2\" style=\"height: 14.25pt; width: 142.50pt;\" width=\"190\" height=\"19\">NUMMER<\/td>\n<td class=\"et2\" style=\"width: 127.50pt;\" width=\"170\">L\u00c4NGE<\/td>\n<td class=\"et2\" style=\"width: 126.00pt;\" width=\"168\">MATERIAL<\/td>\n<td class=\"et2\" style=\"width: 135.00pt;\" width=\"180\">ABSOLVENTEN<\/td>\n<td class=\"et2\" style=\"width: 124.50pt;\" width=\"166\">Sperroption<\/td>\n<td class=\"et2\" style=\"width: 86.25pt;\" width=\"115\">DURCHMESSER<\/td>\n<\/tr>\n<tr style=\"height: 14.25pt;\">\n<td class=\"et3\" style=\"height: 14.25pt;\" height=\"19\">DZ460<\/td>\n<td class=\"et4\">460 cm<\/td>\n<td class=\"et3\">Aluminium<\/td>\n<td class=\"et3\">Meter<\/td>\n<td class=\"et3\">TL\/ QL\/ GP\/ CL<\/td>\n<td class=\"et3\">18\/25\/30\/36 mm<\/td>\n<\/tr>\n<\/tbody>\n<\/table>","protected":false},"excerpt":{"rendered":"<ul>\n<li>Erweiterte Reichweite und Tragbarkeit: Bietet eine gro\u00dfz\u00fcgige Reichweite bei gleichzeitig leichtem Design f\u00fcr einfachen Transport und Handhabung.<\/li>\n<li>Sicheres Verriegelungssystem: Der robuste Verriegelungsmechanismus aus Aluminium sorgt f\u00fcr eine solide und zuverl\u00e4ssige Befestigung bei jeder Auszugsl\u00e4nge.<\/li>\n<li>Eingebaute Pr\u00e4zision: Verf\u00fcgt \u00fcber eine 30-Fu\u00df-Rundlibelle und eine gut ablesbare innere Meterskala f\u00fcr eine genaue H\u00f6heneinstellung.<\/li>\n<\/ul>","protected":false},"featured_media":3925,"comment_status":"open","ping_status":"closed","template":"","meta":[],"product_brand":[],"product_cat":[89,117],"product_tag":[],"class_list":{"0":"post-3924","1":"product","2":"type-product","3":"status-publish","4":"has-post-thumbnail","6":"product_cat-surveying-pole-rod","7":"product_cat-aluminum-prism-pole","9":"first","10":"instock","11":"shipping-taxable","12":"product-type-simple"},"_links":{"self":[{"href":"https:\/\/mountlaser.com\/de\/wp-json\/wp\/v2\/product\/3924","targetHints":{"allow":["GET"]}}],"collection":[{"href":"https:\/\/mountlaser.com\/de\/wp-json\/wp\/v2\/product"}],"about":[{"href":"https:\/\/mountlaser.com\/de\/wp-json\/wp\/v2\/types\/product"}],"replies":[{"embeddable":true,"href":"https:\/\/mountlaser.com\/de\/wp-json\/wp\/v2\/comments?post=3924"}],"wp:featuredmedia":[{"embeddable":true,"href":"https:\/\/mountlaser.com\/de\/wp-json\/wp\/v2\/media\/3925"}],"wp:attachment":[{"href":"https:\/\/mountlaser.com\/de\/wp-json\/wp\/v2\/media?parent=3924"}],"wp:term":[{"taxonomy":"product_brand","embeddable":true,"href":"https:\/\/mountlaser.com\/de\/wp-json\/wp\/v2\/product_brand?post=3924"},{"taxonomy":"product_cat","embeddable":true,"href":"https:\/\/mountlaser.com\/de\/wp-json\/wp\/v2\/product_cat?post=3924"},{"taxonomy":"product_tag","embeddable":true,"href":"https:\/\/mountlaser.com\/de\/wp-json\/wp\/v2\/product_tag?post=3924"}],"curies":[{"name":"wp","href":"https:\/\/api.w.org\/{rel}","templated":true}]}}