{"id":3915,"date":"2025-11-10T09:22:19","date_gmt":"2025-11-10T09:22:19","guid":{"rendered":"https:\/\/mountlaser.com\/?post_type=product&#038;p=3915"},"modified":"2025-11-27T06:58:21","modified_gmt":"2025-11-27T06:58:21","slug":"dz360-aluminum-prism-pole","status":"publish","type":"product","link":"https:\/\/mountlaser.com\/de\/produkt\/dz360-aluminum-prism-pole\/","title":{"rendered":"DZ360 Aluminium-Prismenstange"},"content":{"rendered":"<p>Erweitern Sie Ihre Vermessungsf\u00e4higkeiten mit dem <a href=\"https:\/\/mountlaser.com\/de\/\">Mont Laser DZ360<\/a>, Diese hochwertige Teleskop-Prismenstange aus Aluminium wurde f\u00fcr Projekte entwickelt, die eine gro\u00dfe Reichweite erfordern, ohne Kompromisse bei Stabilit\u00e4t oder Pr\u00e4zision einzugehen. Gefertigt aus hochfestem Aluminium, ist diese Stange bemerkenswert leicht und gleichzeitig extrem robust und f\u00fcr den harten t\u00e4glichen Einsatz auf unterschiedlichsten Baustellen konzipiert.<\/p>\n<p>Die DZ360 ist ein Paradebeispiel f\u00fcr das Ideal <a href=\"https:\/\/mountlaser.com\/de\/about-us\/\"><strong>Teleskop-Vermessungs-Aluminium-Prismenstange<\/strong><\/a>, bietet eine gro\u00dfz\u00fcgige, verl\u00e4ngerte L\u00e4nge, um auch anspruchsvolle Topographien und Messungen an hohen Punkten zu bew\u00e4ltigen.<br \/>\n<a href=\"https:\/\/mountlaser.com\/de\/products\/\"><strong>DZ360 Aluminium-Prismenstange<\/strong> <\/a>ist 3,6 m lang.<br \/>\nDZ360 Aluminium-Prismenstangen-Verriegelungsoptionen: Es stehen vier Optionen zur Verf\u00fcgung: Drehverschluss, Schnellverschluss, GPS-Verriegelung und Kompressionsverschluss.<\/p>\n<p>Mit professionellen Funktionen wie einer 30-Fu\u00df-Rundlibelle f\u00fcr pr\u00e4zise Verrohrungsmessungen und einer gut ablesbaren inneren Messskala optimiert diese Stange Ihren Arbeitsablauf.<\/p>\n<p>&nbsp;<\/p>\n<p>&nbsp;<\/p>\n<p><img fetchpriority=\"high\" decoding=\"async\" class=\"aligncenter wp-image-3922\" src=\"https:\/\/mountlaser.com\/wp-content\/uploads\/2025\/11\/DZ360TL5.webp\" alt=\"Telescopic Survey Aluminum Prism Pole\" width=\"500\" height=\"500\" srcset=\"https:\/\/mountlaser.com\/wp-content\/uploads\/2025\/11\/DZ360TL5.webp 1000w, https:\/\/mountlaser.com\/wp-content\/uploads\/2025\/11\/DZ360TL5-300x300.webp 300w, https:\/\/mountlaser.com\/wp-content\/uploads\/2025\/11\/DZ360TL5-400x400.webp 400w, https:\/\/mountlaser.com\/wp-content\/uploads\/2025\/11\/DZ360TL5-800x800.webp 800w, https:\/\/mountlaser.com\/wp-content\/uploads\/2025\/11\/DZ360TL5-600x600.webp 600w, https:\/\/mountlaser.com\/wp-content\/uploads\/2025\/11\/DZ360TL5-150x150.webp 150w, https:\/\/mountlaser.com\/wp-content\/uploads\/2025\/11\/DZ360TL5-768x768.webp 768w, https:\/\/mountlaser.com\/wp-content\/uploads\/2025\/11\/DZ360TL5-12x12.webp 12w\" sizes=\"(max-width: 500px) 100vw, 500px\" \/><\/p>\n<p>&nbsp;<\/p>\n<p><strong>DZ360 Aluminium-Prismenstange \u2013 Spezifikationen<\/strong><\/p>\n<table style=\"border-collapse: collapse; width: 741.77pt;\" border=\"0\" width=\"989\" cellspacing=\"0\" cellpadding=\"0\">\n<tbody>\n<tr style=\"height: 14.25pt;\">\n<td class=\"et2\" style=\"height: 14.25pt; width: 142.50pt;\" width=\"190\" height=\"19\">NUMMER<\/td>\n<td class=\"et2\" style=\"width: 127.50pt;\" width=\"170\">L\u00c4NGE<\/td>\n<td class=\"et2\" style=\"width: 126.00pt;\" width=\"168\">MATERIAL<\/td>\n<td class=\"et2\" style=\"width: 135.00pt;\" width=\"180\">ABSOLVENTEN<\/td>\n<td class=\"et2\" style=\"width: 124.50pt;\" width=\"166\">Sperroption<\/td>\n<td class=\"et2\" style=\"width: 86.25pt;\" width=\"115\">DURCHMESSER<\/td>\n<\/tr>\n<tr style=\"height: 14.25pt;\">\n<td class=\"et3\" style=\"height: 14.25pt;\" height=\"19\">DZ360<\/td>\n<td class=\"et4\">360 cm<\/td>\n<td class=\"et3\">Aluminium<\/td>\n<td class=\"et3\">Meter<\/td>\n<td class=\"et3\">TL\/ QL\/ GP\/ CL<\/td>\n<td class=\"et3\">18\/25\/30 mm<\/td>\n<\/tr>\n<\/tbody>\n<\/table>","protected":false},"excerpt":{"rendered":"<ul>\n<li>Integriert f\u00fcr Pr\u00e4zision: Ausgestattet mit einer 30-Zoll-Rundlibelle und einer gut sichtbaren inneren Messskala f\u00fcr genaues Ausmessen und Ablesen.<\/li>\n<li>Benutzerorientiertes Design: Optionale rutschfeste Gummibeschichtung und vielf\u00e4ltige Adapteroptionen f\u00fcr mehr Komfort und Vielseitigkeit.<\/li>\n<\/ul>","protected":false},"featured_media":3916,"comment_status":"open","ping_status":"closed","template":"","meta":[],"product_brand":[],"product_cat":[89,117],"product_tag":[],"class_list":{"0":"post-3915","1":"product","2":"type-product","3":"status-publish","4":"has-post-thumbnail","6":"product_cat-surveying-pole-rod","7":"product_cat-aluminum-prism-pole","9":"first","10":"instock","11":"shipping-taxable","12":"product-type-simple"},"_links":{"self":[{"href":"https:\/\/mountlaser.com\/de\/wp-json\/wp\/v2\/product\/3915","targetHints":{"allow":["GET"]}}],"collection":[{"href":"https:\/\/mountlaser.com\/de\/wp-json\/wp\/v2\/product"}],"about":[{"href":"https:\/\/mountlaser.com\/de\/wp-json\/wp\/v2\/types\/product"}],"replies":[{"embeddable":true,"href":"https:\/\/mountlaser.com\/de\/wp-json\/wp\/v2\/comments?post=3915"}],"wp:featuredmedia":[{"embeddable":true,"href":"https:\/\/mountlaser.com\/de\/wp-json\/wp\/v2\/media\/3916"}],"wp:attachment":[{"href":"https:\/\/mountlaser.com\/de\/wp-json\/wp\/v2\/media?parent=3915"}],"wp:term":[{"taxonomy":"product_brand","embeddable":true,"href":"https:\/\/mountlaser.com\/de\/wp-json\/wp\/v2\/product_brand?post=3915"},{"taxonomy":"product_cat","embeddable":true,"href":"https:\/\/mountlaser.com\/de\/wp-json\/wp\/v2\/product_cat?post=3915"},{"taxonomy":"product_tag","embeddable":true,"href":"https:\/\/mountlaser.com\/de\/wp-json\/wp\/v2\/product_tag?post=3915"}],"curies":[{"name":"wp","href":"https:\/\/api.w.org\/{rel}","templated":true}]}}