{"id":3904,"date":"2025-11-10T09:15:46","date_gmt":"2025-11-10T09:15:46","guid":{"rendered":"https:\/\/mountlaser.com\/?post_type=product&#038;p=3904"},"modified":"2025-11-27T07:00:10","modified_gmt":"2025-11-27T07:00:10","slug":"dz260-aluminum-prism-pole","status":"publish","type":"product","link":"https:\/\/mountlaser.com\/de\/produkt\/dz260-aluminum-prism-pole\/","title":{"rendered":"DZ260 Aluminium-Prismenstange"},"content":{"rendered":"<p>Erreichen Sie mit dem Mount Laser un\u00fcbertroffene Stabilit\u00e4t und Effizienz bei Ihren Vermessungsprojekten.<a href=\"https:\/\/mountlaser.com\/de\/\"><strong> DZ260 Aluminium-Prismenstange<\/strong><\/a>. Diese Stange wurde f\u00fcr Profis entwickelt, die sowohl Pr\u00e4zision als auch Langlebigkeit fordern. Sie ist aus hochfestem Aluminium gefertigt und bietet die perfekte Balance zwischen einem leichten Rahmen und einer robusten Konstruktion f\u00fcr den ganzt\u00e4gigen Einsatz im Gel\u00e4nde.<\/p>\n<p>Das Herzst\u00fcck der Zuverl\u00e4ssigkeit des DZ260 ist sein innovativer Aluminium-Kompressionsverschluss-Prismenstangenmechanismus. Dieses fortschrittliche Verriegelungssystem gew\u00e4hrleistet einen extrem sicheren und festen Halt in jeder gew\u00fcnschten Auszugsl\u00e4nge, verhindert effektiv ein Verrutschen und sorgt daf\u00fcr, dass Ihr Prisma f\u00fcr pr\u00e4zise Messungen absolut stabil bleibt.<\/p>\n<p>Neben seinem \u00fcberlegenen Verriegelungsmechanismus ist der DZ260 mit einer 30-Fu\u00df-Rundlibelle f\u00fcr einfaches Ausrichten und einem Innenrohr mit gut lesbarer Messskala f\u00fcr sofortige H\u00f6henmessungen ausgestattet. Dank verschiedener Adapteroptionen zur Prismenmontage und einer optionalen rutschfesten Gummikappe f\u00fcr sicheren Halt ist diese Messlatte auf Vielseitigkeit und Benutzerkomfort ausgelegt. Mit dem Mount Laser DZ260 erwerben Sie nicht nur ein Werkzeug, sondern investieren in die ultimative L\u00f6sung. <a href=\"https:\/\/mountlaser.com\/de\/products\/\"><strong>Prismenstange aus Aluminium mit Kompressionsverschluss<\/strong><\/a> Eine L\u00f6sung, die auf Genauigkeit und Langlebigkeit ausgelegt ist.<\/p>\n<p>&nbsp;<\/p>\n<p><img fetchpriority=\"high\" decoding=\"async\" class=\"aligncenter wp-image-3910\" src=\"https:\/\/mountlaser.com\/wp-content\/uploads\/2025\/11\/DZ260GP3.webp\" alt=\"Aluminum Compression-Lock Prism Pole\" width=\"500\" height=\"500\" srcset=\"https:\/\/mountlaser.com\/wp-content\/uploads\/2025\/11\/DZ260GP3.webp 1000w, https:\/\/mountlaser.com\/wp-content\/uploads\/2025\/11\/DZ260GP3-300x300.webp 300w, https:\/\/mountlaser.com\/wp-content\/uploads\/2025\/11\/DZ260GP3-400x400.webp 400w, https:\/\/mountlaser.com\/wp-content\/uploads\/2025\/11\/DZ260GP3-800x800.webp 800w, https:\/\/mountlaser.com\/wp-content\/uploads\/2025\/11\/DZ260GP3-600x600.webp 600w, https:\/\/mountlaser.com\/wp-content\/uploads\/2025\/11\/DZ260GP3-150x150.webp 150w, https:\/\/mountlaser.com\/wp-content\/uploads\/2025\/11\/DZ260GP3-768x768.webp 768w, https:\/\/mountlaser.com\/wp-content\/uploads\/2025\/11\/DZ260GP3-12x12.webp 12w\" sizes=\"(max-width: 500px) 100vw, 500px\" \/><\/p>\n<p><a href=\"https:\/\/mountlaser.com\/de\/contact-us\/\">DZ260 Aluminium-Prismenstange<\/a> Verriegelungsoptionen: Es stehen vier Optionen zur Verf\u00fcgung: Drehverschluss, Schnellverschluss, GPS-Verschluss und Kompressionsverschluss.<\/p>\n<p><strong>DZ260 Aluminium-Prismenstange \u2013 Spezifikationen<\/strong><\/p>\n<table style=\"border-collapse: collapse; width: 741.77pt;\" border=\"0\" width=\"989\" cellspacing=\"0\" cellpadding=\"0\">\n<tbody>\n<tr style=\"height: 14.25pt;\">\n<td class=\"et2\" style=\"height: 14.25pt; width: 142.50pt;\" width=\"190\" height=\"19\">NUMMER<\/td>\n<td class=\"et2\" style=\"width: 127.50pt;\" width=\"170\">L\u00c4NGE<\/td>\n<td class=\"et2\" style=\"width: 126.00pt;\" width=\"168\">MATERIAL<\/td>\n<td class=\"et2\" style=\"width: 135.00pt;\" width=\"180\">ABSOLVENTEN<\/td>\n<td class=\"et2\" style=\"width: 124.50pt;\" width=\"166\">Sperroption<\/td>\n<td class=\"et2\" style=\"width: 86.25pt;\" width=\"115\">DURCHMESSER<\/td>\n<\/tr>\n<tr style=\"height: 14.25pt;\">\n<td class=\"et3\" style=\"height: 14.25pt;\" height=\"19\">DZ260<\/td>\n<td class=\"et4\">260 cm<\/td>\n<td class=\"et3\">Aluminium<\/td>\n<td class=\"et3\">Meter<\/td>\n<td class=\"et3\">TL\/ QL\/ GP\/ CL<\/td>\n<td class=\"et3\">25\/30 mm<\/td>\n<\/tr>\n<\/tbody>\n<\/table>","protected":false},"excerpt":{"rendered":"<ul>\n<li>Sicherheit durch Kompressionsverriegelung: Verf\u00fcgt \u00fcber einen zuverl\u00e4ssigen Aluminium-Kompressionsverriegelungsmechanismus f\u00fcr eine schnelle, sichere und rutschfeste Montage.<\/li>\n<li>Integrierte Pr\u00e4zisionswerkzeuge: Ausgestattet mit einer 30-Zoll-Rundlibelle und einer Innenrohr-Messskala f\u00fcr genaue H\u00f6heneinstellung und -ablesung.<\/li>\n<li>Vielseitige Kompatibilit\u00e4t: Adapteroptionen zur Montage einer breiten Palette von Prismen erh\u00e4ltlich.<\/li>\n<\/ul>","protected":false},"featured_media":3913,"comment_status":"open","ping_status":"closed","template":"","meta":[],"product_brand":[],"product_cat":[89,117],"product_tag":[],"class_list":{"0":"post-3904","1":"product","2":"type-product","3":"status-publish","4":"has-post-thumbnail","6":"product_cat-surveying-pole-rod","7":"product_cat-aluminum-prism-pole","9":"first","10":"instock","11":"shipping-taxable","12":"product-type-simple"},"_links":{"self":[{"href":"https:\/\/mountlaser.com\/de\/wp-json\/wp\/v2\/product\/3904","targetHints":{"allow":["GET"]}}],"collection":[{"href":"https:\/\/mountlaser.com\/de\/wp-json\/wp\/v2\/product"}],"about":[{"href":"https:\/\/mountlaser.com\/de\/wp-json\/wp\/v2\/types\/product"}],"replies":[{"embeddable":true,"href":"https:\/\/mountlaser.com\/de\/wp-json\/wp\/v2\/comments?post=3904"}],"wp:featuredmedia":[{"embeddable":true,"href":"https:\/\/mountlaser.com\/de\/wp-json\/wp\/v2\/media\/3913"}],"wp:attachment":[{"href":"https:\/\/mountlaser.com\/de\/wp-json\/wp\/v2\/media?parent=3904"}],"wp:term":[{"taxonomy":"product_brand","embeddable":true,"href":"https:\/\/mountlaser.com\/de\/wp-json\/wp\/v2\/product_brand?post=3904"},{"taxonomy":"product_cat","embeddable":true,"href":"https:\/\/mountlaser.com\/de\/wp-json\/wp\/v2\/product_cat?post=3904"},{"taxonomy":"product_tag","embeddable":true,"href":"https:\/\/mountlaser.com\/de\/wp-json\/wp\/v2\/product_tag?post=3904"}],"curies":[{"name":"wp","href":"https:\/\/api.w.org\/{rel}","templated":true}]}}