{"id":3851,"date":"2025-11-10T07:21:43","date_gmt":"2025-11-10T07:21:43","guid":{"rendered":"https:\/\/mountlaser.com\/?post_type=product&#038;p=3851"},"modified":"2025-11-27T06:53:31","modified_gmt":"2025-11-27T06:53:31","slug":"bp004-scanner-sphere","status":"publish","type":"product","link":"https:\/\/mountlaser.com\/de\/produkt\/bp004-scanner-sphere\/","title":{"rendered":"BP004 Scannerkugel"},"content":{"rendered":"<p>Der <a href=\"https:\/\/mountlaser.com\/de\/\"><strong>Abtastkugel mit Prisma<\/strong><\/a> ist ein professionelles Vermessungs- und 3D-Scanziel, das f\u00fcr un\u00fcbertroffene Genauigkeit und Vielseitigkeit entwickelt wurde. Konzipiert f\u00fcr den Einsatz mit zwei Funktionen,<a href=\"https:\/\/mountlaser.com\/de\/about-us\/\"><strong> Abtastkugel mit integriertem Prisma<\/strong><\/a> Erm\u00f6glicht den nahtlosen Betrieb sowohl mit Laserscannern als auch mit Totalstationen und gew\u00e4hrleistet so perfekte Ausrichtung und Pr\u00e4zision bei jeder Messaufgabe.<\/p>\n<p>Diese 100 mm (3,94 Zoll) gro\u00dfe Scankugel mit Prisma verf\u00fcgt \u00fcber ein pr\u00e4zise zentriertes 64,5 mm gro\u00dfes Reflexionsprisma, das die exakte \u00dcbereinstimmung des geometrischen Mittelpunkts der Kugel mit dem optischen Mittelpunkt des Prismas gew\u00e4hrleistet. Diese integrierte Konstruktion erm\u00f6glicht eine zuverl\u00e4ssige Referenzierung aus jeder Scanrichtung und liefert konsistente Ergebnisse bei hochpr\u00e4zisen Vermessungs- und Ingenieuranwendungen.<\/p>\n<p><img fetchpriority=\"high\" decoding=\"async\" class=\"aligncenter wp-image-3844 size-medium\" src=\"https:\/\/mountlaser.com\/wp-content\/uploads\/2025\/11\/3-10BP0043-300x300.webp\" alt=\"BP004 scanning sphere with prism\" width=\"300\" height=\"300\" srcset=\"https:\/\/mountlaser.com\/wp-content\/uploads\/2025\/11\/3-10BP0043-300x300.webp 300w, https:\/\/mountlaser.com\/wp-content\/uploads\/2025\/11\/3-10BP0043-400x400.webp 400w, https:\/\/mountlaser.com\/wp-content\/uploads\/2025\/11\/3-10BP0043-800x800.webp 800w, https:\/\/mountlaser.com\/wp-content\/uploads\/2025\/11\/3-10BP0043-600x600.webp 600w, https:\/\/mountlaser.com\/wp-content\/uploads\/2025\/11\/3-10BP0043-150x150.webp 150w, https:\/\/mountlaser.com\/wp-content\/uploads\/2025\/11\/3-10BP0043-768x768.webp 768w, https:\/\/mountlaser.com\/wp-content\/uploads\/2025\/11\/3-10BP0043-12x12.webp 12w, https:\/\/mountlaser.com\/wp-content\/uploads\/2025\/11\/3-10BP0043.webp 1000w\" sizes=\"(max-width: 300px) 100vw, 300px\" \/><\/p>\n<p>Die aus robustem Kunststoff gefertigte Scankugel mit Prisma und perfekt kugelf\u00f6rmiger Oberfl\u00e4che gew\u00e4hrleistet eine pr\u00e4zise 3D-Datenerfassung aus jedem Betrachtungswinkel. Erh\u00e4ltlich in zwei Ausf\u00fchrungen \u2013 <a href=\"https:\/\/mountlaser.com\/de\/contact-us\/\">BP004A<\/a> (mit Verriegelung f\u00fcr Schnellwechseladapter im Schweizer Stil) und BP004B (mit Schnellwechselverriegelung) \u2013 es f\u00fcgt sich nahtlos in professionelle Scan-Setups ein.<\/p>","protected":false},"excerpt":{"rendered":"<ul>\n<li>Doppelfunktionsdesign: Kombiniert eine reflektierende Kugel und ein zentriertes 64,5-mm-Prisma f\u00fcr Kompatibilit\u00e4t mit Laserscannern und Totalstationen.<\/li>\n<li>Pr\u00e4zise Ausrichtung: Das Prisma ist f\u00fcr h\u00f6chste Genauigkeit perfekt auf den geometrischen Mittelpunkt der Kugel ausgerichtet.<\/li>\n<li>Hohe Genauigkeit aus jedem Winkel: Erm\u00f6glicht 3D-Scannen und -Messen mit minimalem Einrichtungsfehler<\/li>\n<li>Robuste Konstruktion: Hergestellt aus hochwertigem Kunststoff f\u00fcr Stabilit\u00e4t und Festigkeit.<\/li>\n<li>Flexible Montagem\u00f6glichkeiten: Kompatibel mit Schnellwechselsystemen im Schweizer Stil (Modelle BP004A \/ BP004B)<\/li>\n<\/ul>","protected":false},"featured_media":3844,"comment_status":"open","ping_status":"closed","template":"","meta":[],"product_brand":[],"product_cat":[80,119],"product_tag":[],"class_list":{"0":"post-3851","1":"product","2":"type-product","3":"status-publish","4":"has-post-thumbnail","6":"product_cat-scanner-sphere-target-laser-scanning","7":"product_cat-scanner-sphere-with-integrated-prism","9":"first","10":"instock","11":"shipping-taxable","12":"product-type-simple"},"_links":{"self":[{"href":"https:\/\/mountlaser.com\/de\/wp-json\/wp\/v2\/product\/3851","targetHints":{"allow":["GET"]}}],"collection":[{"href":"https:\/\/mountlaser.com\/de\/wp-json\/wp\/v2\/product"}],"about":[{"href":"https:\/\/mountlaser.com\/de\/wp-json\/wp\/v2\/types\/product"}],"replies":[{"embeddable":true,"href":"https:\/\/mountlaser.com\/de\/wp-json\/wp\/v2\/comments?post=3851"}],"wp:featuredmedia":[{"embeddable":true,"href":"https:\/\/mountlaser.com\/de\/wp-json\/wp\/v2\/media\/3844"}],"wp:attachment":[{"href":"https:\/\/mountlaser.com\/de\/wp-json\/wp\/v2\/media?parent=3851"}],"wp:term":[{"taxonomy":"product_brand","embeddable":true,"href":"https:\/\/mountlaser.com\/de\/wp-json\/wp\/v2\/product_brand?post=3851"},{"taxonomy":"product_cat","embeddable":true,"href":"https:\/\/mountlaser.com\/de\/wp-json\/wp\/v2\/product_cat?post=3851"},{"taxonomy":"product_tag","embeddable":true,"href":"https:\/\/mountlaser.com\/de\/wp-json\/wp\/v2\/product_tag?post=3851"}],"curies":[{"name":"wp","href":"https:\/\/api.w.org\/{rel}","templated":true}]}}