{"id":3833,"date":"2025-11-10T06:23:53","date_gmt":"2025-11-10T06:23:53","guid":{"rendered":"https:\/\/mountlaser.com\/?post_type=product&#038;p=3833"},"modified":"2025-11-27T07:07:58","modified_gmt":"2025-11-27T07:07:58","slug":"st005-laser-scanner-target","status":"publish","type":"product","link":"https:\/\/mountlaser.com\/de\/produkt\/st005-laser-scanner-target\/","title":{"rendered":"ST005 Laserscanner-Ziel"},"content":{"rendered":"<p>Der <a href=\"https:\/\/mountlaser.com\/de\/\"><strong>Quadratisches Laserziel<\/strong><\/a> ST005 ist ein pr\u00e4zisionsgefertigtes <a href=\"https:\/\/mountlaser.com\/de\/products\/\"><strong>Schwarz-Wei\u00df-Laserziel<\/strong><\/a> Diese Zielscheibe wurde f\u00fcr professionelle Laserscanning-, Vermessungs- und Ausrichtungsaufgaben entwickelt. Gefertigt aus hochwertigem Aluminium, gew\u00e4hrleistet sie Langlebigkeit und Formstabilit\u00e4t, selbst unter anspruchsvollen Umgebungsbedingungen.<\/p>\n<p>Mit ihrer 200 \u00d7 200 mm gro\u00dfen Fl\u00e4che bietet die quadratische Laserzielscheibe ein gro\u00dfes, kontrastreiches Schwarz-Wei\u00df-Laserzielmuster, das die Sichtbarkeit und Genauigkeit bei Messungen und Positionierungen verbessert. Die pulverbeschichtete und im Siebdruckverfahren aufgebrachte Oberfl\u00e4che sorgt f\u00fcr hervorragende Verschlei\u00dffestigkeit und gew\u00e4hrleistet dauerhaft gleichbleibende Reflektivit\u00e4t und zuverl\u00e4ssige Leistung.<\/p>\n<p><img fetchpriority=\"high\" decoding=\"async\" class=\"aligncenter wp-image-3834\" src=\"https:\/\/mountlaser.com\/wp-content\/uploads\/2025\/11\/ST0051.webp\" alt=\"ST005 Square laser target\" width=\"500\" height=\"500\" srcset=\"https:\/\/mountlaser.com\/wp-content\/uploads\/2025\/11\/ST0051.webp 1000w, https:\/\/mountlaser.com\/wp-content\/uploads\/2025\/11\/ST0051-300x300.webp 300w, https:\/\/mountlaser.com\/wp-content\/uploads\/2025\/11\/ST0051-400x400.webp 400w, https:\/\/mountlaser.com\/wp-content\/uploads\/2025\/11\/ST0051-800x800.webp 800w, https:\/\/mountlaser.com\/wp-content\/uploads\/2025\/11\/ST0051-600x600.webp 600w, https:\/\/mountlaser.com\/wp-content\/uploads\/2025\/11\/ST0051-150x150.webp 150w, https:\/\/mountlaser.com\/wp-content\/uploads\/2025\/11\/ST0051-768x768.webp 768w, https:\/\/mountlaser.com\/wp-content\/uploads\/2025\/11\/ST0051-12x12.webp 12w\" sizes=\"(max-width: 500px) 100vw, 500px\" \/><\/p>\n<p>Der quadratische Laser <a href=\"https:\/\/mountlaser.com\/de\/contact-us\/\">Ziel ST005<\/a> ist mit einem Schnellverschlussadapter ausgestattet, der eine schnelle und sichere Installation an verschiedenen Montagesystemen erm\u00f6glicht \u2013 was es zu einem praktischen und effizienten Werkzeug f\u00fcr Au\u00dfendienstmitarbeiter macht.<\/p>","protected":false},"excerpt":{"rendered":"<ul>\n<li>Hergestellt aus robustem Aluminium f\u00fcr \u00fcberragende Langlebigkeit.<\/li>\n<li>Gro\u00dfes quadratisches Design (200 \u00d7 200 mm) f\u00fcr verbesserte Pr\u00e4zision<\/li>\n<li>Pulverbeschichtung + Siebdruck f\u00fcr kontrastreiche Schwarz-Wei\u00df-Oberfl\u00e4chen<\/li>\n<li>Schnellverschlussadapter f\u00fcr eine schnelle und stabile Montage<\/li>\n<li>Optimiert f\u00fcr Laserscanner und Vermessungsinstrumente<\/li>\n<\/ul>","protected":false},"featured_media":3834,"comment_status":"open","ping_status":"closed","template":"","meta":[],"product_brand":[],"product_cat":[80,118],"product_tag":[],"class_list":{"0":"post-3833","1":"product","2":"type-product","3":"status-publish","4":"has-post-thumbnail","6":"product_cat-scanner-sphere-target-laser-scanning","7":"product_cat-checkerboard-target","9":"first","10":"instock","11":"shipping-taxable","12":"product-type-simple"},"_links":{"self":[{"href":"https:\/\/mountlaser.com\/de\/wp-json\/wp\/v2\/product\/3833","targetHints":{"allow":["GET"]}}],"collection":[{"href":"https:\/\/mountlaser.com\/de\/wp-json\/wp\/v2\/product"}],"about":[{"href":"https:\/\/mountlaser.com\/de\/wp-json\/wp\/v2\/types\/product"}],"replies":[{"embeddable":true,"href":"https:\/\/mountlaser.com\/de\/wp-json\/wp\/v2\/comments?post=3833"}],"wp:featuredmedia":[{"embeddable":true,"href":"https:\/\/mountlaser.com\/de\/wp-json\/wp\/v2\/media\/3834"}],"wp:attachment":[{"href":"https:\/\/mountlaser.com\/de\/wp-json\/wp\/v2\/media?parent=3833"}],"wp:term":[{"taxonomy":"product_brand","embeddable":true,"href":"https:\/\/mountlaser.com\/de\/wp-json\/wp\/v2\/product_brand?post=3833"},{"taxonomy":"product_cat","embeddable":true,"href":"https:\/\/mountlaser.com\/de\/wp-json\/wp\/v2\/product_cat?post=3833"},{"taxonomy":"product_tag","embeddable":true,"href":"https:\/\/mountlaser.com\/de\/wp-json\/wp\/v2\/product_tag?post=3833"}],"curies":[{"name":"wp","href":"https:\/\/api.w.org\/{rel}","templated":true}]}}