{"id":3816,"date":"2025-11-10T05:38:28","date_gmt":"2025-11-10T05:38:28","guid":{"rendered":"https:\/\/mountlaser.com\/?post_type=product&#038;p=3816"},"modified":"2025-11-27T07:03:13","modified_gmt":"2025-11-27T07:03:13","slug":"st002-hds-laser-scanner-target","status":"publish","type":"product","link":"https:\/\/mountlaser.com\/de\/produkt\/st002-hds-laser-scanner-target\/","title":{"rendered":"ST002\/HDS Laserscanner-Ziel"},"content":{"rendered":"<p>Der<a href=\"https:\/\/mountlaser.com\/de\/\"><strong> Kippziel<\/strong> <\/a>Die Schwarz-Wei\u00df-Zielscheiben ST002 und HDS sind pr\u00e4zisionsgefertigte Werkzeuge f\u00fcr professionelle 3D-Laserscanning- und Vermessungsanwendungen. Beide Modelle gew\u00e4hrleisten eine genaue Punktregistrierung und Ausrichtung auch in komplexen Scanumgebungen.<\/p>\n<p>Das neigbare Zielobjekt ST002 verf\u00fcgt \u00fcber ein 152 mm (6 Zoll) gro\u00dfes Aluminiumgeh\u00e4use mit einer 3M-Reflexfolie, die f\u00fcr hohe Sichtbarkeit und pr\u00e4zise Reflektivit\u00e4t und somit f\u00fcr verbesserte Scangenauigkeit sorgt. Dank des 5\/8\u2033-11-Innengewindes und des Magnetfu\u00dfes l\u00e4sst es sich einfach und sicher an metallischen Oberfl\u00e4chen oder Stativen befestigen und erm\u00f6glicht so eine flexible Positionierung im Feldeinsatz.<\/p>\n<p>Das HDS <a href=\"https:\/\/mountlaser.com\/de\/products\/\"><strong>Schwarz-Wei\u00df-Zielscheibe<\/strong> <\/a>Beide Versionen des Tilting Target basieren auf der gleichen 152-mm-Aluminiumstruktur, verf\u00fcgen jedoch \u00fcber eine Pulverbeschichtung und einen Siebdruck f\u00fcr ein kontrastreiches Muster, das die Zielerkennung und Stabilit\u00e4t verbessert. Sie eignen sich ideal f\u00fcr Scan-Workflows, die zuverl\u00e4ssige, wiederholbare und gut sichtbare Referenzpunkte erfordern.<\/p>\n<p><strong><a href=\"https:\/\/mountlaser.com\/de\/contact-us\/\">ST002\/HDS Laserscanner-Ziel<\/a> Spezifikationen<\/strong><\/p>\n<table width=\"587\">\n<tbody>\n<tr>\n<td width=\"72\">Modell<\/td>\n<td width=\"254\">Bild<\/td>\n<td width=\"261\">Parameter<\/td>\n<\/tr>\n<tr>\n<td>ST002<\/td>\n<td><img fetchpriority=\"high\" decoding=\"async\" class=\"alignnone wp-image-3817 size-medium\" src=\"https:\/\/mountlaser.com\/wp-content\/uploads\/2025\/11\/ST0021-300x300.webp\" alt=\"ST002 Tilting Target\" width=\"300\" height=\"300\" srcset=\"https:\/\/mountlaser.com\/wp-content\/uploads\/2025\/11\/ST0021-300x300.webp 300w, https:\/\/mountlaser.com\/wp-content\/uploads\/2025\/11\/ST0021-400x400.webp 400w, https:\/\/mountlaser.com\/wp-content\/uploads\/2025\/11\/ST0021-800x800.webp 800w, https:\/\/mountlaser.com\/wp-content\/uploads\/2025\/11\/ST0021-600x600.webp 600w, https:\/\/mountlaser.com\/wp-content\/uploads\/2025\/11\/ST0021-150x150.webp 150w, https:\/\/mountlaser.com\/wp-content\/uploads\/2025\/11\/ST0021-768x768.webp 768w, https:\/\/mountlaser.com\/wp-content\/uploads\/2025\/11\/ST0021-12x12.webp 12w, https:\/\/mountlaser.com\/wp-content\/uploads\/2025\/11\/ST0021.webp 1000w\" sizes=\"(max-width: 300px) 100vw, 300px\" \/><\/td>\n<td width=\"261\">MATERIAL: Aluminium<br \/>\nZIELGRUPPE: AD152mm (6,0 Zoll)<br \/>\nOBERFL\u00c4CHENBEHANDLUNG: 3M Reflektorfolie<br \/>\nAdapter: Innengewinde 5\/8\u2033-11, Magnetfu\u00df<\/td>\n<\/tr>\n<tr>\n<td>HDS<\/td>\n<td><img decoding=\"async\" class=\"alignnone wp-image-3828 size-medium\" src=\"https:\/\/mountlaser.com\/wp-content\/uploads\/2025\/11\/HDS-Sanning-Target\uff084\uff09-300x300.webp\" alt=\"HDS Tilting Target \" width=\"300\" height=\"300\" srcset=\"https:\/\/mountlaser.com\/wp-content\/uploads\/2025\/11\/HDS-Sanning-Target\uff084\uff09-300x300.webp 300w, https:\/\/mountlaser.com\/wp-content\/uploads\/2025\/11\/HDS-Sanning-Target\uff084\uff09-400x400.webp 400w, https:\/\/mountlaser.com\/wp-content\/uploads\/2025\/11\/HDS-Sanning-Target\uff084\uff09-800x800.webp 800w, https:\/\/mountlaser.com\/wp-content\/uploads\/2025\/11\/HDS-Sanning-Target\uff084\uff09-600x600.webp 600w, https:\/\/mountlaser.com\/wp-content\/uploads\/2025\/11\/HDS-Sanning-Target\uff084\uff09-150x150.webp 150w, https:\/\/mountlaser.com\/wp-content\/uploads\/2025\/11\/HDS-Sanning-Target\uff084\uff09-768x768.webp 768w, https:\/\/mountlaser.com\/wp-content\/uploads\/2025\/11\/HDS-Sanning-Target\uff084\uff09-12x12.webp 12w, https:\/\/mountlaser.com\/wp-content\/uploads\/2025\/11\/HDS-Sanning-Target\uff084\uff09.webp 1000w\" sizes=\"(max-width: 300px) 100vw, 300px\" \/><\/td>\n<td width=\"261\">MATERIAL: Aluminium<br \/>\nZIELGRUPPE: AD152mm (6,0 Zoll)<br \/>\nOBERFL\u00c4CHENBEHANDLUNG: Pulverbeschichtung + Siebdruck<br \/>\nAdapter: Innengewinde 5\/8\u2033-11, Magnetfu\u00df<\/td>\n<\/tr>\n<\/tbody>\n<\/table>","protected":false},"excerpt":{"rendered":"<ul>\n<li>Hochpr\u00e4zises Design f\u00fcr neigbare Zielscheiben f\u00fcr professionelle Laserscanning-Anwendungen<\/li>\n<li>Robustes Aluminiumgeh\u00e4use mit hervorragender Formstabilit\u00e4t<\/li>\n<li>ST002: 3M-Reflexionsfl\u00e4che f\u00fcr verbesserte Signalr\u00fcckgabe<\/li>\n<li>HDS: Pulverbeschichtetes, schwarz-wei\u00dfes Ziel f\u00fcr klare Sichtbarkeit<\/li>\n<li>Magnetfu\u00df und 5\/8\u2033-11-Innengewinde f\u00fcr flexible Montage<\/li>\n<li>Die Zielgr\u00f6\u00dfe von 152 mm (6,0 Zoll) gew\u00e4hrleistet eine gleichbleibende Leistung.<\/li>\n<\/ul>","protected":false},"featured_media":3828,"comment_status":"open","ping_status":"closed","template":"","meta":[],"product_brand":[],"product_cat":[72,118,80],"product_tag":[],"class_list":{"0":"post-3816","1":"product","2":"type-product","3":"status-publish","4":"has-post-thumbnail","6":"product_cat-reflective-target-prism","7":"product_cat-checkerboard-target","8":"product_cat-scanner-sphere-target-laser-scanning","10":"first","11":"instock","12":"shipping-taxable","13":"product-type-simple"},"_links":{"self":[{"href":"https:\/\/mountlaser.com\/de\/wp-json\/wp\/v2\/product\/3816","targetHints":{"allow":["GET"]}}],"collection":[{"href":"https:\/\/mountlaser.com\/de\/wp-json\/wp\/v2\/product"}],"about":[{"href":"https:\/\/mountlaser.com\/de\/wp-json\/wp\/v2\/types\/product"}],"replies":[{"embeddable":true,"href":"https:\/\/mountlaser.com\/de\/wp-json\/wp\/v2\/comments?post=3816"}],"wp:featuredmedia":[{"embeddable":true,"href":"https:\/\/mountlaser.com\/de\/wp-json\/wp\/v2\/media\/3828"}],"wp:attachment":[{"href":"https:\/\/mountlaser.com\/de\/wp-json\/wp\/v2\/media?parent=3816"}],"wp:term":[{"taxonomy":"product_brand","embeddable":true,"href":"https:\/\/mountlaser.com\/de\/wp-json\/wp\/v2\/product_brand?post=3816"},{"taxonomy":"product_cat","embeddable":true,"href":"https:\/\/mountlaser.com\/de\/wp-json\/wp\/v2\/product_cat?post=3816"},{"taxonomy":"product_tag","embeddable":true,"href":"https:\/\/mountlaser.com\/de\/wp-json\/wp\/v2\/product_tag?post=3816"}],"curies":[{"name":"wp","href":"https:\/\/api.w.org\/{rel}","templated":true}]}}