{"id":3806,"date":"2025-11-10T04:50:10","date_gmt":"2025-11-10T04:50:10","guid":{"rendered":"https:\/\/mountlaser.com\/?post_type=product&#038;p=3806"},"modified":"2025-11-27T07:44:16","modified_gmt":"2025-11-27T07:44:16","slug":"st001-gzt21-laser-scanner-target","status":"publish","type":"product","link":"https:\/\/mountlaser.com\/de\/produkt\/st001-gzt21-laser-scanner-target\/","title":{"rendered":"ST001\/GZT21 Laserscanner-Ziel"},"content":{"rendered":"<p>Der<a href=\"https:\/\/mountlaser.com\/de\/\"><strong> Scanziel ST001<\/strong><\/a> und GZT21 sind hochpr\u00e4zise <a href=\"https:\/\/mountlaser.com\/de\/products\/\"><strong>Runde Schachbrettziele<\/strong><\/a> Entwickelt f\u00fcr 3D-Laserscanning, Ausrichtung und Referenzierung. Beide Modelle wurden f\u00fcr Profis konzipiert, die h\u00f6chste Pr\u00e4zision und Langlebigkeit fordern, und bieten herausragende Leistung im Au\u00dfeneinsatz und in Innenr\u00e4umen.<\/p>\n<p>Das Scanning Target ST001 zeichnet sich durch ein kompaktes Aluminiumgeh\u00e4use mit einem Au\u00dfendurchmesser von 80 mm (3,1 Zoll) aus, w\u00e4hrend das GZT21 mit einem gr\u00f6\u00dferen Au\u00dfendurchmesser von 115 mm (4,5 Zoll) f\u00fcr eine bessere Sichtbarkeit sorgt. Jedes runde Schachbrett-Ziel ist aus hochwertigem Aluminium gefertigt und gew\u00e4hrleistet so h\u00f6chste Stabilit\u00e4t und Langlebigkeit. Die Oberfl\u00e4che ist pulverbeschichtet und im Siebdruckverfahren bedruckt, was f\u00fcr exzellenten Kontrast und Best\u00e4ndigkeit gegen\u00fcber Abnutzung und Umwelteinfl\u00fcssen sorgt.<\/p>\n<p>Sowohl die <a href=\"https:\/\/mountlaser.com\/de\/contact-us\/\">Scanziel ST001<\/a> und Round Checkerboard Target GZT21 sind mit Schnellwechseladaptern im Schweizer Stil kompatibel, was eine schnelle Einrichtung und sichere Installation w\u00e4hrend des Scanvorgangs erm\u00f6glicht.<\/p>\n<p><strong>ST001\/GZT21 Laserscanner-Zielspezifikationen<\/strong><\/p>\n<table width=\"587\">\n<tbody>\n<tr>\n<td width=\"72\">Modell<\/td>\n<td width=\"254\">Bild<\/td>\n<td width=\"261\">Parameter<\/td>\n<\/tr>\n<tr>\n<td>ST001<\/td>\n<td><img fetchpriority=\"high\" decoding=\"async\" class=\"alignnone wp-image-3799 size-medium\" src=\"https:\/\/mountlaser.com\/wp-content\/uploads\/2025\/11\/ST0012-300x300.webp\" alt=\"Scanning Target ST001\" width=\"300\" height=\"300\" srcset=\"https:\/\/mountlaser.com\/wp-content\/uploads\/2025\/11\/ST0012-300x300.webp 300w, https:\/\/mountlaser.com\/wp-content\/uploads\/2025\/11\/ST0012-400x400.webp 400w, https:\/\/mountlaser.com\/wp-content\/uploads\/2025\/11\/ST0012-800x800.webp 800w, https:\/\/mountlaser.com\/wp-content\/uploads\/2025\/11\/ST0012-600x600.webp 600w, https:\/\/mountlaser.com\/wp-content\/uploads\/2025\/11\/ST0012-150x150.webp 150w, https:\/\/mountlaser.com\/wp-content\/uploads\/2025\/11\/ST0012-768x768.webp 768w, https:\/\/mountlaser.com\/wp-content\/uploads\/2025\/11\/ST0012-12x12.webp 12w, https:\/\/mountlaser.com\/wp-content\/uploads\/2025\/11\/ST0012.webp 1000w\" sizes=\"(max-width: 300px) 100vw, 300px\" \/><\/td>\n<td width=\"261\">MATERIAL: Aluminium<br \/>\nZIELGRUPPE: AD 80 mm (3,1 Zoll)<br \/>\nOBERFL\u00c4CHENBEHANDLUNG: Pulverbeschichtung + Siebdruck<br \/>\nADAPTER: Passend f\u00fcr Schnellverschlussadapter im Schweizer Stil<\/td>\n<\/tr>\n<tr>\n<td>GZT21<\/td>\n<td><img decoding=\"async\" class=\"alignnone size-medium wp-image-3808\" src=\"https:\/\/mountlaser.com\/wp-content\/uploads\/2025\/11\/GZT212-300x300.webp\" alt=\"\" width=\"300\" height=\"300\" srcset=\"https:\/\/mountlaser.com\/wp-content\/uploads\/2025\/11\/GZT212-300x300.webp 300w, https:\/\/mountlaser.com\/wp-content\/uploads\/2025\/11\/GZT212-400x400.webp 400w, https:\/\/mountlaser.com\/wp-content\/uploads\/2025\/11\/GZT212-800x800.webp 800w, https:\/\/mountlaser.com\/wp-content\/uploads\/2025\/11\/GZT212-600x600.webp 600w, https:\/\/mountlaser.com\/wp-content\/uploads\/2025\/11\/GZT212-150x150.webp 150w, https:\/\/mountlaser.com\/wp-content\/uploads\/2025\/11\/GZT212-768x768.webp 768w, https:\/\/mountlaser.com\/wp-content\/uploads\/2025\/11\/GZT212-12x12.webp 12w, https:\/\/mountlaser.com\/wp-content\/uploads\/2025\/11\/GZT212.webp 1000w\" sizes=\"(max-width: 300px) 100vw, 300px\" \/><\/td>\n<td width=\"261\">MATERIAL: Aluminium<br \/>\nZIELGRUPPE: AD115mm (4,5 Zoll)<br \/>\nOBERFL\u00c4CHENBEHANDLUNG: Pulverbeschichtung + Siebdruck<br \/>\nADAPTER: Passend f\u00fcr Schnellverschlussadapter im Schweizer Stil<\/td>\n<\/tr>\n<\/tbody>\n<\/table>","protected":false},"excerpt":{"rendered":"<ul>\n<li>Hochpr\u00e4zises rundes Schachbrettmuster f\u00fcr 3D-Laserscanning und -Vermessung<\/li>\n<li>Die robuste Aluminiumkonstruktion gew\u00e4hrleistet Stabilit\u00e4t und lange Lebensdauer.<\/li>\n<li>Pulverbeschichtete und siebgedruckte Oberfl\u00e4che f\u00fcr optimale Sichtbarkeit und Kontrast<\/li>\n<li>Kompatibel mit Schnellverschlussadaptern im Schweizer Stil f\u00fcr eine schnelle und zuverl\u00e4ssige Montage<\/li>\n<\/ul>","protected":false},"featured_media":3798,"comment_status":"open","ping_status":"closed","template":"","meta":[],"product_brand":[],"product_cat":[80,118],"product_tag":[],"class_list":{"0":"post-3806","1":"product","2":"type-product","3":"status-publish","4":"has-post-thumbnail","6":"product_cat-scanner-sphere-target-laser-scanning","7":"product_cat-checkerboard-target","9":"first","10":"instock","11":"shipping-taxable","12":"product-type-simple"},"_links":{"self":[{"href":"https:\/\/mountlaser.com\/de\/wp-json\/wp\/v2\/product\/3806","targetHints":{"allow":["GET"]}}],"collection":[{"href":"https:\/\/mountlaser.com\/de\/wp-json\/wp\/v2\/product"}],"about":[{"href":"https:\/\/mountlaser.com\/de\/wp-json\/wp\/v2\/types\/product"}],"replies":[{"embeddable":true,"href":"https:\/\/mountlaser.com\/de\/wp-json\/wp\/v2\/comments?post=3806"}],"wp:featuredmedia":[{"embeddable":true,"href":"https:\/\/mountlaser.com\/de\/wp-json\/wp\/v2\/media\/3798"}],"wp:attachment":[{"href":"https:\/\/mountlaser.com\/de\/wp-json\/wp\/v2\/media?parent=3806"}],"wp:term":[{"taxonomy":"product_brand","embeddable":true,"href":"https:\/\/mountlaser.com\/de\/wp-json\/wp\/v2\/product_brand?post=3806"},{"taxonomy":"product_cat","embeddable":true,"href":"https:\/\/mountlaser.com\/de\/wp-json\/wp\/v2\/product_cat?post=3806"},{"taxonomy":"product_tag","embeddable":true,"href":"https:\/\/mountlaser.com\/de\/wp-json\/wp\/v2\/product_tag?post=3806"}],"curies":[{"name":"wp","href":"https:\/\/api.w.org\/{rel}","templated":true}]}}