{"id":3781,"date":"2025-11-10T01:23:07","date_gmt":"2025-11-10T01:23:07","guid":{"rendered":"https:\/\/mountlaser.com\/?post_type=product&#038;p=3781"},"modified":"2025-11-27T07:49:16","modified_gmt":"2025-11-27T07:49:16","slug":"american-style-360prism","status":"publish","type":"product","link":"https:\/\/mountlaser.com\/de\/produkt\/american-style-360prism\/","title":{"rendered":"TR360 Amerikanisches 360\u00b0-Prisma"},"content":{"rendered":"<p>360\u00b0-PRISMA IM AMERIKANISCHEN STIL \u2013 Zuverl\u00e4ssiges 360\u00b0-Prisma im Trimble-Stil f\u00fcr pr\u00e4zise Vermessungen<\/p>\n<p>Das 360\u00b0-PRISMUS IM AMERIKANISCHEN STIL ist ein professionelles Produkt <a href=\"https:\/\/mountlaser.com\/de\/\"><strong>Trimble-Prisma mit 360\u00b0-Winkel<\/strong><\/a> Entwickelt f\u00fcr au\u00dfergew\u00f6hnliche Genauigkeit und Langlebigkeit bei anspruchsvollen Feldarbeiten. Konzipiert f\u00fcr den nahtlosen Einsatz als <a href=\"https:\/\/mountlaser.com\/de\/products\/\"><strong>360 Prism f\u00fcr Trimble<\/strong><\/a> Bei Totalstationen gew\u00e4hrleistet dieses Modell eine gleichm\u00e4\u00dfige und stabile Signalreflexion aus allen Richtungen.<\/p>\n<p>Das Trimble-kompatible 360\u00b0-Prisma mit sieben silberbeschichteten Prismen bietet \u00fcberragende Reflektivit\u00e4t und Messgenauigkeit. Mit einer Prismenkonstante von +2 mm und einer Zentriergenauigkeit von \u00b12,0 mm garantiert es h\u00f6chste Pr\u00e4zision unter verschiedensten Vermessungsbedingungen. Eine integrierte 20-Fu\u00df-Libelle erm\u00f6glicht die einfache vertikale Ausrichtung, w\u00e4hrend das 5\/8&quot;-11-Gewinde universelle Kompatibilit\u00e4t mit einer Vielzahl von Vermessungsstangen und -dreiecken gew\u00e4hrleistet.<\/p>\n<p><img fetchpriority=\"high\" decoding=\"async\" class=\"aligncenter wp-image-3784\" src=\"https:\/\/mountlaser.com\/wp-content\/uploads\/2025\/11\/TR360A3.webp\" alt=\"TR360 Trimble-style 360\u00b0 prism\" width=\"500\" height=\"500\" srcset=\"https:\/\/mountlaser.com\/wp-content\/uploads\/2025\/11\/TR360A3.webp 1000w, https:\/\/mountlaser.com\/wp-content\/uploads\/2025\/11\/TR360A3-300x300.webp 300w, https:\/\/mountlaser.com\/wp-content\/uploads\/2025\/11\/TR360A3-400x400.webp 400w, https:\/\/mountlaser.com\/wp-content\/uploads\/2025\/11\/TR360A3-800x800.webp 800w, https:\/\/mountlaser.com\/wp-content\/uploads\/2025\/11\/TR360A3-600x600.webp 600w, https:\/\/mountlaser.com\/wp-content\/uploads\/2025\/11\/TR360A3-150x150.webp 150w, https:\/\/mountlaser.com\/wp-content\/uploads\/2025\/11\/TR360A3-768x768.webp 768w, https:\/\/mountlaser.com\/wp-content\/uploads\/2025\/11\/TR360A3-12x12.webp 12w\" sizes=\"(max-width: 500px) 100vw, 500px\" \/><\/p>\n<p>Das <a href=\"https:\/\/mountlaser.com\/de\/contact-us\/\">360 Prism f\u00fcr Trimble<\/a> Es wurde f\u00fcr Fachleute im Au\u00dfendienst entwickelt, die Pr\u00e4zision, Stabilit\u00e4t und Effizienz ben\u00f6tigen. Die robuste Metallkonstruktion sorgt f\u00fcr Langlebigkeit und macht das Trimble-kompatible 360\u00b0-Prisma zur idealen L\u00f6sung f\u00fcr topografische, ingenieurtechnische und bautechnische Anwendungen.<\/p>","protected":false},"excerpt":{"rendered":"<ul>\n<li>Ausgestattet mit sieben silberbeschichteten Prismen f\u00fcr verbesserte Reflektivit\u00e4t<\/li>\n<li>Gew\u00e4hrleisten Sie h\u00f6chste Messgenauigkeit<\/li>\n<li>F\u00fcr universelle Befestigung und Stabilit\u00e4t<\/li>\n<\/ul>","protected":false},"featured_media":3784,"comment_status":"open","ping_status":"closed","template":"","meta":[],"product_brand":[],"product_cat":[72,115],"product_tag":[],"class_list":{"0":"post-3781","1":"product","2":"type-product","3":"status-publish","4":"has-post-thumbnail","6":"product_cat-reflective-target-prism","7":"product_cat-wide-angle-prism","9":"first","10":"instock","11":"shipping-taxable","12":"product-type-simple"},"_links":{"self":[{"href":"https:\/\/mountlaser.com\/de\/wp-json\/wp\/v2\/product\/3781","targetHints":{"allow":["GET"]}}],"collection":[{"href":"https:\/\/mountlaser.com\/de\/wp-json\/wp\/v2\/product"}],"about":[{"href":"https:\/\/mountlaser.com\/de\/wp-json\/wp\/v2\/types\/product"}],"replies":[{"embeddable":true,"href":"https:\/\/mountlaser.com\/de\/wp-json\/wp\/v2\/comments?post=3781"}],"wp:featuredmedia":[{"embeddable":true,"href":"https:\/\/mountlaser.com\/de\/wp-json\/wp\/v2\/media\/3784"}],"wp:attachment":[{"href":"https:\/\/mountlaser.com\/de\/wp-json\/wp\/v2\/media?parent=3781"}],"wp:term":[{"taxonomy":"product_brand","embeddable":true,"href":"https:\/\/mountlaser.com\/de\/wp-json\/wp\/v2\/product_brand?post=3781"},{"taxonomy":"product_cat","embeddable":true,"href":"https:\/\/mountlaser.com\/de\/wp-json\/wp\/v2\/product_cat?post=3781"},{"taxonomy":"product_tag","embeddable":true,"href":"https:\/\/mountlaser.com\/de\/wp-json\/wp\/v2\/product_tag?post=3781"}],"curies":[{"name":"wp","href":"https:\/\/api.w.org\/{rel}","templated":true}]}}