{"id":3776,"date":"2025-11-07T09:18:43","date_gmt":"2025-11-07T09:18:43","guid":{"rendered":"https:\/\/mountlaser.com\/?post_type=product&#038;p=3776"},"modified":"2025-11-27T07:54:09","modified_gmt":"2025-11-27T07:54:09","slug":"dz060-125-aluminum-prism-pole","status":"publish","type":"product","link":"https:\/\/mountlaser.com\/de\/produkt\/dz060-125-aluminum-prism-pole\/","title":{"rendered":"DZ060\/125 Aluminium-Prismenstange"},"content":{"rendered":"<p>Der <a href=\"https:\/\/mountlaser.com\/de\/\"><strong>DZ Aluminium-Prismenstange<\/strong><\/a> Diese Messlatte setzt neue Ma\u00dfst\u00e4be f\u00fcr Pr\u00e4zision und Langlebigkeit bei Vermessungsarbeiten im Gel\u00e4nde. Gefertigt aus einer hochwertigen Aluminiumlegierung, bietet sie die perfekte Kombination aus geringem Gewicht und au\u00dfergew\u00f6hnlicher Stabilit\u00e4t und ist damit ein unverzichtbares Werkzeug f\u00fcr Vermesser, die anspruchsvollen Baustellenbedingungen ausgesetzt sind.<\/p>\n<p>Was die DZ Aluminium-Prismenstange wirklich auszeichnet, ist ihr robuster Aluminium-Verriegelungsmechanismus, der f\u00fcr h\u00f6chste Stabilit\u00e4t und dauerhafte Zuverl\u00e4ssigkeit bei jeder Anwendung sorgt. Ausgestattet mit einer pr\u00e4zisen 30-Fu\u00df-Rundlibelle erm\u00f6glicht sie schnelles und genaues Ausrichten f\u00fcr fehlerfreie Messungen. Das Innenrohr verf\u00fcgt \u00fcber eine gut ablesbare Skala, und die erh\u00e4ltlichen Adapter bieten vielseitige Montagem\u00f6glichkeiten f\u00fcr das Prisma.<\/p>\n<p><a href=\"https:\/\/mountlaser.com\/de\/products\/\">DZ Aluminium-Prismenstange<\/a>:<br \/>\nDZ060 Aluminium-Prismenstange, L\u00e4nge 60 cm<br \/>\nDZ0125 Aluminium-Prismenstange, L\u00e4nge 125 cm<\/p>\n<p>Mit der Wahl zwischen einem zuverl\u00e4ssigen Drehverschluss und einem schnellen Schnellverschluss sowie einer optionalen rutschfesten Gummikappe f\u00fcr sicheren Halt, <a href=\"https:\/\/mountlaser.com\/de\/contact-us\/\"><strong>DZ Aluminium-Prismenstange<\/strong><\/a> ist darauf ausgelegt, Produktivit\u00e4t und Genauigkeit in jedem Vermessungsszenario zu steigern.<\/p>\n<p><strong>DZ060\/125 Aluminium-Prismenstange \u2013 Spezifikationen<\/strong><\/p>\n<table style=\"border-collapse: collapse; width: 846.77pt;\" border=\"0\" width=\"1129\" cellspacing=\"0\" cellpadding=\"0\">\n<tbody>\n<tr style=\"height: 14.25pt;\">\n<td class=\"et2\" style=\"height: 14.25pt; width: 142.50pt;\" width=\"190\" height=\"19\">NUMMER<\/td>\n<td class=\"et2\" style=\"width: 127.50pt;\" width=\"170\">L\u00c4NGE<\/td>\n<td class=\"et2\" style=\"width: 126.00pt;\" width=\"168\">MATERIAL<\/td>\n<td class=\"et2\" style=\"width: 135.00pt;\" width=\"180\">ABSOLVENTEN<\/td>\n<td class=\"et2\" style=\"width: 124.50pt;\" width=\"166\">Sperroption<\/td>\n<td class=\"et2\" style=\"width: 86.25pt;\" width=\"115\">DURCHMESSER<\/td>\n<td style=\"width: 105.00pt;\" width=\"140\">Bild<\/td>\n<\/tr>\n<tr style=\"height: 14.25pt;\">\n<td class=\"et2\" style=\"height: 14.25pt;\" height=\"19\">DZ060<\/td>\n<td class=\"et3\">60 cm<\/td>\n<td class=\"et2\">Aluminium<\/td>\n<td class=\"et2\">Meter<\/td>\n<td class=\"et2\">TL\/ QL<\/td>\n<td class=\"et2\">18\/25 mm<\/td>\n<td><img fetchpriority=\"high\" decoding=\"async\" class=\"alignnone wp-image-3769 size-medium\" src=\"https:\/\/mountlaser.com\/wp-content\/uploads\/2025\/11\/DZ060-2-300x300.webp\" alt=\"DZ Aluminum Prism Pole\" width=\"300\" height=\"300\" srcset=\"https:\/\/mountlaser.com\/wp-content\/uploads\/2025\/11\/DZ060-2-300x300.webp 300w, https:\/\/mountlaser.com\/wp-content\/uploads\/2025\/11\/DZ060-2-400x400.webp 400w, https:\/\/mountlaser.com\/wp-content\/uploads\/2025\/11\/DZ060-2-800x800.webp 800w, https:\/\/mountlaser.com\/wp-content\/uploads\/2025\/11\/DZ060-2-600x600.webp 600w, https:\/\/mountlaser.com\/wp-content\/uploads\/2025\/11\/DZ060-2-150x150.webp 150w, https:\/\/mountlaser.com\/wp-content\/uploads\/2025\/11\/DZ060-2-768x768.webp 768w, https:\/\/mountlaser.com\/wp-content\/uploads\/2025\/11\/DZ060-2-12x12.webp 12w, https:\/\/mountlaser.com\/wp-content\/uploads\/2025\/11\/DZ060-2.webp 1000w\" sizes=\"(max-width: 300px) 100vw, 300px\" \/><\/td>\n<\/tr>\n<tr style=\"height: 14.25pt;\">\n<td class=\"et2\" style=\"height: 14.25pt;\" height=\"19\">DZ125<\/td>\n<td class=\"et3\">125 cm<\/td>\n<td class=\"et2\">Aluminium<\/td>\n<td class=\"et2\">Meter<\/td>\n<td class=\"et2\">TL\/ QL<\/td>\n<td class=\"et2\">18\/25 mm<\/td>\n<td><img decoding=\"async\" class=\"alignnone wp-image-3778 size-medium\" src=\"https:\/\/mountlaser.com\/wp-content\/uploads\/2025\/11\/DZ120-4-300x300.webp\" alt=\"DZ Aluminum Prism Pole\" width=\"300\" height=\"300\" srcset=\"https:\/\/mountlaser.com\/wp-content\/uploads\/2025\/11\/DZ120-4-300x300.webp 300w, https:\/\/mountlaser.com\/wp-content\/uploads\/2025\/11\/DZ120-4-400x400.webp 400w, https:\/\/mountlaser.com\/wp-content\/uploads\/2025\/11\/DZ120-4-800x800.webp 800w, https:\/\/mountlaser.com\/wp-content\/uploads\/2025\/11\/DZ120-4-600x600.webp 600w, https:\/\/mountlaser.com\/wp-content\/uploads\/2025\/11\/DZ120-4-150x150.webp 150w, https:\/\/mountlaser.com\/wp-content\/uploads\/2025\/11\/DZ120-4-768x768.webp 768w, https:\/\/mountlaser.com\/wp-content\/uploads\/2025\/11\/DZ120-4-12x12.webp 12w, https:\/\/mountlaser.com\/wp-content\/uploads\/2025\/11\/DZ120-4.webp 1000w\" sizes=\"(max-width: 300px) 100vw, 300px\" \/><\/td>\n<\/tr>\n<\/tbody>\n<\/table>","protected":false},"excerpt":{"rendered":"<ul>\n<li>Leicht und robust: Hergestellt aus hochwertigem Aluminium f\u00fcr einfache Tragbarkeit und Langlebigkeit.<\/li>\n<li>Aluminium-Verriegelungssystem: Bietet hervorragende Robustheit und lange Lebensdauer.<\/li>\n<li>Integrierte Messskala: Innenrohr mit gut lesbarer Skala zum direkten Ablesen der Messwerte.<\/li>\n<\/ul>","protected":false},"featured_media":3771,"comment_status":"open","ping_status":"closed","template":"","meta":[],"product_brand":[],"product_cat":[117,89],"product_tag":[],"class_list":{"0":"post-3776","1":"product","2":"type-product","3":"status-publish","4":"has-post-thumbnail","6":"product_cat-aluminum-prism-pole","7":"product_cat-surveying-pole-rod","9":"first","10":"instock","11":"shipping-taxable","12":"product-type-simple"},"_links":{"self":[{"href":"https:\/\/mountlaser.com\/de\/wp-json\/wp\/v2\/product\/3776","targetHints":{"allow":["GET"]}}],"collection":[{"href":"https:\/\/mountlaser.com\/de\/wp-json\/wp\/v2\/product"}],"about":[{"href":"https:\/\/mountlaser.com\/de\/wp-json\/wp\/v2\/types\/product"}],"replies":[{"embeddable":true,"href":"https:\/\/mountlaser.com\/de\/wp-json\/wp\/v2\/comments?post=3776"}],"wp:featuredmedia":[{"embeddable":true,"href":"https:\/\/mountlaser.com\/de\/wp-json\/wp\/v2\/media\/3771"}],"wp:attachment":[{"href":"https:\/\/mountlaser.com\/de\/wp-json\/wp\/v2\/media?parent=3776"}],"wp:term":[{"taxonomy":"product_brand","embeddable":true,"href":"https:\/\/mountlaser.com\/de\/wp-json\/wp\/v2\/product_brand?post=3776"},{"taxonomy":"product_cat","embeddable":true,"href":"https:\/\/mountlaser.com\/de\/wp-json\/wp\/v2\/product_cat?post=3776"},{"taxonomy":"product_tag","embeddable":true,"href":"https:\/\/mountlaser.com\/de\/wp-json\/wp\/v2\/product_tag?post=3776"}],"curies":[{"name":"wp","href":"https:\/\/api.w.org\/{rel}","templated":true}]}}