{"id":3738,"date":"2025-11-07T06:56:11","date_gmt":"2025-11-07T06:56:11","guid":{"rendered":"https:\/\/mountlaser.com\/?post_type=product&#038;p=3738"},"modified":"2025-11-27T08:03:15","modified_gmt":"2025-11-27T08:03:15","slug":"atp3-360prism-metal-design","status":"publish","type":"product","link":"https:\/\/mountlaser.com\/de\/produkt\/atp3-360prism-metal-design\/","title":{"rendered":"ATP3 360\u00b0-PRISMUS-METALLDESIGN"},"content":{"rendered":"<p>Der <a href=\"https:\/\/mountlaser.com\/de\/\"><strong>ATP3 360\u00b0PRISM<\/strong><\/a> ist ein hochpr\u00e4zises <a href=\"https:\/\/mountlaser.com\/de\/about-us\/\"><strong>360\u00b0-Roboter-Prismenmontage<\/strong><\/a> Das ATP3 360\u00b0-PRISM wurde f\u00fcr moderne robotische Totalstationen und anspruchsvolle Vermessungsanwendungen entwickelt. Ausgestattet mit sechs silberbeschichteten 25,4-mm-Prismen bietet es eine au\u00dfergew\u00f6hnliche Signalreflexion und -stabilit\u00e4t aus allen Richtungen und gew\u00e4hrleistet so schnelle und zuverl\u00e4ssige Messungen im Gel\u00e4nde.<\/p>\n<p>Dank seines robusten Metallrahmens bietet dieses 360\u00b0-Roboterprisma eine hervorragende Sto\u00df- und Umweltbest\u00e4ndigkeit und ist somit ideal f\u00fcr den professionellen Einsatz unter anspruchsvollen Bedingungen geeignet. Die Prismenkonstante von 0 mm gew\u00e4hrleistet pr\u00e4zise Messwerte, w\u00e4hrend die Zentrierungsgenauigkeit von \u00b12,0 mm eine hohe Messkonstanz auf unterschiedlichem Terrain sicherstellt.<\/p>\n<p><img fetchpriority=\"high\" decoding=\"async\" class=\"aligncenter wp-image-3744\" src=\"https:\/\/mountlaser.com\/wp-content\/uploads\/2025\/11\/ATP3-3606.webp\" alt=\"ATP3 360\u00b0 Robotic Prism Assembly\" width=\"500\" height=\"500\" srcset=\"https:\/\/mountlaser.com\/wp-content\/uploads\/2025\/11\/ATP3-3606.webp 1000w, https:\/\/mountlaser.com\/wp-content\/uploads\/2025\/11\/ATP3-3606-300x300.webp 300w, https:\/\/mountlaser.com\/wp-content\/uploads\/2025\/11\/ATP3-3606-400x400.webp 400w, https:\/\/mountlaser.com\/wp-content\/uploads\/2025\/11\/ATP3-3606-800x800.webp 800w, https:\/\/mountlaser.com\/wp-content\/uploads\/2025\/11\/ATP3-3606-600x600.webp 600w, https:\/\/mountlaser.com\/wp-content\/uploads\/2025\/11\/ATP3-3606-150x150.webp 150w, https:\/\/mountlaser.com\/wp-content\/uploads\/2025\/11\/ATP3-3606-768x768.webp 768w, https:\/\/mountlaser.com\/wp-content\/uploads\/2025\/11\/ATP3-3606-12x12.webp 12w\" sizes=\"(max-width: 500px) 100vw, 500px\" \/><\/p>\n<p>Auf Komfort ausgelegt, <a href=\"https:\/\/mountlaser.com\/de\/contact-us\/\">ATP3 360\u00b0PRISM<\/a> Die integrierte, oben angebrachte runde Libelle erm\u00f6glicht eine schnelle Ausrichtung und damit eine pr\u00e4zise Einrichtung in k\u00fcrzerer Zeit. Dank ihrer robusten und kompakten Bauweise ist diese 360\u00b0-Roboterprismenbaugruppe ein unverzichtbares Zubeh\u00f6r f\u00fcr Roboter-Totalstationen, die hohe Genauigkeit und Stabilit\u00e4t \u00fcber gro\u00dfe Entfernungen erfordern.<\/p>","protected":false},"excerpt":{"rendered":"<ul>\n<li>\u00dcberragende Messgenauigkeit<\/li>\n<li>Die Metallrahmenkonstruktion erh\u00f6ht die Stabilit\u00e4t und Haltbarkeit im Spielbetrieb.<\/li>\n<li>Top-Wasserwaage f\u00fcr einfaches Nivellieren und schnelles Einrichten<\/li>\n<\/ul>","protected":false},"featured_media":3740,"comment_status":"open","ping_status":"closed","template":"","meta":[],"product_brand":[],"product_cat":[72,115],"product_tag":[],"class_list":{"0":"post-3738","1":"product","2":"type-product","3":"status-publish","4":"has-post-thumbnail","6":"product_cat-reflective-target-prism","7":"product_cat-wide-angle-prism","9":"first","10":"instock","11":"shipping-taxable","12":"product-type-simple"},"_links":{"self":[{"href":"https:\/\/mountlaser.com\/de\/wp-json\/wp\/v2\/product\/3738","targetHints":{"allow":["GET"]}}],"collection":[{"href":"https:\/\/mountlaser.com\/de\/wp-json\/wp\/v2\/product"}],"about":[{"href":"https:\/\/mountlaser.com\/de\/wp-json\/wp\/v2\/types\/product"}],"replies":[{"embeddable":true,"href":"https:\/\/mountlaser.com\/de\/wp-json\/wp\/v2\/comments?post=3738"}],"wp:featuredmedia":[{"embeddable":true,"href":"https:\/\/mountlaser.com\/de\/wp-json\/wp\/v2\/media\/3740"}],"wp:attachment":[{"href":"https:\/\/mountlaser.com\/de\/wp-json\/wp\/v2\/media?parent=3738"}],"wp:term":[{"taxonomy":"product_brand","embeddable":true,"href":"https:\/\/mountlaser.com\/de\/wp-json\/wp\/v2\/product_brand?post=3738"},{"taxonomy":"product_cat","embeddable":true,"href":"https:\/\/mountlaser.com\/de\/wp-json\/wp\/v2\/product_cat?post=3738"},{"taxonomy":"product_tag","embeddable":true,"href":"https:\/\/mountlaser.com\/de\/wp-json\/wp\/v2\/product_tag?post=3738"}],"curies":[{"name":"wp","href":"https:\/\/api.w.org\/{rel}","templated":true}]}}