{"id":3706,"date":"2025-11-07T05:46:05","date_gmt":"2025-11-07T05:46:05","guid":{"rendered":"https:\/\/mountlaser.com\/?post_type=product&#038;p=3706"},"modified":"2025-11-27T08:18:33","modified_gmt":"2025-11-27T08:18:33","slug":"grz101sa-swiss-style-360prism","status":"publish","type":"product","link":"https:\/\/mountlaser.com\/de\/produkt\/grz101sa-swiss-style-360prism\/","title":{"rendered":"GRZ101SA Hochwertige Ausf\u00fchrung mit Innenhalterung"},"content":{"rendered":"<p>Der <a href=\"https:\/\/mountlaser.com\/de\/\"><strong>GRZ101SA MINI 360 PRISM<\/strong><\/a> ist ein kompakter und dennoch hochpr\u00e4ziser Reflektor, der f\u00fcr professionelle Vermessungsanwendungen entwickelt wurde, die Stabilit\u00e4t und Genauigkeit erfordern. <a href=\"https:\/\/mountlaser.com\/de\/about-us\/\"><strong>Mini-Prisma mit Innenhalterung<\/strong><\/a>\u00a0Verf\u00fcgt \u00fcber eine Anordnung aus sechs Mini-Prismen, die sorgf\u00e4ltig ausgerichtet und miteinander verklebt sind, um eine volle 360\u00b0-Reflexionsf\u00e4higkeit zu gew\u00e4hrleisten und so konsistente und pr\u00e4zise Messungen aus allen Richtungen sicherzustellen.<\/p>\n<p>Das GRZ101SA MINI 360 PRISM mit seiner robusten Innenhalterung bietet au\u00dfergew\u00f6hnliche Stabilit\u00e4t und Langlebigkeit, selbst unter anspruchsvollen Feldbedingungen. Mit einer Schweizer Konstante von +30 mm und einer Zielgenauigkeit von \u00b12,0 mm gew\u00e4hrleistet dieses MINI PRISM MIT INNENHALTERUNG pr\u00e4zise Zielausrichtung und reproduzierbare Ergebnisse f\u00fcr Totalstationen und GNSS-Instrumente.<\/p>\n<p><img fetchpriority=\"high\" decoding=\"async\" class=\"aligncenter wp-image-3708\" src=\"https:\/\/mountlaser.com\/wp-content\/uploads\/2025\/11\/GRZ1012.webp\" alt=\"GRZ101SA MINI 360 PRISM\" width=\"500\" height=\"500\" srcset=\"https:\/\/mountlaser.com\/wp-content\/uploads\/2025\/11\/GRZ1012.webp 1000w, https:\/\/mountlaser.com\/wp-content\/uploads\/2025\/11\/GRZ1012-300x300.webp 300w, https:\/\/mountlaser.com\/wp-content\/uploads\/2025\/11\/GRZ1012-400x400.webp 400w, https:\/\/mountlaser.com\/wp-content\/uploads\/2025\/11\/GRZ1012-800x800.webp 800w, https:\/\/mountlaser.com\/wp-content\/uploads\/2025\/11\/GRZ1012-600x600.webp 600w, https:\/\/mountlaser.com\/wp-content\/uploads\/2025\/11\/GRZ1012-150x150.webp 150w, https:\/\/mountlaser.com\/wp-content\/uploads\/2025\/11\/GRZ1012-768x768.webp 768w, https:\/\/mountlaser.com\/wp-content\/uploads\/2025\/11\/GRZ1012-12x12.webp 12w\" sizes=\"(max-width: 500px) 100vw, 500px\" \/><\/p>\n<p>Der <a href=\"https:\/\/mountlaser.com\/de\/contact-us\/\">GRZ101SA MINI 360 PRISM<\/a> Mit einer H\u00f6he von nur 56 mm eignet es sich ideal f\u00fcr kompakte Aufbauten und bietet gleichzeitig hervorragende Leistung und Zuverl\u00e4ssigkeit. Ob f\u00fcr Messungen im Nahbereich oder pr\u00e4zise \u00dcberwachung \u2013 dieses Mini-Prisma mit Innenhalterung bietet Profis eine zuverl\u00e4ssige und effiziente Vermessungsl\u00f6sung.<\/p>","protected":false},"excerpt":{"rendered":"<ul>\n<li>GRZ101SA MINI 360 PRISM mit sechs Mini-Prismen f\u00fcr 360\u00b0-Reflexion<\/li>\n<li>MINI PRISM MIT INNENHALTERUNG f\u00fcr erh\u00f6hte Festigkeit und Ausrichtungsstabilit\u00e4t<\/li>\n<li>Kompakte Prismenh\u00f6he von 56 mm f\u00fcr flexible Feldanwendungen<\/li>\n<\/ul>","protected":false},"featured_media":3712,"comment_status":"open","ping_status":"closed","template":"","meta":[],"product_brand":[],"product_cat":[72,115],"product_tag":[],"class_list":{"0":"post-3706","1":"product","2":"type-product","3":"status-publish","4":"has-post-thumbnail","6":"product_cat-reflective-target-prism","7":"product_cat-wide-angle-prism","9":"first","10":"instock","11":"shipping-taxable","12":"product-type-simple"},"_links":{"self":[{"href":"https:\/\/mountlaser.com\/de\/wp-json\/wp\/v2\/product\/3706","targetHints":{"allow":["GET"]}}],"collection":[{"href":"https:\/\/mountlaser.com\/de\/wp-json\/wp\/v2\/product"}],"about":[{"href":"https:\/\/mountlaser.com\/de\/wp-json\/wp\/v2\/types\/product"}],"replies":[{"embeddable":true,"href":"https:\/\/mountlaser.com\/de\/wp-json\/wp\/v2\/comments?post=3706"}],"wp:featuredmedia":[{"embeddable":true,"href":"https:\/\/mountlaser.com\/de\/wp-json\/wp\/v2\/media\/3712"}],"wp:attachment":[{"href":"https:\/\/mountlaser.com\/de\/wp-json\/wp\/v2\/media?parent=3706"}],"wp:term":[{"taxonomy":"product_brand","embeddable":true,"href":"https:\/\/mountlaser.com\/de\/wp-json\/wp\/v2\/product_brand?post=3706"},{"taxonomy":"product_cat","embeddable":true,"href":"https:\/\/mountlaser.com\/de\/wp-json\/wp\/v2\/product_cat?post=3706"},{"taxonomy":"product_tag","embeddable":true,"href":"https:\/\/mountlaser.com\/de\/wp-json\/wp\/v2\/product_tag?post=3706"}],"curies":[{"name":"wp","href":"https:\/\/api.w.org\/{rel}","templated":true}]}}