{"id":3698,"date":"2025-11-07T05:32:21","date_gmt":"2025-11-07T05:32:21","guid":{"rendered":"https:\/\/mountlaser.com\/?post_type=product&#038;p=3698"},"modified":"2025-11-27T08:20:50","modified_gmt":"2025-11-27T08:20:50","slug":"grz101-swiss-style-360prism","status":"publish","type":"product","link":"https:\/\/mountlaser.com\/de\/produkt\/grz101-swiss-style-360prism\/","title":{"rendered":"GRZ101 Metalldesign mittlerer Qualit\u00e4t"},"content":{"rendered":"<p>Der <a href=\"https:\/\/mountlaser.com\/de\/\"><strong>GRZ101 360-Grad-Mini-Reflektor<\/strong><\/a> ist ein hochpr\u00e4zises Vermessungsprisma, das f\u00fcr genaue Messungen und Langlebigkeit unter anspruchsvollen Feldbedingungen entwickelt wurde. Es ist aus robustem Aluminium gefertigt. <a href=\"https:\/\/mountlaser.com\/de\/about-us\/\"><strong>GRZ101 Prisma<\/strong><\/a> kombiniert eine zentrale Edelstahlachse mit einem Antikollisionsring und gew\u00e4hrleistet so dauerhafte Stabilit\u00e4t und Schutz w\u00e4hrend des Betriebs.<\/p>\n<p>Das GRZ101-Prisma besteht aus sechs nahtlos verklebten Mini-Prismen und bietet eine vollst\u00e4ndige 360\u00b0-Reflexionsabdeckung. Mit einer Schweizer Konstante von +23,1 mm und einer Zentriergenauigkeit von \u00b12 mm liefert das GRZ101-Prisma herausragende Ergebnisse f\u00fcr Totalstationen und GNSS-Anwendungen und garantiert zuverl\u00e4ssige Messergebnisse aus jeder Richtung.<\/p>\n<p><img fetchpriority=\"high\" decoding=\"async\" class=\"aligncenter wp-image-3702\" src=\"https:\/\/mountlaser.com\/wp-content\/uploads\/2025\/11\/GRZ101S4.webp\" alt=\"grz101 prism\" width=\"500\" height=\"500\" srcset=\"https:\/\/mountlaser.com\/wp-content\/uploads\/2025\/11\/GRZ101S4.webp 1000w, https:\/\/mountlaser.com\/wp-content\/uploads\/2025\/11\/GRZ101S4-300x300.webp 300w, https:\/\/mountlaser.com\/wp-content\/uploads\/2025\/11\/GRZ101S4-400x400.webp 400w, https:\/\/mountlaser.com\/wp-content\/uploads\/2025\/11\/GRZ101S4-800x800.webp 800w, https:\/\/mountlaser.com\/wp-content\/uploads\/2025\/11\/GRZ101S4-600x600.webp 600w, https:\/\/mountlaser.com\/wp-content\/uploads\/2025\/11\/GRZ101S4-150x150.webp 150w, https:\/\/mountlaser.com\/wp-content\/uploads\/2025\/11\/GRZ101S4-768x768.webp 768w, https:\/\/mountlaser.com\/wp-content\/uploads\/2025\/11\/GRZ101S4-12x12.webp 12w\" sizes=\"(max-width: 500px) 100vw, 500px\" \/><\/p>\n<p>Ausgestattet mit 5\/8\u2033-11-Gewinden sowohl oben als auch unten, <a href=\"https:\/\/mountlaser.com\/de\/contact-us\/\">GRZ101 360-Grad-Mini-Reflektor<\/a> Unterst\u00fctzt die einfache Installation von Antennen und Masten. Die Schnellverschluss-Druckknopfverbindung erh\u00f6ht die Effizienz im Au\u00dfendienst und erm\u00f6glicht es Vermessern, Ger\u00e4te schnell und sicher auf- und abzubauen.<\/p>","protected":false},"excerpt":{"rendered":"<ul>\n<li>Aluminiumgeh\u00e4use mit Antikollisionsring f\u00fcr erh\u00f6hte Langlebigkeit<\/li>\n<li>Eine zentrale Achse aus Edelstahl gew\u00e4hrleistet strukturelles Gleichgewicht und Stabilit\u00e4t.<\/li>\n<li>Schnellverschluss-Druckknopf f\u00fcr einfache Montage und Demontage<\/li>\n<\/ul>","protected":false},"featured_media":3699,"comment_status":"open","ping_status":"closed","template":"","meta":[],"product_brand":[],"product_cat":[72,115],"product_tag":[],"class_list":{"0":"post-3698","1":"product","2":"type-product","3":"status-publish","4":"has-post-thumbnail","6":"product_cat-reflective-target-prism","7":"product_cat-wide-angle-prism","9":"first","10":"instock","11":"shipping-taxable","12":"product-type-simple"},"_links":{"self":[{"href":"https:\/\/mountlaser.com\/de\/wp-json\/wp\/v2\/product\/3698","targetHints":{"allow":["GET"]}}],"collection":[{"href":"https:\/\/mountlaser.com\/de\/wp-json\/wp\/v2\/product"}],"about":[{"href":"https:\/\/mountlaser.com\/de\/wp-json\/wp\/v2\/types\/product"}],"replies":[{"embeddable":true,"href":"https:\/\/mountlaser.com\/de\/wp-json\/wp\/v2\/comments?post=3698"}],"wp:featuredmedia":[{"embeddable":true,"href":"https:\/\/mountlaser.com\/de\/wp-json\/wp\/v2\/media\/3699"}],"wp:attachment":[{"href":"https:\/\/mountlaser.com\/de\/wp-json\/wp\/v2\/media?parent=3698"}],"wp:term":[{"taxonomy":"product_brand","embeddable":true,"href":"https:\/\/mountlaser.com\/de\/wp-json\/wp\/v2\/product_brand?post=3698"},{"taxonomy":"product_cat","embeddable":true,"href":"https:\/\/mountlaser.com\/de\/wp-json\/wp\/v2\/product_cat?post=3698"},{"taxonomy":"product_tag","embeddable":true,"href":"https:\/\/mountlaser.com\/de\/wp-json\/wp\/v2\/product_tag?post=3698"}],"curies":[{"name":"wp","href":"https:\/\/api.w.org\/{rel}","templated":true}]}}