{"id":3675,"date":"2025-11-07T03:11:37","date_gmt":"2025-11-07T03:11:37","guid":{"rendered":"https:\/\/mountlaser.com\/?post_type=product&#038;p=3675"},"modified":"2025-11-27T08:24:31","modified_gmt":"2025-11-27T08:24:31","slug":"gx360-swiss-style-360prism","status":"publish","type":"product","link":"https:\/\/mountlaser.com\/de\/produkt\/gx360-swiss-style-360prism\/","title":{"rendered":"GX360 360\u00b0-Prisma im Schweizer Stil"},"content":{"rendered":"<p>Das SWISS-STYLE 360\u00b0 PRISM ist ein professionelles <a href=\"https:\/\/mountlaser.com\/de\/\"><strong>Pr\u00e4zises 360-Grad-Reflexionsprisma<\/strong><\/a> Entwickelt f\u00fcr hochpr\u00e4zise Vermessungsanwendungen. Mit einem robusten Aluminiumgeh\u00e4use und konstruiert, um au\u00dfergew\u00f6hnliche Genauigkeit zu liefern. <a href=\"https:\/\/mountlaser.com\/de\/products\/\"><strong>360-Grad-Spiegelprisma f\u00fcr Schweizer<\/strong><\/a> Totalstationen gew\u00e4hrleisten zuverl\u00e4ssige Ergebnisse in alle Richtungen.<\/p>\n<p>Dieses pr\u00e4zise 360\u00b0-Reflexionsprisma verf\u00fcgt \u00fcber eine einzigartige Prismenanordnung aus sechs perfekt ausgerichteten Miniprismen, die miteinander verbunden sind und eine durchgehende 360\u00b0-Reflexionsfl\u00e4che f\u00fcr optimale Signalr\u00fcckgewinnung bieten. Dank dieser Konstruktion wird keine zentrale Edelstahlachse ben\u00f6tigt, wodurch eine leichte und dennoch robuste Struktur entsteht, die im Betrieb perfekte Balance und Ausrichtung beibeh\u00e4lt.<\/p>\n<p><img fetchpriority=\"high\" decoding=\"async\" class=\"aligncenter wp-image-3686\" src=\"https:\/\/mountlaser.com\/wp-content\/uploads\/2025\/11\/geomax\uff084\uff09-1.webp\" alt=\"GX360 Accurate 360 Degree Reflective Prism\" width=\"500\" height=\"500\" srcset=\"https:\/\/mountlaser.com\/wp-content\/uploads\/2025\/11\/geomax\uff084\uff09-1.webp 1000w, https:\/\/mountlaser.com\/wp-content\/uploads\/2025\/11\/geomax\uff084\uff09-1-300x300.webp 300w, https:\/\/mountlaser.com\/wp-content\/uploads\/2025\/11\/geomax\uff084\uff09-1-400x400.webp 400w, https:\/\/mountlaser.com\/wp-content\/uploads\/2025\/11\/geomax\uff084\uff09-1-800x800.webp 800w, https:\/\/mountlaser.com\/wp-content\/uploads\/2025\/11\/geomax\uff084\uff09-1-600x600.webp 600w, https:\/\/mountlaser.com\/wp-content\/uploads\/2025\/11\/geomax\uff084\uff09-1-150x150.webp 150w, https:\/\/mountlaser.com\/wp-content\/uploads\/2025\/11\/geomax\uff084\uff09-1-768x768.webp 768w, https:\/\/mountlaser.com\/wp-content\/uploads\/2025\/11\/geomax\uff084\uff09-1-12x12.webp 12w\" sizes=\"(max-width: 500px) 100vw, 500px\" \/><\/p>\n<p>Mit einer Schweizer Konstante von +23,1 mm und einer Zentriergenauigkeit von \u00b12,0 mm, <a href=\"https:\/\/mountlaser.com\/de\/contact-us\/\">360-Grad-Spiegelprisma f\u00fcr Schweizer<\/a> Das Instrument garantiert pr\u00e4zise Messergebnisse. Dank des Schnellverschlusses per Knopfdruck l\u00e4sst es sich schnell an Prismenstangen oder Tribrach-Adaptern befestigen und ist somit ideal f\u00fcr Au\u00dfendiensttechniker und Vermesser, die sowohl Genauigkeit als auch Effizienz ben\u00f6tigen.<\/p>","protected":false},"excerpt":{"rendered":"<ul>\n<li>Leichtes Aluminiumgeh\u00e4use \u2013 keine Mittelachse f\u00fcr bessere Balance<\/li>\n<li>Schnellverschluss-Druckknopf f\u00fcr einfache Montage und Demontage<\/li>\n<li>Ideales 360-Grad-Reflexionsprisma f\u00fcr \u00dcberwachungs- und Ausrichtungsanwendungen im Schweizer Stil.<\/li>\n<\/ul>","protected":false},"featured_media":3683,"comment_status":"open","ping_status":"closed","template":"","meta":[],"product_brand":[],"product_cat":[72,115],"product_tag":[],"class_list":{"0":"post-3675","1":"product","2":"type-product","3":"status-publish","4":"has-post-thumbnail","6":"product_cat-reflective-target-prism","7":"product_cat-wide-angle-prism","9":"first","10":"instock","11":"shipping-taxable","12":"product-type-simple"},"_links":{"self":[{"href":"https:\/\/mountlaser.com\/de\/wp-json\/wp\/v2\/product\/3675","targetHints":{"allow":["GET"]}}],"collection":[{"href":"https:\/\/mountlaser.com\/de\/wp-json\/wp\/v2\/product"}],"about":[{"href":"https:\/\/mountlaser.com\/de\/wp-json\/wp\/v2\/types\/product"}],"replies":[{"embeddable":true,"href":"https:\/\/mountlaser.com\/de\/wp-json\/wp\/v2\/comments?post=3675"}],"wp:featuredmedia":[{"embeddable":true,"href":"https:\/\/mountlaser.com\/de\/wp-json\/wp\/v2\/media\/3683"}],"wp:attachment":[{"href":"https:\/\/mountlaser.com\/de\/wp-json\/wp\/v2\/media?parent=3675"}],"wp:term":[{"taxonomy":"product_brand","embeddable":true,"href":"https:\/\/mountlaser.com\/de\/wp-json\/wp\/v2\/product_brand?post=3675"},{"taxonomy":"product_cat","embeddable":true,"href":"https:\/\/mountlaser.com\/de\/wp-json\/wp\/v2\/product_cat?post=3675"},{"taxonomy":"product_tag","embeddable":true,"href":"https:\/\/mountlaser.com\/de\/wp-json\/wp\/v2\/product_tag?post=3675"}],"curies":[{"name":"wp","href":"https:\/\/api.w.org\/{rel}","templated":true}]}}