{"id":3659,"date":"2025-11-07T02:42:29","date_gmt":"2025-11-07T02:42:29","guid":{"rendered":"https:\/\/mountlaser.com\/?post_type=product&#038;p=3659"},"modified":"2025-11-27T08:14:19","modified_gmt":"2025-11-27T08:14:19","slug":"grz112-112m-swiss-style-360-prism","status":"publish","type":"product","link":"https:\/\/mountlaser.com\/de\/produkt\/grz112-112m-swiss-style-360-prism\/","title":{"rendered":"GRZ122\/122M Schweizer 360\u00b0-Prisma"},"content":{"rendered":"<p>Der <a href=\"https:\/\/mountlaser.com\/de\/\"><strong>grz122 Prisma<\/strong><\/a> ist ein professionelles Produkt<a href=\"https:\/\/mountlaser.com\/de\/products\/\"><strong> 360-Grad-Reflexionsprisma<\/strong><\/a> Das Grz122-Prisma wurde f\u00fcr zuverl\u00e4ssige und umfassende Genauigkeit bei der Totalstationsvermessung entwickelt. Es ist im traditionellen Schweizer 360\u00b0-Design gefertigt und bietet eine gleichbleibende Reflexionsleistung sowie eine nahtlose Integration mit Totalstationsinstrumenten.<\/p>\n<p>Jedes 360\u00b0-Reflexionsprisma besteht aus sechs pr\u00e4zise ausgerichteten Miniprismen, die zu einer stabilen 360\u00b0-Einheit verklebt sind. Diese Konfiguration gew\u00e4hrleistet hohe Messgenauigkeit und optimale Reflexion in alle Richtungen. Das Prisma grz122 bietet eine Schweizer Konstante von +23,1 mm und eine Zentriergenauigkeit von \u00b12,0 mm und eignet sich daher ideal f\u00fcr anspruchsvolle Feldanwendungen.<\/p>\n<p>Dieses 360\u00b0-Reflexionsprisma im Schweizer Stil kommt ohne zentrale Edelstahlachse aus und zeichnet sich durch ein leichtes, ausbalanciertes Geh\u00e4use aus, was den Transport und den Aufbau deutlich vereinfacht. Das Modell GRZ122 verf\u00fcgt \u00fcber ein robustes Nylongeh\u00e4use, w\u00e4hrend das Modell GRZ122M mit einem Metallgeh\u00e4use f\u00fcr erh\u00f6hte Stabilit\u00e4t und Langlebigkeit ausgestattet ist.<\/p>\n<figure id=\"attachment_3663\" aria-describedby=\"caption-attachment-3663\" style=\"width: 500px\" class=\"wp-caption aligncenter\"><img fetchpriority=\"high\" decoding=\"async\" class=\"wp-image-3663\" src=\"https:\/\/mountlaser.com\/wp-content\/uploads\/2025\/11\/L2-3604.webp\" alt=\"grz122 prism\" width=\"500\" height=\"500\" srcset=\"https:\/\/mountlaser.com\/wp-content\/uploads\/2025\/11\/L2-3604.webp 1000w, https:\/\/mountlaser.com\/wp-content\/uploads\/2025\/11\/L2-3604-300x300.webp 300w, https:\/\/mountlaser.com\/wp-content\/uploads\/2025\/11\/L2-3604-400x400.webp 400w, https:\/\/mountlaser.com\/wp-content\/uploads\/2025\/11\/L2-3604-800x800.webp 800w, https:\/\/mountlaser.com\/wp-content\/uploads\/2025\/11\/L2-3604-600x600.webp 600w, https:\/\/mountlaser.com\/wp-content\/uploads\/2025\/11\/L2-3604-150x150.webp 150w, https:\/\/mountlaser.com\/wp-content\/uploads\/2025\/11\/L2-3604-768x768.webp 768w, https:\/\/mountlaser.com\/wp-content\/uploads\/2025\/11\/L2-3604-12x12.webp 12w\" sizes=\"(max-width: 500px) 100vw, 500px\" \/><figcaption id=\"caption-attachment-3663\" class=\"wp-caption-text\">GRZ122<\/figcaption><\/figure>\n<figure id=\"attachment_3669\" aria-describedby=\"caption-attachment-3669\" style=\"width: 500px\" class=\"wp-caption aligncenter\"><img decoding=\"async\" class=\"wp-image-3669\" src=\"https:\/\/mountlaser.com\/wp-content\/uploads\/2025\/11\/L2-360-\u91d1\u5c5e\uff083\uff09.webp\" alt=\"grz122M\" width=\"500\" height=\"500\" srcset=\"https:\/\/mountlaser.com\/wp-content\/uploads\/2025\/11\/L2-360-\u91d1\u5c5e\uff083\uff09.webp 1000w, https:\/\/mountlaser.com\/wp-content\/uploads\/2025\/11\/L2-360-\u91d1\u5c5e\uff083\uff09-300x300.webp 300w, https:\/\/mountlaser.com\/wp-content\/uploads\/2025\/11\/L2-360-\u91d1\u5c5e\uff083\uff09-400x400.webp 400w, https:\/\/mountlaser.com\/wp-content\/uploads\/2025\/11\/L2-360-\u91d1\u5c5e\uff083\uff09-800x800.webp 800w, https:\/\/mountlaser.com\/wp-content\/uploads\/2025\/11\/L2-360-\u91d1\u5c5e\uff083\uff09-600x600.webp 600w, https:\/\/mountlaser.com\/wp-content\/uploads\/2025\/11\/L2-360-\u91d1\u5c5e\uff083\uff09-150x150.webp 150w, https:\/\/mountlaser.com\/wp-content\/uploads\/2025\/11\/L2-360-\u91d1\u5c5e\uff083\uff09-768x768.webp 768w, https:\/\/mountlaser.com\/wp-content\/uploads\/2025\/11\/L2-360-\u91d1\u5c5e\uff083\uff09-12x12.webp 12w\" sizes=\"(max-width: 500px) 100vw, 500px\" \/><figcaption id=\"caption-attachment-3669\" class=\"wp-caption-text\">GRZ122M<\/figcaption><\/figure>\n<p>Der <a href=\"https:\/\/mountlaser.com\/de\/contact-us\/\">grz122 Prisma<\/a> Ebenfalls enthalten ist eine Schnellverschluss-Druckknopfverbindung, die eine effiziente Montage und Demontage an Prismenstangen oder Tribrach-Adaptern erm\u00f6glicht und so einen reibungslosen Betrieb bei jeder Vermessungsaufgabe gew\u00e4hrleistet.<\/p>","protected":false},"excerpt":{"rendered":"<ul>\n<li>360-Grad-Reflexionsprisma mit sechs Miniprismen f\u00fcr vollst\u00e4ndige Abdeckung<\/li>\n<li>GRZ122: Strapazierf\u00e4higes Nylongeh\u00e4use<\/li>\n<li>GRZ122M: Verst\u00e4rktes Metallgeh\u00e4use<\/li>\n<li>Schnellverschluss-Druckknopf f\u00fcr einfache Montage und Demontage<\/li>\n<li>Keine zentrale Edelstahlachse, was ein leichtes Handling gew\u00e4hrleistet.<\/li>\n<\/ul>","protected":false},"featured_media":3661,"comment_status":"open","ping_status":"closed","template":"","meta":[],"product_brand":[],"product_cat":[72,115],"product_tag":[],"class_list":{"0":"post-3659","1":"product","2":"type-product","3":"status-publish","4":"has-post-thumbnail","6":"product_cat-reflective-target-prism","7":"product_cat-wide-angle-prism","9":"first","10":"instock","11":"shipping-taxable","12":"product-type-simple"},"_links":{"self":[{"href":"https:\/\/mountlaser.com\/de\/wp-json\/wp\/v2\/product\/3659","targetHints":{"allow":["GET"]}}],"collection":[{"href":"https:\/\/mountlaser.com\/de\/wp-json\/wp\/v2\/product"}],"about":[{"href":"https:\/\/mountlaser.com\/de\/wp-json\/wp\/v2\/types\/product"}],"replies":[{"embeddable":true,"href":"https:\/\/mountlaser.com\/de\/wp-json\/wp\/v2\/comments?post=3659"}],"wp:featuredmedia":[{"embeddable":true,"href":"https:\/\/mountlaser.com\/de\/wp-json\/wp\/v2\/media\/3661"}],"wp:attachment":[{"href":"https:\/\/mountlaser.com\/de\/wp-json\/wp\/v2\/media?parent=3659"}],"wp:term":[{"taxonomy":"product_brand","embeddable":true,"href":"https:\/\/mountlaser.com\/de\/wp-json\/wp\/v2\/product_brand?post=3659"},{"taxonomy":"product_cat","embeddable":true,"href":"https:\/\/mountlaser.com\/de\/wp-json\/wp\/v2\/product_cat?post=3659"},{"taxonomy":"product_tag","embeddable":true,"href":"https:\/\/mountlaser.com\/de\/wp-json\/wp\/v2\/product_tag?post=3659"}],"curies":[{"name":"wp","href":"https:\/\/api.w.org\/{rel}","templated":true}]}}