{"id":3642,"date":"2025-11-07T02:11:50","date_gmt":"2025-11-07T02:11:50","guid":{"rendered":"https:\/\/mountlaser.com\/?post_type=product&#038;p=3642"},"modified":"2025-11-27T08:25:46","modified_gmt":"2025-11-27T08:25:46","slug":"swiss-style-360-prism","status":"publish","type":"product","link":"https:\/\/mountlaser.com\/de\/produkt\/swiss-style-360-prism\/","title":{"rendered":"GRZ4\/ GRZ4M Schweizer 360\u00b0-Prisma"},"content":{"rendered":"<p>Der <a href=\"https:\/\/mountlaser.com\/de\/\"><strong>GRZ4 360\u00b0-Reflektor<\/strong> <\/a>stellt eine hohe Genauigkeit und Langlebigkeit dar <a href=\"https:\/\/mountlaser.com\/de\/products\/\"><strong>Schweizer 360\u00b0-Prisma<\/strong><\/a> Die L\u00f6sung wurde speziell f\u00fcr Totalstationsanwendungen entwickelt, die pr\u00e4zise Messungen in alle Richtungen erfordern. Der GRZ4 360\u00b0-Reflektor wurde f\u00fcr professionelle Vermesser konzipiert und gew\u00e4hrleistet eine zuverl\u00e4ssige Zielerkennung sowie eine effiziente Datenerfassung aus jedem Winkel.<\/p>\n<p>Dieses 360\u00b0-Prisma im Schweizer Stil zeichnet sich durch eine robuste Sechs-Prismen-Konstruktion aus, die nahtlos miteinander verklebt ist und so eine vollst\u00e4ndige 360\u00b0-Abdeckung gew\u00e4hrleistet. Es bietet eine Schweizer Konstante von +23,1 mm, wodurch die Kompatibilit\u00e4t mit Instrumenten im Schweizer Stil sichergestellt wird, und garantiert eine Zentriergenauigkeit von \u00b12,0 mm f\u00fcr zuverl\u00e4ssige Leistung im praktischen Einsatz.<\/p>\n<p><img fetchpriority=\"high\" decoding=\"async\" class=\"aligncenter wp-image-3653\" src=\"https:\/\/mountlaser.com\/wp-content\/uploads\/2025\/11\/L1-3603.webp\" alt=\"GRZ4 360\u00b0 Reflector\" width=\"500\" height=\"500\" srcset=\"https:\/\/mountlaser.com\/wp-content\/uploads\/2025\/11\/L1-3603.webp 1000w, https:\/\/mountlaser.com\/wp-content\/uploads\/2025\/11\/L1-3603-300x300.webp 300w, https:\/\/mountlaser.com\/wp-content\/uploads\/2025\/11\/L1-3603-400x400.webp 400w, https:\/\/mountlaser.com\/wp-content\/uploads\/2025\/11\/L1-3603-800x800.webp 800w, https:\/\/mountlaser.com\/wp-content\/uploads\/2025\/11\/L1-3603-600x600.webp 600w, https:\/\/mountlaser.com\/wp-content\/uploads\/2025\/11\/L1-3603-150x150.webp 150w, https:\/\/mountlaser.com\/wp-content\/uploads\/2025\/11\/L1-3603-768x768.webp 768w, https:\/\/mountlaser.com\/wp-content\/uploads\/2025\/11\/L1-3603-12x12.webp 12w\" sizes=\"(max-width: 500px) 100vw, 500px\" \/><\/p>\n<p>Der GRZ4 360\u00b0-Reflektor ist in zwei Modellen erh\u00e4ltlich:<\/p>\n<p>GRZ4: Leichtes Kunststoffdesign aus strapazierf\u00e4higem Nylon<\/p>\n<p>GRZ4M: Verst\u00e4rkte Metallkonstruktion f\u00fcr maximale Stabilit\u00e4t und Langlebigkeit<\/p>\n<p>Jede <a href=\"https:\/\/mountlaser.com\/de\/contact-us\/\">Schweizer 360\u00b0-Prisma<\/a> Es ist mit einem Schnellverschluss per Knopfdruck ausgestattet, der ein schnelles Anbringen und Abnehmen an Stangen oder Dreifu\u00dfadaptern erm\u00f6glicht. Die kompakte, achsenfreie Bauweise verbessert zudem die Tragbarkeit und Zuverl\u00e4ssigkeit im Einsatz.<\/p>","protected":false},"excerpt":{"rendered":"<ul>\n<li>Schweizer 360\u00b0-Prisma mit 6 integrierten Mini-Prismen f\u00fcr vollst\u00e4ndige Abdeckung<\/li>\n<li>Schnellverschluss-Druckknopf f\u00fcr schnelle und sichere Montage<\/li>\n<li>Keine zentrale Edelstahlachse, was eine leichte und kompakte Form gew\u00e4hrleistet.<\/li>\n<\/ul>","protected":false},"featured_media":3646,"comment_status":"open","ping_status":"closed","template":"","meta":[],"product_brand":[],"product_cat":[72,115],"product_tag":[],"class_list":{"0":"post-3642","1":"product","2":"type-product","3":"status-publish","4":"has-post-thumbnail","6":"product_cat-reflective-target-prism","7":"product_cat-wide-angle-prism","9":"first","10":"instock","11":"shipping-taxable","12":"product-type-simple"},"_links":{"self":[{"href":"https:\/\/mountlaser.com\/de\/wp-json\/wp\/v2\/product\/3642","targetHints":{"allow":["GET"]}}],"collection":[{"href":"https:\/\/mountlaser.com\/de\/wp-json\/wp\/v2\/product"}],"about":[{"href":"https:\/\/mountlaser.com\/de\/wp-json\/wp\/v2\/types\/product"}],"replies":[{"embeddable":true,"href":"https:\/\/mountlaser.com\/de\/wp-json\/wp\/v2\/comments?post=3642"}],"wp:featuredmedia":[{"embeddable":true,"href":"https:\/\/mountlaser.com\/de\/wp-json\/wp\/v2\/media\/3646"}],"wp:attachment":[{"href":"https:\/\/mountlaser.com\/de\/wp-json\/wp\/v2\/media?parent=3642"}],"wp:term":[{"taxonomy":"product_brand","embeddable":true,"href":"https:\/\/mountlaser.com\/de\/wp-json\/wp\/v2\/product_brand?post=3642"},{"taxonomy":"product_cat","embeddable":true,"href":"https:\/\/mountlaser.com\/de\/wp-json\/wp\/v2\/product_cat?post=3642"},{"taxonomy":"product_tag","embeddable":true,"href":"https:\/\/mountlaser.com\/de\/wp-json\/wp\/v2\/product_tag?post=3642"}],"curies":[{"name":"wp","href":"https:\/\/api.w.org\/{rel}","templated":true}]}}