{"id":3631,"date":"2025-11-07T01:23:30","date_gmt":"2025-11-07T01:23:30","guid":{"rendered":"https:\/\/mountlaser.com\/?post_type=product&#038;p=3631"},"modified":"2025-11-27T08:58:29","modified_gmt":"2025-11-27T08:58:29","slug":"mg1500sl-top-sliding-prism-with-pole","status":"publish","type":"product","link":"https:\/\/mountlaser.com\/de\/produkt\/mg1500sl-top-sliding-prism-with-pole\/","title":{"rendered":"MG1500SL Schiebeprisma mit Stange"},"content":{"rendered":"<p>Der <a href=\"https:\/\/mountlaser.com\/de\/\"><strong>MG-1500SL Mini Prism<\/strong><\/a> ist ein pr\u00e4zisionsgefertigtes <a href=\"https:\/\/mountlaser.com\/de\/products\/\"><strong>Gelbes Mini-Prisma mit Stange f\u00fcr Totalstationen<\/strong><\/a>, Dieses Mini-Prisma mg-1500sl wurde f\u00fcr h\u00f6chste Genauigkeit und au\u00dfergew\u00f6hnliche Langlebigkeit im professionellen Vermessungswesen entwickelt. Es ist vielseitig einsetzbar unter verschiedensten Feldbedingungen und verf\u00fcgt \u00fcber ein 38,1 mm gro\u00dfes, silberbeschichtetes Prisma, das selbst \u00fcber gro\u00dfe Entfernungen eine hervorragende Reflektivit\u00e4t und ein stabiles R\u00fccksignal gew\u00e4hrleistet.<\/p>\n<p>Ausgestattet mit einem einstellbaren Offset von 0 \/ -30 mm bietet das MG-1500SL Mini-Prisma flexible Messm\u00f6glichkeiten f\u00fcr Standard- und Eckprismenanwendungen. Es beinhaltet einen Eckadapter f\u00fcr die nahtlose Ausrichtung und Positionierung und ist somit das ideale gelbe Mini-Prisma mit Stange f\u00fcr Totalstationen in Bau-, Ingenieur- und \u00dcberwachungsprojekten.<\/p>\n<p><img fetchpriority=\"high\" decoding=\"async\" class=\"aligncenter wp-image-3636\" src=\"https:\/\/mountlaser.com\/wp-content\/uploads\/2025\/11\/MG-1500SL5.webp\" alt=\"mg-1500sl mini prism\" width=\"500\" height=\"500\" srcset=\"https:\/\/mountlaser.com\/wp-content\/uploads\/2025\/11\/MG-1500SL5.webp 1000w, https:\/\/mountlaser.com\/wp-content\/uploads\/2025\/11\/MG-1500SL5-300x300.webp 300w, https:\/\/mountlaser.com\/wp-content\/uploads\/2025\/11\/MG-1500SL5-400x400.webp 400w, https:\/\/mountlaser.com\/wp-content\/uploads\/2025\/11\/MG-1500SL5-800x800.webp 800w, https:\/\/mountlaser.com\/wp-content\/uploads\/2025\/11\/MG-1500SL5-600x600.webp 600w, https:\/\/mountlaser.com\/wp-content\/uploads\/2025\/11\/MG-1500SL5-150x150.webp 150w, https:\/\/mountlaser.com\/wp-content\/uploads\/2025\/11\/MG-1500SL5-768x768.webp 768w, https:\/\/mountlaser.com\/wp-content\/uploads\/2025\/11\/MG-1500SL5-12x12.webp 12w\" sizes=\"(max-width: 500px) 100vw, 500px\" \/><\/p>\n<p>Das Mini-Prisma mg-1500sl verf\u00fcgt \u00fcber einen Adapter mit Doppelgewinde (M6-Au\u00dfengewinde und 5\/8\u2033-11-Innengewinde) f\u00fcr volle Kompatibilit\u00e4t mit Standard-Prismenstangen und -zubeh\u00f6r. Ein Griffadapter sorgt f\u00fcr mehr Komfort und Kontrolle, w\u00e4hrend die f\u00fcnfteilige Edelstahl-Stiftstange (je 300 mm lang, ausziehbar bis zu 1,5 m) sowohl Tragbarkeit als auch Stabilit\u00e4t bietet.<\/p>\n<p>Das <a href=\"https:\/\/mountlaser.com\/de\/contact-us\/\">Gelbes Mini-Prisma mit Stange f\u00fcr Totalstationen<\/a> wird in einem weichen Schutzbeutel verpackt, was einen sicheren Transport und eine lange Lebensdauer in allen Arbeitsumgebungen gew\u00e4hrleistet.<\/p>","protected":false},"excerpt":{"rendered":"<ul>\n<li>Eckadapter f\u00fcr einfache Verwendung mit Eckprismen im Lieferumfang enthalten<\/li>\n<li>Griffadapter f\u00fcr komfortable Handhabung und Einrichtung<\/li>\n<li>Robust und tragbar, inklusive weicher Schutzh\u00fclle<\/li>\n<\/ul>","protected":false},"featured_media":3632,"comment_status":"open","ping_status":"closed","template":"","meta":[],"product_brand":[],"product_cat":[72,114],"product_tag":[],"class_list":{"0":"post-3631","1":"product","2":"type-product","3":"status-publish","4":"has-post-thumbnail","6":"product_cat-reflective-target-prism","7":"product_cat-mini-prism-with-pole","9":"first","10":"instock","11":"shipping-taxable","12":"product-type-simple"},"_links":{"self":[{"href":"https:\/\/mountlaser.com\/de\/wp-json\/wp\/v2\/product\/3631","targetHints":{"allow":["GET"]}}],"collection":[{"href":"https:\/\/mountlaser.com\/de\/wp-json\/wp\/v2\/product"}],"about":[{"href":"https:\/\/mountlaser.com\/de\/wp-json\/wp\/v2\/types\/product"}],"replies":[{"embeddable":true,"href":"https:\/\/mountlaser.com\/de\/wp-json\/wp\/v2\/comments?post=3631"}],"wp:featuredmedia":[{"embeddable":true,"href":"https:\/\/mountlaser.com\/de\/wp-json\/wp\/v2\/media\/3632"}],"wp:attachment":[{"href":"https:\/\/mountlaser.com\/de\/wp-json\/wp\/v2\/media?parent=3631"}],"wp:term":[{"taxonomy":"product_brand","embeddable":true,"href":"https:\/\/mountlaser.com\/de\/wp-json\/wp\/v2\/product_brand?post=3631"},{"taxonomy":"product_cat","embeddable":true,"href":"https:\/\/mountlaser.com\/de\/wp-json\/wp\/v2\/product_cat?post=3631"},{"taxonomy":"product_tag","embeddable":true,"href":"https:\/\/mountlaser.com\/de\/wp-json\/wp\/v2\/product_tag?post=3631"}],"curies":[{"name":"wp","href":"https:\/\/api.w.org\/{rel}","templated":true}]}}