{"id":3621,"date":"2025-11-06T09:29:18","date_gmt":"2025-11-06T09:29:18","guid":{"rendered":"https:\/\/mountlaser.com\/?post_type=product&#038;p=3621"},"modified":"2025-11-27T09:09:35","modified_gmt":"2025-11-27T09:09:35","slug":"m1500-top-sliding-prism-with-pole","status":"publish","type":"product","link":"https:\/\/mountlaser.com\/de\/produkt\/m1500-top-sliding-prism-with-pole\/","title":{"rendered":"M1500 Schiebeprisma mit Stange"},"content":{"rendered":"<p>Der <a href=\"https:\/\/mountlaser.com\/de\/\"><strong>M1500 Schiebeprisma mit Stange<\/strong><\/a> Das M1500 Top-Gleitprisma mit Stange ist ein Hochleistungs-Gleitprisma, das f\u00fcr h\u00f6chste Pr\u00e4zision, Zuverl\u00e4ssigkeit und Anpassungsf\u00e4higkeit bei anspruchsvollen Vermessungsanwendungen entwickelt wurde. Es richtet sich an Profis, die auf gleichbleibende Genauigkeit angewiesen sind, und verf\u00fcgt \u00fcber ein 38,1-mm-Prisma mit Hochleistungs-Silberbeschichtung, die selbst unter schwierigen Feldbedingungen eine hervorragende Reflektivit\u00e4t und pr\u00e4zise Signalr\u00fcckmeldung gew\u00e4hrleistet.<\/p>\n<p>Dieses Modell wurde f\u00fcr Vielseitigkeit entwickelt. <a href=\"https:\/\/mountlaser.com\/de\/about-us\/\"><strong>Hochleistungs-Gleitprisma mit Stange<\/strong><\/a> Es verf\u00fcgt \u00fcber einen Eckadapter und kann daher sowohl als Standard- als auch als Eckprisma verwendet werden. Dank des Prismenversatzes von 0 mm gew\u00e4hrleistet es pr\u00e4zise Messungen f\u00fcr \u00dcberwachungs-, Ausrichtungs- und Vermessungsarbeiten im Bauwesen.<\/p>\n<p><img fetchpriority=\"high\" decoding=\"async\" class=\"aligncenter wp-image-3622\" src=\"https:\/\/mountlaser.com\/wp-content\/uploads\/2025\/11\/M-15001.webp\" alt=\"M1500 Top Sliding Prism With Pole\" width=\"500\" height=\"500\" srcset=\"https:\/\/mountlaser.com\/wp-content\/uploads\/2025\/11\/M-15001.webp 1000w, https:\/\/mountlaser.com\/wp-content\/uploads\/2025\/11\/M-15001-300x300.webp 300w, https:\/\/mountlaser.com\/wp-content\/uploads\/2025\/11\/M-15001-400x400.webp 400w, https:\/\/mountlaser.com\/wp-content\/uploads\/2025\/11\/M-15001-800x800.webp 800w, https:\/\/mountlaser.com\/wp-content\/uploads\/2025\/11\/M-15001-600x600.webp 600w, https:\/\/mountlaser.com\/wp-content\/uploads\/2025\/11\/M-15001-150x150.webp 150w, https:\/\/mountlaser.com\/wp-content\/uploads\/2025\/11\/M-15001-768x768.webp 768w, https:\/\/mountlaser.com\/wp-content\/uploads\/2025\/11\/M-15001-12x12.webp 12w\" sizes=\"(max-width: 500px) 100vw, 500px\" \/><\/p>\n<p>Der <a href=\"https:\/\/mountlaser.com\/de\/contact-us\/\">M1500 Schiebeprisma mit Stange<\/a> Es bietet zwei Verriegelungsoptionen: das M1500MP mit einem zuverl\u00e4ssigen Schraubverschluss und das M1500GP mit einem Doppelverriegelungssystem f\u00fcr erh\u00f6hte Stabilit\u00e4t bei l\u00e4ngerem Einsatz. Die Edelstahl-St\u00fctzstange (M6-Gewinde, \u00d8 9 mm) erstreckt sich \u00fcber f\u00fcnf 300 mm lange Segmente und erreicht eine L\u00e4nge von bis zu 1,5 Metern (Modell SSP093005). Sie bietet dauerhaften Halt in unterschiedlichen Einsatzumgebungen.<\/p>\n<p>Verpackt in einer weichen Schutzh\u00fclle, vereint dieses Hochleistungs-Schiebeprisma mit Stange Tragbarkeit, Pr\u00e4zision und Langlebigkeit \u2013 und ist damit eine bew\u00e4hrte Wahl f\u00fcr Vermesser weltweit.<\/p>","protected":false},"excerpt":{"rendered":"<ul>\n<li>Der Eckadapter erm\u00f6glicht die flexible Verwendung als Standard- oder Eckprisma.<\/li>\n<li>Zwei Verriegelungsoptionen: Schraubverriegelung (M1500MP) oder Doppelverriegelung (M1500GP) f\u00fcr zus\u00e4tzliche Stabilit\u00e4t<\/li>\n<li>Robuste Edelstahl-Stiftstange<\/li>\n<li>Inklusive weicher Tragetasche f\u00fcr einfachen Transport und Schutz<\/li>\n<\/ul>","protected":false},"featured_media":3622,"comment_status":"open","ping_status":"closed","template":"","meta":[],"product_brand":[],"product_cat":[72,114],"product_tag":[],"class_list":{"0":"post-3621","1":"product","2":"type-product","3":"status-publish","4":"has-post-thumbnail","6":"product_cat-reflective-target-prism","7":"product_cat-mini-prism-with-pole","9":"first","10":"instock","11":"shipping-taxable","12":"product-type-simple"},"_links":{"self":[{"href":"https:\/\/mountlaser.com\/de\/wp-json\/wp\/v2\/product\/3621","targetHints":{"allow":["GET"]}}],"collection":[{"href":"https:\/\/mountlaser.com\/de\/wp-json\/wp\/v2\/product"}],"about":[{"href":"https:\/\/mountlaser.com\/de\/wp-json\/wp\/v2\/types\/product"}],"replies":[{"embeddable":true,"href":"https:\/\/mountlaser.com\/de\/wp-json\/wp\/v2\/comments?post=3621"}],"wp:featuredmedia":[{"embeddable":true,"href":"https:\/\/mountlaser.com\/de\/wp-json\/wp\/v2\/media\/3622"}],"wp:attachment":[{"href":"https:\/\/mountlaser.com\/de\/wp-json\/wp\/v2\/media?parent=3621"}],"wp:term":[{"taxonomy":"product_brand","embeddable":true,"href":"https:\/\/mountlaser.com\/de\/wp-json\/wp\/v2\/product_brand?post=3621"},{"taxonomy":"product_cat","embeddable":true,"href":"https:\/\/mountlaser.com\/de\/wp-json\/wp\/v2\/product_cat?post=3621"},{"taxonomy":"product_tag","embeddable":true,"href":"https:\/\/mountlaser.com\/de\/wp-json\/wp\/v2\/product_tag?post=3621"}],"curies":[{"name":"wp","href":"https:\/\/api.w.org\/{rel}","templated":true}]}}