{"id":3595,"date":"2025-11-06T08:57:54","date_gmt":"2025-11-06T08:57:54","guid":{"rendered":"https:\/\/mountlaser.com\/?post_type=product&#038;p=3595"},"modified":"2025-11-28T00:48:29","modified_gmt":"2025-11-28T00:48:29","slug":"cls-series-aluminum-mini-prism-pole","status":"publish","type":"product","link":"https:\/\/mountlaser.com\/de\/produkt\/cls-series-aluminum-mini-prism-pole\/","title":{"rendered":"CLS-Serie Aluminium-Mini-Prismenstange"},"content":{"rendered":"<p>Der <a href=\"https:\/\/mountlaser.com\/de\/\"><strong>CLS-Serie Aluminium-Mini-Prismenstange<\/strong><\/a> ist so konstruiert, dass es den hohen Anforderungen moderner Vermessungsarbeiten gerecht wird und ein perfektes Gleichgewicht zwischen Stabilit\u00e4t und Tragbarkeit bietet.<\/p>\n<p>Diese speziell als Hochleistungs-Mini-Prismenstange f\u00fcr Totalstationen entwickelte Stange gew\u00e4hrleistet pr\u00e4zise Datenerfassung in unterschiedlichsten Projekten. Die robuste Vermessungs-Mini-Prismenstange mit 32 mm Au\u00dfendurchmesser bietet erh\u00f6hte Stabilit\u00e4t f\u00fcr h\u00f6chste Genauigkeit im Gel\u00e4nde. Ausgestattet mit einer stabilen Aluminium-Libelle und einer praktischen Tragetasche ist die CLS-Serie die ideale L\u00f6sung. <a href=\"https:\/\/mountlaser.com\/de\/products\/\"><strong>Mini-Prismenstab f\u00fcr Totalstation<\/strong><\/a> Setups.<\/p>\n<p>Die Konstruktion mit einem Au\u00dfendurchmesser von 32 mm (OD32mm) bietet eine h\u00f6here strukturelle Integrit\u00e4t, minimiert die Biegung und gew\u00e4hrleistet eine gleichbleibende Messgenauigkeit.<\/p>\n<p><strong>Spezifikationen der CLS-Serie Aluminium-Mini-Prismenstange<\/strong><\/p>\n<table style=\"border-collapse: collapse; width: 741.77pt;\" border=\"0\" width=\"989\" cellspacing=\"0\" cellpadding=\"0\">\n<tbody>\n<tr style=\"height: 14.25pt;\">\n<td class=\"et2\" style=\"height: 14.25pt; width: 142.50pt;\" width=\"190\" height=\"19\">NUMMER<\/td>\n<td class=\"et2\" style=\"width: 127.50pt;\" width=\"170\">MATERIAL<\/td>\n<td class=\"et2\" style=\"width: 126.00pt;\" width=\"168\">K\u00d6RPERGR\u00d6SSE<\/td>\n<td class=\"et2\" style=\"width: 135.00pt;\" width=\"180\">PRISMA-ACHSENH\u00d6HE<\/td>\n<td class=\"et2\" style=\"width: 124.50pt;\" width=\"166\">DURCHMESSER<\/td>\n<td style=\"width: 86.25pt;\" width=\"115\">Bild<\/td>\n<\/tr>\n<tr style=\"height: 14.25pt;\">\n<td class=\"et2\" style=\"height: 14.25pt;\" height=\"19\">CLS012<\/td>\n<td class=\"et3\">Aluminium<\/td>\n<td class=\"et3\">12 cm<\/td>\n<td class=\"et3\">22 cm<\/td>\n<td class=\"et3\">32 mm<\/td>\n<td><img fetchpriority=\"high\" decoding=\"async\" class=\"alignnone wp-image-3598 size-medium\" src=\"https:\/\/mountlaser.com\/wp-content\/uploads\/2025\/11\/CLS012-2-300x300.webp\" alt=\"Mini Prism Pole for Total Station\" width=\"300\" height=\"300\" srcset=\"https:\/\/mountlaser.com\/wp-content\/uploads\/2025\/11\/CLS012-2-300x300.webp 300w, https:\/\/mountlaser.com\/wp-content\/uploads\/2025\/11\/CLS012-2-400x400.webp 400w, https:\/\/mountlaser.com\/wp-content\/uploads\/2025\/11\/CLS012-2-800x800.webp 800w, https:\/\/mountlaser.com\/wp-content\/uploads\/2025\/11\/CLS012-2-600x600.webp 600w, https:\/\/mountlaser.com\/wp-content\/uploads\/2025\/11\/CLS012-2-150x150.webp 150w, https:\/\/mountlaser.com\/wp-content\/uploads\/2025\/11\/CLS012-2-768x768.webp 768w, https:\/\/mountlaser.com\/wp-content\/uploads\/2025\/11\/CLS012-2-12x12.webp 12w, https:\/\/mountlaser.com\/wp-content\/uploads\/2025\/11\/CLS012-2.webp 1000w\" sizes=\"(max-width: 300px) 100vw, 300px\" \/><\/td>\n<\/tr>\n<tr style=\"height: 14.25pt;\">\n<td class=\"et2\" style=\"height: 14.25pt;\" height=\"19\">CLS013<\/td>\n<td class=\"et3\">Aluminium<\/td>\n<td class=\"et3\">11,4 cm<\/td>\n<td class=\"et3\">15 cm<\/td>\n<td class=\"et3\">32 mm<\/td>\n<td><img decoding=\"async\" class=\"alignnone wp-image-3605 size-medium\" src=\"https:\/\/mountlaser.com\/wp-content\/uploads\/2025\/11\/CLS013-3-300x300.webp\" alt=\"Mini Prism Pole for Total Station\" width=\"300\" height=\"300\" srcset=\"https:\/\/mountlaser.com\/wp-content\/uploads\/2025\/11\/CLS013-3-300x300.webp 300w, https:\/\/mountlaser.com\/wp-content\/uploads\/2025\/11\/CLS013-3-400x400.webp 400w, https:\/\/mountlaser.com\/wp-content\/uploads\/2025\/11\/CLS013-3-800x800.webp 800w, https:\/\/mountlaser.com\/wp-content\/uploads\/2025\/11\/CLS013-3-600x600.webp 600w, https:\/\/mountlaser.com\/wp-content\/uploads\/2025\/11\/CLS013-3-150x150.webp 150w, https:\/\/mountlaser.com\/wp-content\/uploads\/2025\/11\/CLS013-3-768x768.webp 768w, https:\/\/mountlaser.com\/wp-content\/uploads\/2025\/11\/CLS013-3-12x12.webp 12w, https:\/\/mountlaser.com\/wp-content\/uploads\/2025\/11\/CLS013-3.webp 1000w\" sizes=\"(max-width: 300px) 100vw, 300px\" \/><\/td>\n<\/tr>\n<\/tbody>\n<\/table>","protected":false},"excerpt":{"rendered":"<ul>\n<li>Inklusive einer weichen Tragetasche f\u00fcr bequemen und sicheren Transport, sodass Sie dieses unverzichtbare Werkzeug problemlos zu jeder Baustelle mitnehmen k\u00f6nnen.<\/li>\n<li>Entwickelt f\u00fcr die nahtlose Funktion als Mini-Prismenstange f\u00fcr Totalstationssysteme<\/li>\n<li>Bereitstellung einer stabilen Plattform f\u00fcr Prismen in verschiedenen Vermessungsanwendungen.<\/li>\n<\/ul>","protected":false},"featured_media":3604,"comment_status":"open","ping_status":"closed","template":"","meta":[],"product_brand":[],"product_cat":[89,116],"product_tag":[],"class_list":{"0":"post-3595","1":"product","2":"type-product","3":"status-publish","4":"has-post-thumbnail","6":"product_cat-surveying-pole-rod","7":"product_cat-aluminum-mini-prism-pole","9":"first","10":"instock","11":"shipping-taxable","12":"product-type-simple"},"_links":{"self":[{"href":"https:\/\/mountlaser.com\/de\/wp-json\/wp\/v2\/product\/3595","targetHints":{"allow":["GET"]}}],"collection":[{"href":"https:\/\/mountlaser.com\/de\/wp-json\/wp\/v2\/product"}],"about":[{"href":"https:\/\/mountlaser.com\/de\/wp-json\/wp\/v2\/types\/product"}],"replies":[{"embeddable":true,"href":"https:\/\/mountlaser.com\/de\/wp-json\/wp\/v2\/comments?post=3595"}],"wp:featuredmedia":[{"embeddable":true,"href":"https:\/\/mountlaser.com\/de\/wp-json\/wp\/v2\/media\/3604"}],"wp:attachment":[{"href":"https:\/\/mountlaser.com\/de\/wp-json\/wp\/v2\/media?parent=3595"}],"wp:term":[{"taxonomy":"product_brand","embeddable":true,"href":"https:\/\/mountlaser.com\/de\/wp-json\/wp\/v2\/product_brand?post=3595"},{"taxonomy":"product_cat","embeddable":true,"href":"https:\/\/mountlaser.com\/de\/wp-json\/wp\/v2\/product_cat?post=3595"},{"taxonomy":"product_tag","embeddable":true,"href":"https:\/\/mountlaser.com\/de\/wp-json\/wp\/v2\/product_tag?post=3595"}],"curies":[{"name":"wp","href":"https:\/\/api.w.org\/{rel}","templated":true}]}}