{"id":3584,"date":"2025-11-06T08:26:22","date_gmt":"2025-11-06T08:26:22","guid":{"rendered":"https:\/\/mountlaser.com\/?post_type=product&#038;p=3584"},"modified":"2025-11-28T01:05:48","modified_gmt":"2025-11-28T01:05:48","slug":"dz-b-series-aluminum-mini-prism-pole","status":"publish","type":"product","link":"https:\/\/mountlaser.com\/de\/produkt\/dz-b-series-aluminum-mini-prism-pole\/","title":{"rendered":"DZ-B Serie Aluminium Mini-Prismenstange"},"content":{"rendered":"<p>Der <a href=\"https:\/\/mountlaser.com\/de\/\"><strong>DZ-B Serie Aluminium Mini-Prismenstange<\/strong><\/a> stellt die perfekte Verschmelzung von Pr\u00e4zisionstechnik und robuster Einsatzf\u00e4higkeit dar und wurde speziell f\u00fcr Vermesser entwickelt, die keine Kompromisse bei Genauigkeit oder Tragbarkeit eingehen wollen.<\/p>\n<p>Diese au\u00dfergew\u00f6hnliche, handgef\u00fchrte Mini-Prismenstange aus Aluminium bietet eine stabile und zuverl\u00e4ssige Plattform f\u00fcr die Prismenmontage und gew\u00e4hrleistet so eine gleichbleibende Leistung mit Totalstationen bei verschiedenen Vermessungsanwendungen.<\/p>\n<p>Mit einem Au\u00dfendurchmesser von 25 mm und aus hochwertiger Aluminiumlegierung gefertigt, <a href=\"https:\/\/mountlaser.com\/de\/products\/\"><strong>Handgef\u00fchrter Mini-Prismenstab aus Aluminium<\/strong><\/a> bietet die ideale Balance zwischen struktureller Integrit\u00e4t und leichter Man\u00f6vrierf\u00e4higkeit.<br \/>\nAusgestattet mit einer robusten Aluminium-Libellenbasis (erh\u00e4ltlich in Schwarz) f\u00fcr schnelles und genaues Nivellieren, wodurch die Messgenauigkeit unter verschiedenen Feldbedingungen gew\u00e4hrleistet wird.<br \/>\nDas macht es zur ersten Wahl f\u00fcr Vermessungsfachleute, die in beengten R\u00e4umen arbeiten oder sich schnell zwischen Messpunkten bewegen.<\/p>\n<p><strong><a href=\"https:\/\/mountlaser.com\/de\/contact-us\/\">DZ-B Serie Aluminium Mini-Prismenstange<\/a> Spezifikationen<\/strong><\/p>\n<table style=\"border-collapse: collapse; width: 741.77pt;\" border=\"0\" width=\"989\" cellspacing=\"0\" cellpadding=\"0\">\n<tbody>\n<tr style=\"height: 14.25pt;\">\n<td class=\"et2\" style=\"height: 14.25pt; width: 142.50pt;\" width=\"190\" height=\"19\">NUMMER<\/td>\n<td class=\"et2\" style=\"width: 127.50pt;\" width=\"170\">MATERIAL<\/td>\n<td class=\"et2\" style=\"width: 126.00pt;\" width=\"168\">K\u00d6RPERGR\u00d6SSE<\/td>\n<td class=\"et2\" style=\"width: 135.00pt;\" width=\"180\">PRISMA-ACHSENH\u00d6HE<\/td>\n<td class=\"et2\" style=\"width: 124.50pt;\" width=\"166\">DURCHMESSER<\/td>\n<td style=\"width: 86.25pt;\" width=\"115\">Bild<\/td>\n<\/tr>\n<tr style=\"height: 14.25pt;\">\n<td class=\"et2\" style=\"height: 14.25pt;\" height=\"19\">DZ02B<\/td>\n<td class=\"et3\">Aluminium<\/td>\n<td class=\"et2\">14 cm<\/td>\n<td class=\"et2\">24 cm<\/td>\n<td class=\"et2\">25 mm<\/td>\n<td><img fetchpriority=\"high\" decoding=\"async\" class=\"alignnone wp-image-3585 size-medium\" src=\"https:\/\/mountlaser.com\/wp-content\/uploads\/2025\/11\/DZ02B-1-300x300.webp\" alt=\"Hand Held Aluminum Mini Prism Pole\" width=\"300\" height=\"300\" srcset=\"https:\/\/mountlaser.com\/wp-content\/uploads\/2025\/11\/DZ02B-1-300x300.webp 300w, https:\/\/mountlaser.com\/wp-content\/uploads\/2025\/11\/DZ02B-1-400x400.webp 400w, https:\/\/mountlaser.com\/wp-content\/uploads\/2025\/11\/DZ02B-1-800x800.webp 800w, https:\/\/mountlaser.com\/wp-content\/uploads\/2025\/11\/DZ02B-1-600x600.webp 600w, https:\/\/mountlaser.com\/wp-content\/uploads\/2025\/11\/DZ02B-1-150x150.webp 150w, https:\/\/mountlaser.com\/wp-content\/uploads\/2025\/11\/DZ02B-1-768x768.webp 768w, https:\/\/mountlaser.com\/wp-content\/uploads\/2025\/11\/DZ02B-1-12x12.webp 12w, https:\/\/mountlaser.com\/wp-content\/uploads\/2025\/11\/DZ02B-1.webp 1000w\" sizes=\"(max-width: 300px) 100vw, 300px\" \/><\/td>\n<\/tr>\n<tr style=\"height: 14.25pt;\">\n<td class=\"et2\" style=\"height: 14.25pt;\" height=\"19\">DZ03B<\/td>\n<td class=\"et3\">Aluminium<\/td>\n<td class=\"et3\">20 cm<\/td>\n<td class=\"et3\">30 cm<\/td>\n<td class=\"et3\">25 mm<\/td>\n<td><img decoding=\"async\" class=\"alignnone wp-image-3587 size-medium\" src=\"https:\/\/mountlaser.com\/wp-content\/uploads\/2025\/11\/DZ03B-2-300x300.webp\" alt=\"Hand Held Aluminum Mini Prism Pole\" width=\"300\" height=\"300\" srcset=\"https:\/\/mountlaser.com\/wp-content\/uploads\/2025\/11\/DZ03B-2-300x300.webp 300w, https:\/\/mountlaser.com\/wp-content\/uploads\/2025\/11\/DZ03B-2-400x400.webp 400w, https:\/\/mountlaser.com\/wp-content\/uploads\/2025\/11\/DZ03B-2-800x800.webp 800w, https:\/\/mountlaser.com\/wp-content\/uploads\/2025\/11\/DZ03B-2-600x600.webp 600w, https:\/\/mountlaser.com\/wp-content\/uploads\/2025\/11\/DZ03B-2-150x150.webp 150w, https:\/\/mountlaser.com\/wp-content\/uploads\/2025\/11\/DZ03B-2-768x768.webp 768w, https:\/\/mountlaser.com\/wp-content\/uploads\/2025\/11\/DZ03B-2-12x12.webp 12w, https:\/\/mountlaser.com\/wp-content\/uploads\/2025\/11\/DZ03B-2.webp 1000w\" sizes=\"(max-width: 300px) 100vw, 300px\" \/><\/td>\n<\/tr>\n<tr style=\"height: 14.25pt;\">\n<td class=\"et2\" style=\"height: 14.25pt;\" height=\"19\">DZ04B<\/td>\n<td class=\"et3\">Aluminium<\/td>\n<td class=\"et3\">30 cm<\/td>\n<td class=\"et3\">40 cm<\/td>\n<td class=\"et3\">25 mm<\/td>\n<td><img decoding=\"async\" class=\"alignnone wp-image-3589 size-medium\" src=\"https:\/\/mountlaser.com\/wp-content\/uploads\/2025\/11\/DZ04B-1-300x300.webp\" alt=\"Hand Held Aluminum Mini Prism Pole\" width=\"300\" height=\"300\" srcset=\"https:\/\/mountlaser.com\/wp-content\/uploads\/2025\/11\/DZ04B-1-300x300.webp 300w, https:\/\/mountlaser.com\/wp-content\/uploads\/2025\/11\/DZ04B-1-400x400.webp 400w, https:\/\/mountlaser.com\/wp-content\/uploads\/2025\/11\/DZ04B-1-800x800.webp 800w, https:\/\/mountlaser.com\/wp-content\/uploads\/2025\/11\/DZ04B-1-600x600.webp 600w, https:\/\/mountlaser.com\/wp-content\/uploads\/2025\/11\/DZ04B-1-150x150.webp 150w, https:\/\/mountlaser.com\/wp-content\/uploads\/2025\/11\/DZ04B-1-768x768.webp 768w, https:\/\/mountlaser.com\/wp-content\/uploads\/2025\/11\/DZ04B-1-12x12.webp 12w, https:\/\/mountlaser.com\/wp-content\/uploads\/2025\/11\/DZ04B-1.webp 1000w\" sizes=\"(max-width: 300px) 100vw, 300px\" \/><\/td>\n<\/tr>\n<tr style=\"height: 14.25pt;\">\n<td class=\"et2\" style=\"height: 14.25pt;\" height=\"19\">DZ05B<\/td>\n<td class=\"et3\">Aluminium<\/td>\n<td class=\"et3\">40 cm<\/td>\n<td class=\"et3\">50 cm<\/td>\n<td class=\"et3\">25 mm<\/td>\n<td><img loading=\"lazy\" decoding=\"async\" class=\"alignnone wp-image-3592 size-medium\" src=\"https:\/\/mountlaser.com\/wp-content\/uploads\/2025\/11\/DZ04B-4-300x300.webp\" alt=\"Hand Held Aluminum Mini Prism Pole\" width=\"300\" height=\"300\" srcset=\"https:\/\/mountlaser.com\/wp-content\/uploads\/2025\/11\/DZ04B-4-300x300.webp 300w, https:\/\/mountlaser.com\/wp-content\/uploads\/2025\/11\/DZ04B-4-400x400.webp 400w, https:\/\/mountlaser.com\/wp-content\/uploads\/2025\/11\/DZ04B-4-800x800.webp 800w, https:\/\/mountlaser.com\/wp-content\/uploads\/2025\/11\/DZ04B-4-600x600.webp 600w, https:\/\/mountlaser.com\/wp-content\/uploads\/2025\/11\/DZ04B-4-150x150.webp 150w, https:\/\/mountlaser.com\/wp-content\/uploads\/2025\/11\/DZ04B-4-768x768.webp 768w, https:\/\/mountlaser.com\/wp-content\/uploads\/2025\/11\/DZ04B-4-12x12.webp 12w, https:\/\/mountlaser.com\/wp-content\/uploads\/2025\/11\/DZ04B-4.webp 1000w\" sizes=\"(max-width: 300px) 100vw, 300px\" \/><\/td>\n<\/tr>\n<\/tbody>\n<\/table>","protected":false},"excerpt":{"rendered":"<ul>\n<li>Hergestellt aus einer hochwertigen Aluminiumlegierung, die eine au\u00dfergew\u00f6hnliche Best\u00e4ndigkeit gegen Korrosion und St\u00f6\u00dfe bietet und somit langfristige Zuverl\u00e4ssigkeit auch unter anspruchsvollen Bedingungen gew\u00e4hrleistet.<\/li>\n<li>Unterst\u00fctzt kundenspezifische L\u00e4ngen und Konfigurationen, um spezifische Projektanforderungen zu erf\u00fcllen und so eine perfekte Anpassung an individuelle Vermessungsherausforderungen zu gew\u00e4hrleisten.<\/li>\n<\/ul>","protected":false},"featured_media":3589,"comment_status":"open","ping_status":"closed","template":"","meta":[],"product_brand":[],"product_cat":[89,116],"product_tag":[],"class_list":{"0":"post-3584","1":"product","2":"type-product","3":"status-publish","4":"has-post-thumbnail","6":"product_cat-surveying-pole-rod","7":"product_cat-aluminum-mini-prism-pole","9":"first","10":"instock","11":"shipping-taxable","12":"product-type-simple"},"_links":{"self":[{"href":"https:\/\/mountlaser.com\/de\/wp-json\/wp\/v2\/product\/3584","targetHints":{"allow":["GET"]}}],"collection":[{"href":"https:\/\/mountlaser.com\/de\/wp-json\/wp\/v2\/product"}],"about":[{"href":"https:\/\/mountlaser.com\/de\/wp-json\/wp\/v2\/types\/product"}],"replies":[{"embeddable":true,"href":"https:\/\/mountlaser.com\/de\/wp-json\/wp\/v2\/comments?post=3584"}],"wp:featuredmedia":[{"embeddable":true,"href":"https:\/\/mountlaser.com\/de\/wp-json\/wp\/v2\/media\/3589"}],"wp:attachment":[{"href":"https:\/\/mountlaser.com\/de\/wp-json\/wp\/v2\/media?parent=3584"}],"wp:term":[{"taxonomy":"product_brand","embeddable":true,"href":"https:\/\/mountlaser.com\/de\/wp-json\/wp\/v2\/product_brand?post=3584"},{"taxonomy":"product_cat","embeddable":true,"href":"https:\/\/mountlaser.com\/de\/wp-json\/wp\/v2\/product_cat?post=3584"},{"taxonomy":"product_tag","embeddable":true,"href":"https:\/\/mountlaser.com\/de\/wp-json\/wp\/v2\/product_tag?post=3584"}],"curies":[{"name":"wp","href":"https:\/\/api.w.org\/{rel}","templated":true}]}}