{"id":3575,"date":"2025-11-06T08:09:37","date_gmt":"2025-11-06T08:09:37","guid":{"rendered":"https:\/\/mountlaser.com\/?post_type=product&#038;p=3575"},"modified":"2025-11-28T01:07:55","modified_gmt":"2025-11-28T01:07:55","slug":"dz-a-series-aluminum-mini-prism-pole","status":"publish","type":"product","link":"https:\/\/mountlaser.com\/de\/produkt\/dz-a-series-aluminum-mini-prism-pole\/","title":{"rendered":"DZ-A Serie Aluminium Mini-Prismenstange"},"content":{"rendered":"<p>Der <a href=\"https:\/\/mountlaser.com\/de\/\"><strong>DZ-A Serie Aluminium Mini-Prismenstange<\/strong><\/a> Diese unverzichtbare, hochpr\u00e4zise Zubeh\u00f6rstange wurde speziell f\u00fcr Vermesser entwickelt, die im Gel\u00e4nde auf au\u00dfergew\u00f6hnliche Mobilit\u00e4t und Stabilit\u00e4t angewiesen sind. Die vielseitige Mini-Prismenstange bietet eine zuverl\u00e4ssige Befestigungsm\u00f6glichkeit f\u00fcr Prismen, die mit Totalstationen verwendet werden.<\/p>\n<p>&nbsp;<\/p>\n<p>Dank seiner kompakten und leichten Bauweise ist es das ideale Handprismen-Messger\u00e4t f\u00fcr effizientes Arbeiten in beengten R\u00e4umen oder auf schnelllebigen Vermessungsfl\u00e4chen. Die DZ-A-Serie wurde mit Blick auf Langlebigkeit und Benutzerfreundlichkeit entwickelt und gew\u00e4hrleistet so bei jeder Anwendung eine pr\u00e4zise Datenerfassung.<a href=\"https:\/\/mountlaser.com\/de\/about-us\/\"> <strong>Handgef\u00fchrter Mini-Prismenstab<\/strong><\/a>.<\/p>\n<p>Die Aluminium-Mini-Prismenstange der DZ-A-Serie verf\u00fcgt \u00fcber einen Au\u00dfendurchmesser von 25 mm (OD25mm) und bietet ein hervorragendes Gleichgewicht zwischen struktureller Steifigkeit und geringem Gewicht.<\/p>\n<p>&nbsp;<\/p>\n<p><strong><a href=\"https:\/\/mountlaser.com\/de\/contact-us\/\">DZ-A Serie Aluminium Mini-Prismenstange<\/a> Spezifikationen<\/strong><\/p>\n<table style=\"border-collapse: collapse; width: 741.77pt;\" border=\"0\" width=\"989\" cellspacing=\"0\" cellpadding=\"0\">\n<tbody>\n<tr style=\"height: 14.25pt;\">\n<td class=\"et2\" style=\"height: 14.25pt; width: 142.50pt;\" width=\"190\" height=\"19\">NUMMER<\/td>\n<td class=\"et2\" style=\"width: 127.50pt;\" width=\"170\">MATERIAL<\/td>\n<td class=\"et2\" style=\"width: 126.00pt;\" width=\"168\">K\u00d6RPERGR\u00d6SSE<\/td>\n<td class=\"et2\" style=\"width: 135.00pt;\" width=\"180\">PRISMA-ACHSENH\u00d6HE<\/td>\n<td class=\"et2\" style=\"width: 124.50pt;\" width=\"166\">DURCHMESSER<\/td>\n<td style=\"width: 86.25pt;\" width=\"115\">Bild<\/td>\n<\/tr>\n<tr style=\"height: 14.25pt;\">\n<td class=\"et2\" style=\"height: 14.25pt;\" height=\"19\">DZ02A<\/td>\n<td class=\"et3\">Aluminium<\/td>\n<td class=\"et2\">10 cm<\/td>\n<td class=\"et2\">20 cm<\/td>\n<td class=\"et2\">25 mm<\/td>\n<td><img fetchpriority=\"high\" decoding=\"async\" class=\"alignnone wp-image-3576 size-medium\" src=\"https:\/\/mountlaser.com\/wp-content\/uploads\/2025\/11\/DZ02A-2-300x300.webp\" alt=\"Hand Held Mini prism Pole\" width=\"300\" height=\"300\" srcset=\"https:\/\/mountlaser.com\/wp-content\/uploads\/2025\/11\/DZ02A-2-300x300.webp 300w, https:\/\/mountlaser.com\/wp-content\/uploads\/2025\/11\/DZ02A-2-400x400.webp 400w, https:\/\/mountlaser.com\/wp-content\/uploads\/2025\/11\/DZ02A-2-800x800.webp 800w, https:\/\/mountlaser.com\/wp-content\/uploads\/2025\/11\/DZ02A-2-600x600.webp 600w, https:\/\/mountlaser.com\/wp-content\/uploads\/2025\/11\/DZ02A-2-150x150.webp 150w, https:\/\/mountlaser.com\/wp-content\/uploads\/2025\/11\/DZ02A-2-768x768.webp 768w, https:\/\/mountlaser.com\/wp-content\/uploads\/2025\/11\/DZ02A-2-12x12.webp 12w, https:\/\/mountlaser.com\/wp-content\/uploads\/2025\/11\/DZ02A-2.webp 1000w\" sizes=\"(max-width: 300px) 100vw, 300px\" \/><\/td>\n<\/tr>\n<tr style=\"height: 14.25pt;\">\n<td class=\"et2\" style=\"height: 14.25pt;\" height=\"19\">DZ03A<\/td>\n<td class=\"et3\">Aluminium<\/td>\n<td class=\"et2\">20 cm<\/td>\n<td class=\"et2\">30 cm<\/td>\n<td class=\"et2\">25 mm<\/td>\n<td><img decoding=\"async\" class=\"alignnone wp-image-3579 size-medium\" src=\"https:\/\/mountlaser.com\/wp-content\/uploads\/2025\/11\/DZ03A-4-300x300.webp\" alt=\"Hand Held Mini prism Pole\" width=\"300\" height=\"300\" srcset=\"https:\/\/mountlaser.com\/wp-content\/uploads\/2025\/11\/DZ03A-4-300x300.webp 300w, https:\/\/mountlaser.com\/wp-content\/uploads\/2025\/11\/DZ03A-4-400x400.webp 400w, https:\/\/mountlaser.com\/wp-content\/uploads\/2025\/11\/DZ03A-4-800x800.webp 800w, https:\/\/mountlaser.com\/wp-content\/uploads\/2025\/11\/DZ03A-4-600x600.webp 600w, https:\/\/mountlaser.com\/wp-content\/uploads\/2025\/11\/DZ03A-4-150x150.webp 150w, https:\/\/mountlaser.com\/wp-content\/uploads\/2025\/11\/DZ03A-4-768x768.webp 768w, https:\/\/mountlaser.com\/wp-content\/uploads\/2025\/11\/DZ03A-4-12x12.webp 12w, https:\/\/mountlaser.com\/wp-content\/uploads\/2025\/11\/DZ03A-4.webp 1000w\" sizes=\"(max-width: 300px) 100vw, 300px\" \/><\/td>\n<\/tr>\n<tr style=\"height: 14.25pt;\">\n<td class=\"et2\" style=\"height: 14.25pt;\" height=\"19\">DZ04A<\/td>\n<td class=\"et3\">Aluminium<\/td>\n<td class=\"et2\">30 cm<\/td>\n<td class=\"et2\">40 cm<\/td>\n<td class=\"et2\">25 mm<\/td>\n<td><img decoding=\"async\" class=\"alignnone wp-image-3580 size-medium\" src=\"https:\/\/mountlaser.com\/wp-content\/uploads\/2025\/11\/DZ04A-1-300x300.webp\" alt=\"Hand Held Mini prism Pole\" width=\"300\" height=\"300\" srcset=\"https:\/\/mountlaser.com\/wp-content\/uploads\/2025\/11\/DZ04A-1-300x300.webp 300w, https:\/\/mountlaser.com\/wp-content\/uploads\/2025\/11\/DZ04A-1-400x400.webp 400w, https:\/\/mountlaser.com\/wp-content\/uploads\/2025\/11\/DZ04A-1-800x800.webp 800w, https:\/\/mountlaser.com\/wp-content\/uploads\/2025\/11\/DZ04A-1-600x600.webp 600w, https:\/\/mountlaser.com\/wp-content\/uploads\/2025\/11\/DZ04A-1-150x150.webp 150w, https:\/\/mountlaser.com\/wp-content\/uploads\/2025\/11\/DZ04A-1-768x768.webp 768w, https:\/\/mountlaser.com\/wp-content\/uploads\/2025\/11\/DZ04A-1-12x12.webp 12w, https:\/\/mountlaser.com\/wp-content\/uploads\/2025\/11\/DZ04A-1.webp 1000w\" sizes=\"(max-width: 300px) 100vw, 300px\" \/><\/td>\n<\/tr>\n<tr style=\"height: 14.25pt;\">\n<td class=\"et2\" style=\"height: 14.25pt;\" height=\"19\">DZ05A<\/td>\n<td class=\"et3\">Aluminium<\/td>\n<td class=\"et2\">40 cm<\/td>\n<td class=\"et2\">50 cm<\/td>\n<td class=\"et2\">25 mm<\/td>\n<td><img loading=\"lazy\" decoding=\"async\" class=\"alignnone wp-image-3582 size-medium\" src=\"https:\/\/mountlaser.com\/wp-content\/uploads\/2025\/11\/DZ05A-2-300x300.webp\" alt=\"Hand Held Mini prism Pole\" width=\"300\" height=\"300\" srcset=\"https:\/\/mountlaser.com\/wp-content\/uploads\/2025\/11\/DZ05A-2-300x300.webp 300w, https:\/\/mountlaser.com\/wp-content\/uploads\/2025\/11\/DZ05A-2-400x400.webp 400w, https:\/\/mountlaser.com\/wp-content\/uploads\/2025\/11\/DZ05A-2-800x800.webp 800w, https:\/\/mountlaser.com\/wp-content\/uploads\/2025\/11\/DZ05A-2-600x600.webp 600w, https:\/\/mountlaser.com\/wp-content\/uploads\/2025\/11\/DZ05A-2-150x150.webp 150w, https:\/\/mountlaser.com\/wp-content\/uploads\/2025\/11\/DZ05A-2-768x768.webp 768w, https:\/\/mountlaser.com\/wp-content\/uploads\/2025\/11\/DZ05A-2-12x12.webp 12w, https:\/\/mountlaser.com\/wp-content\/uploads\/2025\/11\/DZ05A-2.webp 1000w\" sizes=\"(max-width: 300px) 100vw, 300px\" \/><\/td>\n<\/tr>\n<\/tbody>\n<\/table>","protected":false},"excerpt":{"rendered":"<ul>\n<li>Ausgestattet mit einer robusten Aluminium-Libellenbasis (erh\u00e4ltlich in Schwarz), um ein schnelles und einfaches Nivellieren zu gew\u00e4hrleisten, was f\u00fcr die Aufrechterhaltung der Messgenauigkeit von entscheidender Bedeutung ist.<\/li>\n<li>Im Lieferumfang ist eine weiche Tragetasche enthalten, die den Transport und die Aufbewahrung sowohl bequem als auch sicher macht und das Instrument w\u00e4hrend des Transports vor Besch\u00e4digungen sch\u00fctzt.<\/li>\n<\/ul>","protected":false},"featured_media":3579,"comment_status":"open","ping_status":"closed","template":"","meta":[],"product_brand":[],"product_cat":[116,89],"product_tag":[],"class_list":{"0":"post-3575","1":"product","2":"type-product","3":"status-publish","4":"has-post-thumbnail","6":"product_cat-aluminum-mini-prism-pole","7":"product_cat-surveying-pole-rod","9":"first","10":"instock","11":"shipping-taxable","12":"product-type-simple"},"_links":{"self":[{"href":"https:\/\/mountlaser.com\/de\/wp-json\/wp\/v2\/product\/3575","targetHints":{"allow":["GET"]}}],"collection":[{"href":"https:\/\/mountlaser.com\/de\/wp-json\/wp\/v2\/product"}],"about":[{"href":"https:\/\/mountlaser.com\/de\/wp-json\/wp\/v2\/types\/product"}],"replies":[{"embeddable":true,"href":"https:\/\/mountlaser.com\/de\/wp-json\/wp\/v2\/comments?post=3575"}],"wp:featuredmedia":[{"embeddable":true,"href":"https:\/\/mountlaser.com\/de\/wp-json\/wp\/v2\/media\/3579"}],"wp:attachment":[{"href":"https:\/\/mountlaser.com\/de\/wp-json\/wp\/v2\/media?parent=3575"}],"wp:term":[{"taxonomy":"product_brand","embeddable":true,"href":"https:\/\/mountlaser.com\/de\/wp-json\/wp\/v2\/product_brand?post=3575"},{"taxonomy":"product_cat","embeddable":true,"href":"https:\/\/mountlaser.com\/de\/wp-json\/wp\/v2\/product_cat?post=3575"},{"taxonomy":"product_tag","embeddable":true,"href":"https:\/\/mountlaser.com\/de\/wp-json\/wp\/v2\/product_tag?post=3575"}],"curies":[{"name":"wp","href":"https:\/\/api.w.org\/{rel}","templated":true}]}}