{"id":3564,"date":"2025-11-06T08:28:07","date_gmt":"2025-11-06T08:28:07","guid":{"rendered":"https:\/\/mountlaser.com\/?post_type=product&#038;p=3564"},"modified":"2025-11-28T00:54:13","modified_gmt":"2025-11-28T00:54:13","slug":"gmp111-mini-prism-with-pole","status":"publish","type":"product","link":"https:\/\/mountlaser.com\/de\/produkt\/gmp111-mini-prism-with-pole\/","title":{"rendered":"GMP111 Mini-Prisma mit Stange"},"content":{"rendered":"<p>Das GMP111 Mini-Prisma mit Stange ist ein hochpr\u00e4zises <a href=\"https:\/\/mountlaser.com\/de\/\"><strong>Wasserwaage Mini-Prisma mit 4 Stangen<\/strong><\/a> Entwickelt f\u00fcr zuverl\u00e4ssige und pr\u00e4zise Leistung in allen Arten von Vermessungs- und \u00dcberwachungsanwendungen. Konzipiert f\u00fcr Stabilit\u00e4t, Mobilit\u00e4t und gleichbleibende Messgenauigkeit. <a href=\"https:\/\/mountlaser.com\/de\/products\/\"><strong>GMP111 Mini-Prisma mit Stange<\/strong><\/a> ist eine bew\u00e4hrte L\u00f6sung f\u00fcr Au\u00dfendienstmitarbeiter, die Pr\u00e4zision und Langlebigkeit fordern.<\/p>\n<p>Dieses Levels Mini-Prisma mit 4 Stangen verf\u00fcgt \u00fcber ein 25,4 mm gro\u00dfes, kupferbeschichtetes Prisma, das in schlagfestem Nylon eingefasst ist und so auch unter anspruchsvollen Umgebungsbedingungen f\u00fcr Langlebigkeit sorgt. Die leichte Aluminiumstange mit 1\/4\u2033-20-Gewinde (\u00d8 12 mm) erm\u00f6glicht eine einfache Montage und ist mit verschiedenen Totalstations-Systemen kompatibel.<\/p>\n<p><img fetchpriority=\"high\" decoding=\"async\" class=\"aligncenter wp-image-3568\" src=\"https:\/\/mountlaser.com\/wp-content\/uploads\/2025\/11\/6-2GMP1114.webp\" alt=\"gmp111 mini prism with pole\" width=\"500\" height=\"500\" srcset=\"https:\/\/mountlaser.com\/wp-content\/uploads\/2025\/11\/6-2GMP1114.webp 1000w, https:\/\/mountlaser.com\/wp-content\/uploads\/2025\/11\/6-2GMP1114-300x300.webp 300w, https:\/\/mountlaser.com\/wp-content\/uploads\/2025\/11\/6-2GMP1114-400x400.webp 400w, https:\/\/mountlaser.com\/wp-content\/uploads\/2025\/11\/6-2GMP1114-800x800.webp 800w, https:\/\/mountlaser.com\/wp-content\/uploads\/2025\/11\/6-2GMP1114-600x600.webp 600w, https:\/\/mountlaser.com\/wp-content\/uploads\/2025\/11\/6-2GMP1114-150x150.webp 150w, https:\/\/mountlaser.com\/wp-content\/uploads\/2025\/11\/6-2GMP1114-768x768.webp 768w, https:\/\/mountlaser.com\/wp-content\/uploads\/2025\/11\/6-2GMP1114-12x12.webp 12w\" sizes=\"(max-width: 500px) 100vw, 500px\" \/><\/p>\n<p>Der <a href=\"https:\/\/mountlaser.com\/de\/contact-us\/\">GMP111 Mini-Prisma mit Stange<\/a> Das System besteht aus vier 300-mm-Segmenten und ist bis zu 1,2 m lang (Modell AP123004) \u2013 eine Konstruktion, die hervorragende Vielseitigkeit und Mobilit\u00e4t im Feldeinsatz gew\u00e4hrleistet. Zwei Modellvarianten sind erh\u00e4ltlich: GMP111-0 mit 0 mm Versatz (Schweizer System) und GMP111 mit 17,5 mm Versatz (Schweizer System), um unterschiedlichen Projektanforderungen gerecht zu werden.<\/p>\n<p>Dieses Levels Mini-Prisma mit 4 Polen wird in einem Schutzkarton geliefert und vereint Pr\u00e4zisionsoptik, robuste Bauqualit\u00e4t und flexible Konfigurationsm\u00f6glichkeiten in einem zuverl\u00e4ssigen Werkzeug f\u00fcr den Feldeinsatz.<\/p>","protected":false},"excerpt":{"rendered":"<ul>\n<li>25,4 mm kupferbeschichtetes Prisma f\u00fcr hohe Reflektivit\u00e4t und Genauigkeit<\/li>\n<li>Das sto\u00dffeste Nylongeh\u00e4use gew\u00e4hrleistet Langlebigkeit im Feldeinsatz.<\/li>\n<li>Lieferung in einem Schutzkarton f\u00fcr sicheren Transport<\/li>\n<\/ul>","protected":false},"featured_media":3570,"comment_status":"open","ping_status":"closed","template":"","meta":[],"product_brand":[],"product_cat":[72,114],"product_tag":[],"class_list":{"0":"post-3564","1":"product","2":"type-product","3":"status-publish","4":"has-post-thumbnail","6":"product_cat-reflective-target-prism","7":"product_cat-mini-prism-with-pole","9":"first","10":"instock","11":"shipping-taxable","12":"product-type-simple"},"_links":{"self":[{"href":"https:\/\/mountlaser.com\/de\/wp-json\/wp\/v2\/product\/3564","targetHints":{"allow":["GET"]}}],"collection":[{"href":"https:\/\/mountlaser.com\/de\/wp-json\/wp\/v2\/product"}],"about":[{"href":"https:\/\/mountlaser.com\/de\/wp-json\/wp\/v2\/types\/product"}],"replies":[{"embeddable":true,"href":"https:\/\/mountlaser.com\/de\/wp-json\/wp\/v2\/comments?post=3564"}],"wp:featuredmedia":[{"embeddable":true,"href":"https:\/\/mountlaser.com\/de\/wp-json\/wp\/v2\/media\/3570"}],"wp:attachment":[{"href":"https:\/\/mountlaser.com\/de\/wp-json\/wp\/v2\/media?parent=3564"}],"wp:term":[{"taxonomy":"product_brand","embeddable":true,"href":"https:\/\/mountlaser.com\/de\/wp-json\/wp\/v2\/product_brand?post=3564"},{"taxonomy":"product_cat","embeddable":true,"href":"https:\/\/mountlaser.com\/de\/wp-json\/wp\/v2\/product_cat?post=3564"},{"taxonomy":"product_tag","embeddable":true,"href":"https:\/\/mountlaser.com\/de\/wp-json\/wp\/v2\/product_tag?post=3564"}],"curies":[{"name":"wp","href":"https:\/\/api.w.org\/{rel}","templated":true}]}}