{"id":3552,"date":"2025-11-06T07:27:48","date_gmt":"2025-11-06T07:27:48","guid":{"rendered":"https:\/\/mountlaser.com\/?post_type=product&#038;p=3552"},"modified":"2025-11-28T01:16:54","modified_gmt":"2025-11-28T01:16:54","slug":"sp069-mini-prism-with-pole","status":"publish","type":"product","link":"https:\/\/mountlaser.com\/de\/produkt\/sp069-mini-prism-with-pole\/","title":{"rendered":"SP069 Mini-Prisma mit Stange"},"content":{"rendered":"<p>Der <a href=\"https:\/\/mountlaser.com\/de\/\"><strong>SP069 Gelbes Mini-Prisma mit Stange<\/strong><\/a> Dieses professionelle gelbe Mini-Prisma mit Stange ist ein Zubeh\u00f6r f\u00fcr Totalstationen und wurde f\u00fcr pr\u00e4zise und effiziente Feldmessungen entwickelt. Es richtet sich an Vermesser, die Wert auf Zuverl\u00e4ssigkeit, gute Sichtbarkeit und Genauigkeit legen. Das Mini-Prisma kombiniert robuste Materialien mit einer flexiblen Konfiguration und eignet sich ideal f\u00fcr Eckmessungen, \u00dcberwachungs- und Absteckungsarbeiten.<\/p>\n<p>Ausgestattet mit einem 38,1 mm gro\u00dfen, silberbeschichteten Prisma mit 0\/30 mm Versatz,<a href=\"https:\/\/mountlaser.com\/de\/products\/\"><strong> gelbe Mini-Prisma-Totalstation<\/strong> <\/a>Das System bietet hervorragende Reflektivit\u00e4t und Messgenauigkeit \u00fcber verschiedene Distanzen. Es umfasst einen Adapter f\u00fcr die Anwendung an Ecken sowie eine Griffbefestigung und gew\u00e4hrleistet so optimale Flexibilit\u00e4t in komplexen Vermessungsumgebungen.<\/p>\n<p><img fetchpriority=\"high\" decoding=\"async\" class=\"aligncenter wp-image-3556\" src=\"https:\/\/mountlaser.com\/wp-content\/uploads\/2025\/11\/SP0693.webp\" alt=\"SP069 Yellow mini Prism With pole\" width=\"500\" height=\"500\" srcset=\"https:\/\/mountlaser.com\/wp-content\/uploads\/2025\/11\/SP0693.webp 1000w, https:\/\/mountlaser.com\/wp-content\/uploads\/2025\/11\/SP0693-300x300.webp 300w, https:\/\/mountlaser.com\/wp-content\/uploads\/2025\/11\/SP0693-400x400.webp 400w, https:\/\/mountlaser.com\/wp-content\/uploads\/2025\/11\/SP0693-800x800.webp 800w, https:\/\/mountlaser.com\/wp-content\/uploads\/2025\/11\/SP0693-600x600.webp 600w, https:\/\/mountlaser.com\/wp-content\/uploads\/2025\/11\/SP0693-150x150.webp 150w, https:\/\/mountlaser.com\/wp-content\/uploads\/2025\/11\/SP0693-768x768.webp 768w, https:\/\/mountlaser.com\/wp-content\/uploads\/2025\/11\/SP0693-12x12.webp 12w\" sizes=\"(max-width: 500px) 100vw, 500px\" \/><\/p>\n<p>Der <a href=\"https:\/\/mountlaser.com\/de\/contact-us\/\">SP069 Gelbes Mini-Prisma mit Stange<\/a> Es ist mit einem Adapter mit M6-Au\u00dfengewinde und 5\/8\u2033-11-Innengewinde ausgestattet und somit mit den meisten Totalstationen kompatibel. Die Edelstahl-Messstange (Au\u00dfendurchmesser 9 mm) l\u00e4sst sich teleskopisch von 300 mm \u00d7 5 Segmenten auf bis zu 1,5 m ausziehen (Modell: SSP093005) und ist dadurch sowohl stabil als auch tragbar f\u00fcr den Feldeinsatz.<\/p>\n<p>F\u00fcr noch h\u00f6here Pr\u00e4zision l\u00e4sst sich diese gelbe Mini-Prismen-Totalstation mit optionalem Zubeh\u00f6r wie dem Mini-Prismen-Dreibeinstativ MPT01 oder einem Aluminiumrohr f\u00fcr mehr Stabilit\u00e4t kombinieren. Die SP069 Gelbe Mini-Prismen-Totalstation mit Stange wird in einer weichen Tragetasche geliefert und gew\u00e4hrleistet so einen sicheren Transport und eine professionelle Pr\u00e4sentation.<\/p>","protected":false},"excerpt":{"rendered":"<ul>\n<li>Adapter f\u00fcr die Verwendung in Ecken und Griffbefestigung f\u00fcr einfache Ausrichtung<\/li>\n<li>Die strapazierf\u00e4hige gelbe Lackierung verbessert die Sichtbarkeit im Gel\u00e4nde.<\/li>\n<li>Inklusive weicher Tragetasche f\u00fcr bequemen Transport<\/li>\n<li>Kompatibel mit MPT01 Mini-Prismendreifu\u00df und Zubeh\u00f6r aus Aluminiumrohren<\/li>\n<\/ul>","protected":false},"featured_media":3554,"comment_status":"open","ping_status":"closed","template":"","meta":[],"product_brand":[],"product_cat":[72,114],"product_tag":[],"class_list":{"0":"post-3552","1":"product","2":"type-product","3":"status-publish","4":"has-post-thumbnail","6":"product_cat-reflective-target-prism","7":"product_cat-mini-prism-with-pole","9":"first","10":"instock","11":"shipping-taxable","12":"product-type-simple"},"_links":{"self":[{"href":"https:\/\/mountlaser.com\/de\/wp-json\/wp\/v2\/product\/3552","targetHints":{"allow":["GET"]}}],"collection":[{"href":"https:\/\/mountlaser.com\/de\/wp-json\/wp\/v2\/product"}],"about":[{"href":"https:\/\/mountlaser.com\/de\/wp-json\/wp\/v2\/types\/product"}],"replies":[{"embeddable":true,"href":"https:\/\/mountlaser.com\/de\/wp-json\/wp\/v2\/comments?post=3552"}],"wp:featuredmedia":[{"embeddable":true,"href":"https:\/\/mountlaser.com\/de\/wp-json\/wp\/v2\/media\/3554"}],"wp:attachment":[{"href":"https:\/\/mountlaser.com\/de\/wp-json\/wp\/v2\/media?parent=3552"}],"wp:term":[{"taxonomy":"product_brand","embeddable":true,"href":"https:\/\/mountlaser.com\/de\/wp-json\/wp\/v2\/product_brand?post=3552"},{"taxonomy":"product_cat","embeddable":true,"href":"https:\/\/mountlaser.com\/de\/wp-json\/wp\/v2\/product_cat?post=3552"},{"taxonomy":"product_tag","embeddable":true,"href":"https:\/\/mountlaser.com\/de\/wp-json\/wp\/v2\/product_tag?post=3552"}],"curies":[{"name":"wp","href":"https:\/\/api.w.org\/{rel}","templated":true}]}}