{"id":3541,"date":"2025-11-06T07:02:51","date_gmt":"2025-11-06T07:02:51","guid":{"rendered":"https:\/\/mountlaser.com\/?post_type=product&#038;p=3541"},"modified":"2025-11-28T01:18:35","modified_gmt":"2025-11-28T01:18:35","slug":"sp068-sliding-prism-with-pole","status":"publish","type":"product","link":"https:\/\/mountlaser.com\/de\/produkt\/sp068-sliding-prism-with-pole\/","title":{"rendered":"SP068 Schiebeprisma mit Stange"},"content":{"rendered":"<p>Das SP068 Schiebeprisma mit Stange ist ein hochpr\u00e4zises Mini-Prisma- und Stangensystem, das f\u00fcr professionelle Vermessungs-, \u00dcberwachungs- und Absteckungsanwendungen entwickelt wurde. Es wurde mit Blick auf Feldeffizienz und robuste Langlebigkeit konzipiert. <a href=\"https:\/\/mountlaser.com\/de\/\"><strong>Kompaktes und tragbares Prismenstangensystem<\/strong><\/a> bietet au\u00dfergew\u00f6hnliche Leistung in einem leichten, einfach zu transportierenden Format \u2013 ideal f\u00fcr Vermesser, die unterwegs auf Zuverl\u00e4ssigkeit angewiesen sind.<\/p>\n<p>Ausgestattet mit einem 25,4 mm gro\u00dfen, kupferbeschichteten Prisma, <a href=\"https:\/\/mountlaser.com\/de\/products\/\"><strong>Mini-Prisma- und Stangensystem<\/strong><\/a> Gew\u00e4hrleistet \u00fcberragende Reflektivit\u00e4t und Messgenauigkeit, selbst unter anspruchsvollen Einsatzbedingungen. Der austauschbare 0\/-30-mm-Prismenversatz bietet Flexibilit\u00e4t f\u00fcr unterschiedliche Vermessungsanforderungen, w\u00e4hrend das Geh\u00e4use aus eloxiertem Nichteisen-Aluminium langfristige Stabilit\u00e4t und Korrosionsbest\u00e4ndigkeit garantiert.<\/p>\n<p><img fetchpriority=\"high\" decoding=\"async\" class=\"aligncenter wp-image-3544\" src=\"https:\/\/mountlaser.com\/wp-content\/uploads\/2025\/11\/6-6SP-683.webp\" alt=\"SP068 Mini Prism and Pole System\" width=\"500\" height=\"500\" srcset=\"https:\/\/mountlaser.com\/wp-content\/uploads\/2025\/11\/6-6SP-683.webp 1000w, https:\/\/mountlaser.com\/wp-content\/uploads\/2025\/11\/6-6SP-683-300x300.webp 300w, https:\/\/mountlaser.com\/wp-content\/uploads\/2025\/11\/6-6SP-683-400x400.webp 400w, https:\/\/mountlaser.com\/wp-content\/uploads\/2025\/11\/6-6SP-683-800x800.webp 800w, https:\/\/mountlaser.com\/wp-content\/uploads\/2025\/11\/6-6SP-683-600x600.webp 600w, https:\/\/mountlaser.com\/wp-content\/uploads\/2025\/11\/6-6SP-683-150x150.webp 150w, https:\/\/mountlaser.com\/wp-content\/uploads\/2025\/11\/6-6SP-683-768x768.webp 768w, https:\/\/mountlaser.com\/wp-content\/uploads\/2025\/11\/6-6SP-683-12x12.webp 12w\" sizes=\"(max-width: 500px) 100vw, 500px\" \/><\/p>\n<p>Der <a href=\"https:\/\/mountlaser.com\/de\/contact-us\/\">Kompaktes und tragbares Prismenstangensystem<\/a> Das System umfasst eine pr\u00e4zisionsgefertigte Aluminiumstange (1\/4\u2033-20 Gewinde, Au\u00dfendurchmesser 12 mm), die sich dank ihres vierteiligen Teleskopdesigns (300 mm \u00d7 4) auf 1,20 m ausziehen l\u00e4sst. Seitliche Konen dienen als zuverl\u00e4ssiger Doppelverriegelungsmechanismus und gew\u00e4hrleisten so eine sichere H\u00f6hen- und Winkelpositionierung w\u00e4hrend des Betriebs.<\/p>\n<p>F\u00fcr maximale Kompatibilit\u00e4t ist das Mini-Prismen- und Stangensystem mit einem Messingadapter mit 5\/8\u2033-11-Gewinde ausgestattet und somit mit Standard-Prismenstangen und Dreibeinstativen kompatibel. Das verschiebbare Prisma mit Stange SP068 wird in einer weichen Tragetasche mit Innenbox geliefert und bietet so bequemen Transport und Schutz f\u00fcr den professionellen Einsatz im Freien.<\/p>","protected":false},"excerpt":{"rendered":"<ul>\n<li>Hochpr\u00e4zises Mini-Prismen- und Stangensystem f\u00fcr Feldvermessungs- und Absteckungsaufgaben<\/li>\n<li>Geh\u00e4use aus eloxiertem Nichteisen-Aluminium f\u00fcr Korrosionsbest\u00e4ndigkeit und Festigkeit<\/li>\n<li>Seitliche Kegel dienen als doppeltes Verriegelungssystem f\u00fcr eine stabile Einstellung und Neigungskontrolle.<\/li>\n<li>Kompaktes und tragbares Prismenstangensystem, geliefert mit weicher Tasche und Innenbox<\/li>\n<\/ul>","protected":false},"featured_media":3542,"comment_status":"open","ping_status":"closed","template":"","meta":[],"product_brand":[],"product_cat":[72,114],"product_tag":[],"class_list":{"0":"post-3541","1":"product","2":"type-product","3":"status-publish","4":"has-post-thumbnail","6":"product_cat-reflective-target-prism","7":"product_cat-mini-prism-with-pole","9":"first","10":"instock","11":"shipping-taxable","12":"product-type-simple"},"_links":{"self":[{"href":"https:\/\/mountlaser.com\/de\/wp-json\/wp\/v2\/product\/3541","targetHints":{"allow":["GET"]}}],"collection":[{"href":"https:\/\/mountlaser.com\/de\/wp-json\/wp\/v2\/product"}],"about":[{"href":"https:\/\/mountlaser.com\/de\/wp-json\/wp\/v2\/types\/product"}],"replies":[{"embeddable":true,"href":"https:\/\/mountlaser.com\/de\/wp-json\/wp\/v2\/comments?post=3541"}],"wp:featuredmedia":[{"embeddable":true,"href":"https:\/\/mountlaser.com\/de\/wp-json\/wp\/v2\/media\/3542"}],"wp:attachment":[{"href":"https:\/\/mountlaser.com\/de\/wp-json\/wp\/v2\/media?parent=3541"}],"wp:term":[{"taxonomy":"product_brand","embeddable":true,"href":"https:\/\/mountlaser.com\/de\/wp-json\/wp\/v2\/product_brand?post=3541"},{"taxonomy":"product_cat","embeddable":true,"href":"https:\/\/mountlaser.com\/de\/wp-json\/wp\/v2\/product_cat?post=3541"},{"taxonomy":"product_tag","embeddable":true,"href":"https:\/\/mountlaser.com\/de\/wp-json\/wp\/v2\/product_tag?post=3541"}],"curies":[{"name":"wp","href":"https:\/\/api.w.org\/{rel}","templated":true}]}}